{"id":110,"date":"2015-06-11T13:49:43","date_gmt":"2015-06-11T11:49:43","guid":{"rendered":"http:\/\/www.emergentberlin.de\/?page_id=110"},"modified":"2015-09-11T11:54:20","modified_gmt":"2015-09-11T09:54:20","slug":"project-help","status":"publish","type":"page","link":"https:\/\/www.emergentberlinfest.de\/index.php\/project-help\/","title":{"rendered":"[:de] . . . \u00a0Projekthilfe[:en] . . .  Project Help Area[:tr]. . . Proje Yard\u0131m\u0131 Alan\u0131[:]"},"content":{"rendered":"<p>[:de]Willst du in Berlin ein soziales oder \u00f6kologisches Projekt starten? Oder k\u00f6nntest du Hilfe bei einem laufenden Projekt gebrauchen? Komme am <strong>Samstag von 13 &#8211; 17 Uhr<\/strong> in den Projekthilfe-Raum. Hier beraten dich:<\/p>\n<p><strong>\u2022 .garage berlin <\/strong>&#8211; Rechtsformen, Existenzgr\u00fcndung, Finanzen, Businessplan,&#8230;<br \/>\n<strong> \u2022 betterplace.org\u00a0<\/strong> &#8211; Spenden, \u00d6ffentlichkeitsarbeit, &#8230;<br \/>\n<strong> \u2022 TheChanger.org<\/strong> &#8211; Sozialunternehmen\u00a0starten<br \/>\n<strong> \u2022 Julia Beutling<\/strong> &#8211; Illustration zur Kommunikation<br \/>\n<strong> \u2022 Jonathan Leupert <\/strong>&#8211; nachhaltige Gesch\u00e4ftsmodelle, Social Entrepreneurship<strong><br \/>\n\u2022 Sabina Abdulajeva <\/strong>&#8211; pers\u00f6nliche Nachhaltigkeit bei Projekten<strong><br \/>\n<\/strong><\/p>\n<p>und um <strong>17 Uhr<\/strong> noch ein <strong>Vortrag von Julia Beutling: &#8220;Auge an Herz. Was Illustration f\u00fcr Weltretter tun kann&#8221; @ Forsberg<\/strong><\/p>\n<p>und Sabina Abdulajeva gibt am Sonntag um 15Uhr noch einen Workshop!<\/p>\n<h3><span style=\"color: #99cc00;\">Mehr Infos<\/span><\/h3>\n<p><strong>Die .garage berlin bietet Beratung zu allen &#8216;harten Fakten&#8217; &#8211; Rechtsformen,\u00a0Existenzgr\u00fcndung, Finanzen, Businessplan,&#8230;<\/strong> Die .garage\u00a0ist ein<span class=\"Apple-style-span\">\u00a0Schulungs- und Beratungsunternehmen f\u00fcr Existenzgr\u00fcndung und Unternehmensberatung zur Verbesserung der Gr\u00fcndungschancen im Berliner Raum &#8211; und ist selber ein Sozialunternehmen. \u00a0<span style=\"font-weight: 400;\">Thomas Mampel<\/span><span style=\"font-weight: 400;\">, Gr\u00fcnder und Gesch\u00e4ftsf\u00fchrer des Stadtteilzentrum Steglitz e. V. entwickelte im Jahr 2006 die Vision, nicht nur nachbarschaftliche Hilfe- und Begegnungsst\u00e4tten im Bezirk Steglitz aufzubauen, sondern auch Existenzgr\u00fcnderInnen, die ihre Abh\u00e4ngigkeit von Arbeitsagentur und Jobcenter beenden wollten, \u201eunter die Arme zu greifen\u201c.<\/span><\/span><\/p>\n<p><strong>Julia Beutling ist Illustratorin, die gerne f\u00fcr und mit Weltrettern arbeitet<\/strong>. Aber nicht nur bei Grassroots-Gruppen, sondern auch bei viel gr\u00f6\u00dferen Organisationen f\u00e4llt mir oft auf, wie wenig Illustration von ihnen verwendet wird. Dabei kann sie ideal f\u00fcr alle Arten von Aktivismus sein: h\u00f6chst effektiv, blitzschnell zu verstehen, \u00fcberall einsetzbar und vergleichsweise einfach zu produzieren (zumindest von Profis). Ich m\u00f6chte Organisationen anregen, Illustration mitzudenken, wenn sie ihre Kommunikation planen, Ideen ansto\u00dfen und ein wenig erkl\u00e4ren, wie Illustratoren arbeiten. <a href=\"http:\/\/www.juliabeutling.de\" target=\"_blank\">www.juliabeutling.de<\/a>, <a href=\"http:\/\/animalsavedtoday.tumblr.com\" target=\"_blank\">animalsavedtoday.tumblr.com<\/a><\/p>\n<p><strong>TheChanger be offering advice for people, who would like to start their own Social Enterprise and for people who already started<\/strong>, but need advice. Some of the questions we will be able to answer: Where to get funding for your Social project? how to find the right people to work for\/ with you? How to get into the sector? What business form to choose? where to set office space? etc. The Changer (<a href=\"http:\/\/www.thechanger.org\" target=\"_blank\">www.thechanger.org<\/a>) is a platform for Jobs, Events, News and Resources for effective social change.<\/p>\n<p><strong>Jonathan Leupert<\/strong> <strong>ber\u00e4t zu Entwicklung nachhaltiger Gesch\u00e4ftsmodelle, und Social Entrepreneurship.<\/strong> Jonathan studied business administration and is working with the concept of \u201cUpcycling\u201d and fashion since 2009. Fascinated by the aspect of textile waste reduction, design and developing new business models he initially co-founded aluc, which was followed by the first German blog about upcycling fashion and the first concept store entirely dedicated to this topic. Recently, Jonathan became a founding member of Fashion Revolution Germany e.V., a NGO which helps to raise awareness of the true cost of fashion. He was always inspired by people\u2019s thirst for action and loves to contribute his skills to great projects or encourage young entrepreneurs in their early stages trying to push inspiring ideas forward. Since 2015 he is working as mentor for the international mentoring project &#8220;enpact&#8221;. <a href=\"http:\/\/www.aluc.eu\" target=\"_blank\">www.aluc.eu<\/a><\/p>\n<div>\n<p><strong>Sabina Abdulajeva<\/strong> Running your own business that you can truly stand behind allows you to enter into life more intensely. It demands integrity and courage to recognise what makes you come alive, to make it into your work, and to invest into it with joy and perseverance. It asks from you to give up being safely wrapped in routines and expectations. It wakes up your vital forces and challenges you daily. \u00a0In this process you learn lots of life lessons, you grow and develop together with your project.\u00a0For this you need energy and clarity, to be healthy and ready for surprises, to give your best,\u00a0and to go forward in times of inevitable setbacks. This way of being, tuned-in with life in and around you, is what I describe as personal sustainability. It is based on physical awareness, movement and creativity in everyday life.<\/p>\n<div><a href=\"http:\/\/sabina-abdulajeva.com\/\" target=\"_blank\"><span class=\"il\">sabina<\/span>-abdulajeva.com<\/a><\/div>\n<div><a href=\"http:\/\/www.laforesta.co\/\" target=\"_blank\">www.laforesta.co<\/a><\/div>\n<\/div>\n<div><\/div>\n<div class=\"gmail_extra\"><\/div>\n<p>[:en]&nbsp;<\/p>\n<p>Are you interested in forming your own sustainable project business or need help developing the one you already have? Stop by our Project Help space on <strong>Saturday from 1pm &#8211; 5pm<\/strong>. Here you will get advice from:<\/p>\n<p><strong>\u2022 .garage berlin <\/strong>&#8211; legal forms, finances, businessplans,&#8230;<br \/>\n<strong> \u2022 betterplace.org <\/strong>&#8211; donations and public relations<br \/>\n<strong> \u2022 TheChanger.org <\/strong>&#8211; starting a social business<br \/>\n<strong> \u2022 Julia Beutling <\/strong>&#8211; using illustration for communication<br \/>\n<strong> \u2022 Jonathan Leupert &#8211;<\/strong>\u00a0sustainable business models and Social Entrepreneurship<strong><br \/>\n\u2022 Sabina Abdulajeva <\/strong>&#8211; personal sustainability in projects<\/p>\n<p>und um <strong>17 Uhr<\/strong> noch ein <strong>Vortrag von Julia Beutling: &#8220;Auge an Herz. Was Illustration f\u00fcr Weltretter tun kann&#8221; @ Forsberg<\/strong><\/p>\n<p>und Sabina Abdulajeva gibt am Sonntag um 15Uhr noch einen Workshop!<\/p>\n<h3><span style=\"color: #99cc00;\">More Infos<\/span><\/h3>\n<p><strong>The .garage berlin offers advice on all the hard fact, like\u00a0legal forms, finances, businessplans.<\/strong>.. The .garage is one of the leading coaching and advice places in Berlin for starting and running a business &#8211; and a social business itself.\u00a0<span class=\"Apple-style-span\">In 2006,\u00a0<span class=\"il\">Thomas<\/span>\u00a0Mampel, the founder and managing director of Stadtteilzentrum Steglitz e.V., developed the vision to build a neighborhood center that not only supports and encourages community engagement in the Steglizt district of Berlin, but also actively supports unemployed people with an entrepreneurial spirit to develop their own business enterprises and end their dependency on social welfare from the Arbeitsagentur and Jobcenter.\u00a0<\/span><\/p>\n<p><strong>TheChanger be offering advice for people, who would like to start their own Social Enterprise and for people who already started<\/strong>, but need advice. Some of the questions we will be able to answer: Where to get funding for your Social project? how to find the right people to work for\/ with you? How to get into the sector? What business form to choose? where to set office space? etc. The Changer (<a href=\"http:\/\/www.thechanger.org\" target=\"_blank\">www.thechanger.org<\/a>) is a platform for Jobs, Events, News and Resources for effective social change.<\/p>\n<p><strong>Julia Beutling is an an illustrator who likes to work with and for world rescuers.<\/strong> But not only with grassroots groups but also with much bigger organisations I often notice how rarely they use illustration. Yet it can be ideal for all sorts of activism: highly effective, quickly understandable, usable everywhere and comparatively easy to produce (at least by pros) . I want to encourage organisations to consider illustration when planning their communications, inspire ideas and explain a bit how illustrators work. <a href=\"http:\/\/www.juliabeutling.de\" target=\"_blank\">www.juliabeutling.de<\/a>, <a href=\"http:\/\/animalsavedtoday.tumblr.com\" target=\"_blank\">animalsavedtoday.tumblr.com<\/a><\/p>\n<p><strong>Jonathan Leupert<\/strong> <strong>will help you with developments of sustainable business models and Social Entrepreneurship.<\/strong> Jonathan studied business administration and is working with the concept of \u201cUpcycling\u201d and fashion since 2009. Fascinated by the aspect of textile waste reduction, design and developing new business models he initially co-founded aluc, which was followed by the first German blog about upcycling fashion and the first concept store entirely dedicated to this topic. Recently, Jonathan became a founding member of Fashion Revolution Germany e.V., a NGO which helps to raise awareness of the true cost of fashion. He was always inspired by people\u2019s thirst for action and loves to contribute his skills to great projects or encourage young entrepreneurs in their early stages trying to push inspiring ideas forward. Since 2015 he is working as mentor for the international mentoring project &#8220;<span class=\"Apple-style-span\">enpact<\/span>&#8220;. <a href=\"http:\/\/www.aluc.eu\" target=\"_blank\">www.aluc.eu<\/a><\/p>\n<p><strong>Sabina Abdulajeva<\/strong>\u00a0Running your own business that you can truly stand behind allows you to enter into life more intensely. It demands integrity and courage to recognise what makes you come alive, to make it into your work, and to invest into it with joy and perseverance. It asks from you to give up being safely wrapped in routines and expectations. It wakes up your vital forces and challenges you daily. \u00a0In this process you learn lots of life lessons, you grow and develop together with your project.\u00a0For this you need energy and clarity, to be healthy and ready for surprises, to give your best,\u00a0and to go forward in times of inevitable setbacks. This way of being, tuned-in with life in and around you, is what I describe as personal sustainability. It is based on physical awareness, movement and creativity in everyday life.\u00a0<a href=\"http:\/\/sabina-abdulajeva.com\/\" target=\"_blank\"><span class=\"il\">sabina<\/span>-abdulajeva.com<\/a>\u00a0<a href=\"http:\/\/www.laforesta.co\/\" target=\"_blank\">www.laforesta.co<\/a>[:tr]<a href=\"http:\/\/www.emergentberlinfest.de\/wp-content\/uploads\/2015\/06\/MKS-holdup.jpg\"><img loading=\"lazy\" decoding=\"async\" class=\" size-medium wp-image-399 alignright\" src=\"http:\/\/www.emergentberlinfest.de\/wp-content\/uploads\/2015\/06\/MKS-holdup-300x199.jpg\" alt=\"MKS-holdup\" width=\"300\" height=\"199\" srcset=\"https:\/\/www.emergentberlinfest.de\/wp-content\/uploads\/2015\/06\/MKS-holdup-300x199.jpg 300w, https:\/\/www.emergentberlinfest.de\/wp-content\/uploads\/2015\/06\/MKS-holdup-1024x678.jpg 1024w\" sizes=\"auto, (max-width: 300px) 100vw, 300px\" \/><\/a>Kendi s\u00fcrd\u00fcr\u00fclebilir projenizi ya da i\u015finizi kurmaya veya var olan projenizi geli\u015ftirmeye mi\u00a0\u00e7al\u0131\u015f\u0131yorsunuz? Festivalimizdeki Proje Yard\u0131m\u0131 Alan\u0131\u2019nda ilgili alandan ba\u015far\u0131n\u0131z i\u00e7in size\u00a0yard\u0131mc\u0131 olmak isteyenen dan\u0131\u015fmanlar, e\u011fitmenler, yat\u0131r\u0131mc\u0131lar ve organizasyonlar ile\u00a0tan\u0131\u015fabilirsiniz. Bahsi ge\u00e7en alanlar pazarlama, internet \u00fczerinden fon bulma, vergiler, i\u015f plan\u0131\u00a0geli\u015ftirme, Existenzgr\u00fcnding, konsept geli\u015ftirme, potansiyel yat\u0131r\u0131mc\u0131lar ve ortaklar bulma ve\u00a0ortak \u00e7al\u0131\u015fma mekanlar\u0131 olacakt\u0131r.<\/p>\n<p>* \u015eu ana kadar kat\u0131laca\u011f\u0131n\u0131 onaylayan organizasyonlar: <a href=\"http:\/\/www.thechanger.org\/news\/the-changer-social-startup-guide-2015\/\" target=\"_blank\">TheChanger.org <\/a>, <a href=\"http:\/\/germany.makesense.org\/\" target=\"_blank\">MakeSense.org<\/a> (Berlin), <a href=\"https:\/\/www.betterplace.org\/en\" target=\"_blank\">betterplace.org<\/a>, <a href=\"http:\/\/www.garageberlin.de\/\" target=\"_blank\">.garage berlin<\/a>, <a href=\"http:\/\/andersberater.de\/\" target=\"_blank\">andersberater<\/a>, <a href=\"http:\/\/www.the-visionaries.org\/index.php\/en\/\" target=\"_blank\">the-visionaries.org<\/a><\/p>\n<p>* Proje Yard\u0131m\u0131 Alan\u0131\u2019na kat\u0131lmak istiyorsan\u0131z l\u00fctfen \u2018<a href=\"http:\/\/www.emergentberlinfest.de\/index.php\/call-for-participation\/?lang=tr\">Kat\u0131l\u0131m \u00c7a\u011fr\u0131s\u0131<\/a>\u2019 sayfam\u0131zdaki formu\u00a0doldurunuz ve bizi yerel degisimcilere ne sekilde yardim etmek istediginiz hakkinda\u00a0bilgilendiriniz. Sorular\u0131n\u0131z ve yorumlar\u0131n\u0131z i\u00e7in l\u00fctfen emergent.berlin@gmail.com ile ileti\u015fime\u00a0ge\u00e7iniz.[:]<\/p>\n","protected":false},"excerpt":{"rendered":"<p>[:de]Willst du in Berlin ein soziales oder \u00f6kologisches Projekt starten? Oder k\u00f6nntest du Hilfe bei einem laufenden Projekt gebrauchen? Komme am Samstag von 13 &#8211; 17 Uhr in den Projekthilfe-Raum. Hier beraten dich: \u2022 .garage berlin &#8211; Rechtsformen, Existenzgr\u00fcndung, Finanzen, Businessplan,&#8230; \u2022 betterplace.org\u00a0 &#8211; Spenden, \u00d6ffentlichkeitsarbeit, &#8230; \u2022 TheChanger.org &#8211; Sozialunternehmen\u00a0starten \u2022 Julia Beutling &#8211; &hellip; <a href=\"https:\/\/www.emergentberlinfest.de\/index.php\/project-help\/\" class=\"more-link\">Continue reading <span class=\"screen-reader-text\">[:de] . . . \u00a0Projekthilfe[:en] . . .  Project Help Area[:tr]. . . Proje Yard\u0131m\u0131 Alan\u0131[:]<\/span><\/a><\/p>\n","protected":false},"author":1,"featured_media":0,"parent":0,"menu_order":0,"comment_status":"closed","ping_status":"open","template":"","meta":{"footnotes":""},"class_list":["post-110","page","type-page","status-publish","hentry"],"_links":{"self":[{"href":"https:\/\/www.emergentberlinfest.de\/index.php\/wp-json\/wp\/v2\/pages\/110","targetHints":{"allow":["GET"]}}],"collection":[{"href":"https:\/\/www.emergentberlinfest.de\/index.php\/wp-json\/wp\/v2\/pages"}],"about":[{"href":"https:\/\/www.emergentberlinfest.de\/index.php\/wp-json\/wp\/v2\/types\/page"}],"author":[{"embeddable":true,"href":"https:\/\/www.emergentberlinfest.de\/index.php\/wp-json\/wp\/v2\/users\/1"}],"replies":[{"embeddable":true,"href":"https:\/\/www.emergentberlinfest.de\/index.php\/wp-json\/wp\/v2\/comments?post=110"}],"version-history":[{"count":26,"href":"https:\/\/www.emergentberlinfest.de\/index.php\/wp-json\/wp\/v2\/pages\/110\/revisions"}],"predecessor-version":[{"id":1271,"href":"https:\/\/www.emergentberlinfest.de\/index.php\/wp-json\/wp\/v2\/pages\/110\/revisions\/1271"}],"wp:attachment":[{"href":"https:\/\/www.emergentberlinfest.de\/index.php\/wp-json\/wp\/v2\/media?parent=110"}],"curies":[{"name":"wp","href":"https:\/\/api.w.org\/{rel}","templated":true}]}}