{"id":1142,"date":"2015-09-08T23:17:25","date_gmt":"2015-09-08T21:17:25","guid":{"rendered":"http:\/\/www.emergentberlin.de\/?page_id=1142"},"modified":"2015-09-11T15:24:01","modified_gmt":"2015-09-11T13:24:01","slug":"filme-2","status":"publish","type":"page","link":"https:\/\/www.emergentberlinfest.de\/index.php\/filme-2\/","title":{"rendered":"[:de]. . . Filme[:en]. . . Films[:]"},"content":{"rendered":"<p>[:de]<\/p>\n<div>\n<p><span class=\"Apple-style-span\"><b>@Panke 14.00-18.00<\/b><\/span><span class=\"Apple-style-span\">\u00a0<\/span><\/p>\n<h3><strong>14.00 Wir k\u00f6nnten auch anders<\/strong><\/h3>\n<p><img loading=\"lazy\" decoding=\"async\" class=\" wp-image-1100 size-medium alignleft\" src=\"http:\/\/www.emergentberlinfest.de\/wp-content\/uploads\/2015\/07\/Bildschirmfoto-2015-09-08-um-16.24.01-215x300.png\" alt=\"Bildschirmfoto 2015-09-08 um 16.24.01\" width=\"215\" height=\"300\" srcset=\"https:\/\/www.emergentberlinfest.de\/wp-content\/uploads\/2015\/07\/Bildschirmfoto-2015-09-08-um-16.24.01-215x300.png 215w, https:\/\/www.emergentberlinfest.de\/wp-content\/uploads\/2015\/07\/Bildschirmfoto-2015-09-08-um-16.24.01.png 354w\" sizes=\"auto, (max-width: 215px) 100vw, 215px\" \/>eine Produktion aus dem Wedding von www.sein-im-schein.de:\u00a0Wir betreiben eine kleine Filmproduktionsfirma mit Sitz im ExRotaprint. Seit 10 Jahren machen wir Dokumentarfilme zum sozial-\u00f6kologischen (Kultur-)Wandel.<\/p>\n<p><span class=\"Apple-style-span\">\u00a0<\/span><\/p>\n<h3><span class=\"Apple-style-span\">16:00 Undune<br \/>\n<\/span><\/h3>\n<p><span class=\"Apple-style-span\"><a href=\"http:\/\/www.emergentberlinfest.de\/wp-content\/uploads\/2015\/09\/undune_poster_english_small-1.jpg\"><img loading=\"lazy\" decoding=\"async\" class=\"alignleft  wp-image-1220\" src=\"http:\/\/www.emergentberlinfest.de\/wp-content\/uploads\/2015\/09\/undune_poster_english_small-1.jpg\" alt=\"undune_poster_english_small-1\" width=\"207\" height=\"293\" \/><\/a>Undune ist ein Dokumentarfilm \u00fcber Terra Preta, F\u00e4kalien und den Mars. Terra Preta: Ein weg um fruchtbare schwarze Erde aus unseren F\u00e4kalien herzustellen. JA, F\u00e4kalien, Kot, den Faxen aus Darmstadt, wie man sie auch nennen mag, sie sind unvermeidbar, aber erstaunlicherweise nicht wertlos. In einer Mischung aus Fiktion und Dokumentarfilm widmet sich Undune diesem allt\u00e4glichen Tabu und wagt es zu fragen: Verschwenden wir den Mist wenn wir sp\u00fclen? Gibt es tats\u00e4chlich so etwas wie nutzlose Schei\u00dfe?\u00a0<a href=\"http:\/\/www.undune.de\/de\/undune-der-film\" target=\"_blank\">http:\/\/www.undune.de\/de\/undune-der-film<\/a><\/span><\/p>\n<div><\/div>\n<div><\/div>\n<div>\n<p>&nbsp;<\/p>\n<p><span class=\"Apple-style-span\"><b>@Werkloft 21.30-23.30<\/b><\/span><\/p>\n<h3><span class=\"Apple-style-span\">21.30 The True Cost<br \/>\n<\/span><\/h3>\n<\/div>\n<div><img loading=\"lazy\" decoding=\"async\" class=\"alignleft size-medium wp-image-1098\" src=\"http:\/\/www.emergentberlinfest.de\/wp-content\/uploads\/2015\/07\/11403381_107522312922715_1455586807510250812_n-300x169.jpg\" alt=\"11403381_107522312922715_1455586807510250812_n\" width=\"300\" height=\"169\" srcset=\"https:\/\/www.emergentberlinfest.de\/wp-content\/uploads\/2015\/07\/11403381_107522312922715_1455586807510250812_n-300x169.jpg 300w, https:\/\/www.emergentberlinfest.de\/wp-content\/uploads\/2015\/07\/11403381_107522312922715_1455586807510250812_n.jpg 960w\" sizes=\"auto, (max-width: 300px) 100vw, 300px\" \/><\/div>\n<div><span class=\"Apple-style-span\">This is a story about clothing. It\u2019s about the clothes we wear, the people who make them, and the impact the industry is having on our world. The price of clothing has been decreasing for decades, while the human and environmental costs have grown dramatically. The True Cost is a groundbreaking documentary film that pulls back the curtain on the untold story and asks us to consider, who really pays the price for our clothing? Filmed in countries all over the world, from the brightest runways to the darkest slums, and featuring interviews with the world\u2019s leading influencers including Stella McCartney, Livia Firth and Vandana Shiva, The True Cost is an unprecedented project that invites us on an eye opening journey around the world and into the lives of the many people and places behind our clothes. &#8211;\u00a0<\/span><\/div>\n<div><a href=\"http:\/\/truecostmovie.com\/\" target=\"_blank\">http:\/\/truecostmovie.com\/<\/a><\/div>\n<p><i>\u00a0<\/i><\/p>\n<h4>22.30 Shorts Program\u00a0<i>Die Feuertubbies; Between the Lines; Sahel Calling; Weave \u201913<\/i><\/h4>\n<div><i>\u00a0<\/i><\/div>\n<\/div>\n<p>[:en]<span class=\"Apple-style-span\"><b>@Panke 14.00-18.00<\/b><\/span><span class=\"Apple-style-span\">\u00a0<\/span><\/p>\n<h3><strong>14.00 Wir k\u00f6nnten auch anders<\/strong><\/h3>\n<p><img loading=\"lazy\" decoding=\"async\" class=\" wp-image-1100 size-medium alignleft\" src=\"http:\/\/www.emergentberlinfest.de\/wp-content\/uploads\/2015\/07\/Bildschirmfoto-2015-09-08-um-16.24.01-215x300.png\" alt=\"Bildschirmfoto 2015-09-08 um 16.24.01\" width=\"215\" height=\"300\" srcset=\"https:\/\/www.emergentberlinfest.de\/wp-content\/uploads\/2015\/07\/Bildschirmfoto-2015-09-08-um-16.24.01-215x300.png 215w, https:\/\/www.emergentberlinfest.de\/wp-content\/uploads\/2015\/07\/Bildschirmfoto-2015-09-08-um-16.24.01.png 354w\" sizes=\"auto, (max-width: 215px) 100vw, 215px\" \/>eine Produktion aus dem Wedding von www.sein-im-schein.de:\u00a0Wir betreiben eine kleine Filmproduktionsfirma mit Sitz im ExRotaprint. Seit 10 Jahren machen wir Dokumentarfilme zum sozial-\u00f6kologischen (Kultur-)Wandel.<\/p>\n<p><span class=\"Apple-style-span\">\u00a0<\/span><\/p>\n<h3><span class=\"Apple-style-span\">16:00 Undune<br \/>\n<\/span><\/h3>\n<p><span class=\"Apple-style-span\"><a href=\"http:\/\/www.emergentberlinfest.de\/wp-content\/uploads\/2015\/09\/undune_poster_english_small-1.jpg\"><img loading=\"lazy\" decoding=\"async\" class=\"alignleft  wp-image-1220\" src=\"http:\/\/www.emergentberlinfest.de\/wp-content\/uploads\/2015\/09\/undune_poster_english_small-1.jpg\" alt=\"undune_poster_english_small-1\" width=\"207\" height=\"293\" \/><\/a>Undune ist ein Dokumentarfilm \u00fcber Terra Preta, F\u00e4kalien und den Mars. Terra Preta: Ein weg um fruchtbare schwarze Erde aus unseren F\u00e4kalien herzustellen. JA, F\u00e4kalien, Kot, den Faxen aus Darmstadt, wie man sie auch nennen mag, sie sind unvermeidbar, aber erstaunlicherweise nicht wertlos. In einer Mischung aus Fiktion und Dokumentarfilm widmet sich Undune diesem allt\u00e4glichen Tabu und wagt es zu fragen: Verschwenden wir den Mist wenn wir sp\u00fclen? Gibt es tats\u00e4chlich so etwas wie nutzlose Schei\u00dfe?\u00a0<a href=\"http:\/\/www.undune.de\/de\/undune-der-film\" target=\"_blank\">http:\/\/www.undune.de\/de\/undune-der-film<\/a><\/span><\/p>\n<div><\/div>\n<div><\/div>\n<div>\n<p>&nbsp;<\/p>\n<p><span class=\"Apple-style-span\"><b>@Werkloft 21.30-23.30<\/b><\/span><\/p>\n<h3><span class=\"Apple-style-span\">21.30 The True Cost<br \/>\n<\/span><\/h3>\n<\/div>\n<div><img loading=\"lazy\" decoding=\"async\" class=\"alignleft size-medium wp-image-1098\" src=\"http:\/\/www.emergentberlinfest.de\/wp-content\/uploads\/2015\/07\/11403381_107522312922715_1455586807510250812_n-300x169.jpg\" alt=\"11403381_107522312922715_1455586807510250812_n\" width=\"300\" height=\"169\" srcset=\"https:\/\/www.emergentberlinfest.de\/wp-content\/uploads\/2015\/07\/11403381_107522312922715_1455586807510250812_n-300x169.jpg 300w, https:\/\/www.emergentberlinfest.de\/wp-content\/uploads\/2015\/07\/11403381_107522312922715_1455586807510250812_n.jpg 960w\" sizes=\"auto, (max-width: 300px) 100vw, 300px\" \/><\/div>\n<div><span class=\"Apple-style-span\">This is a story about clothing. It\u2019s about the clothes we wear, the people who make them, and the impact the industry is having on our world. The price of clothing has been decreasing for decades, while the human and environmental costs have grown dramatically. The True Cost is a groundbreaking documentary film that pulls back the curtain on the untold story and asks us to consider, who really pays the price for our clothing? Filmed in countries all over the world, from the brightest runways to the darkest slums, and featuring interviews with the world\u2019s leading influencers including Stella McCartney, Livia Firth and Vandana Shiva, The True Cost is an unprecedented project that invites us on an eye opening journey around the world and into the lives of the many people and places behind our clothes. &#8211;\u00a0<\/span><\/div>\n<div><a href=\"http:\/\/truecostmovie.com\/\" target=\"_blank\">http:\/\/truecostmovie.com\/<\/a><\/div>\n<p><i>\u00a0<\/i><\/p>\n<h4>22.30 Shorts Program\u00a0<i>Die Feuertubbies; Between the Lines; Sahel Calling; Weave \u201913<\/i><\/h4>\n<p>[:]<\/p>\n","protected":false},"excerpt":{"rendered":"<p>[:de] @Panke 14.00-18.00\u00a0 14.00 Wir k\u00f6nnten auch anders eine Produktion aus dem Wedding von www.sein-im-schein.de:\u00a0Wir betreiben eine kleine Filmproduktionsfirma mit Sitz im ExRotaprint. Seit 10 Jahren machen wir Dokumentarfilme zum sozial-\u00f6kologischen (Kultur-)Wandel. \u00a0 16:00 Undune Undune ist ein Dokumentarfilm \u00fcber Terra Preta, F\u00e4kalien und den Mars. Terra Preta: Ein weg um fruchtbare schwarze Erde aus &hellip; <a href=\"https:\/\/www.emergentberlinfest.de\/index.php\/filme-2\/\" class=\"more-link\">Continue reading <span class=\"screen-reader-text\">[:de]. . . Filme[:en]. . . Films[:]<\/span><\/a><\/p>\n","protected":false},"author":1,"featured_media":0,"parent":0,"menu_order":0,"comment_status":"open","ping_status":"open","template":"","meta":{"footnotes":""},"class_list":["post-1142","page","type-page","status-publish","hentry"],"_links":{"self":[{"href":"https:\/\/www.emergentberlinfest.de\/index.php\/wp-json\/wp\/v2\/pages\/1142","targetHints":{"allow":["GET"]}}],"collection":[{"href":"https:\/\/www.emergentberlinfest.de\/index.php\/wp-json\/wp\/v2\/pages"}],"about":[{"href":"https:\/\/www.emergentberlinfest.de\/index.php\/wp-json\/wp\/v2\/types\/page"}],"author":[{"embeddable":true,"href":"https:\/\/www.emergentberlinfest.de\/index.php\/wp-json\/wp\/v2\/users\/1"}],"replies":[{"embeddable":true,"href":"https:\/\/www.emergentberlinfest.de\/index.php\/wp-json\/wp\/v2\/comments?post=1142"}],"version-history":[{"count":5,"href":"https:\/\/www.emergentberlinfest.de\/index.php\/wp-json\/wp\/v2\/pages\/1142\/revisions"}],"predecessor-version":[{"id":1278,"href":"https:\/\/www.emergentberlinfest.de\/index.php\/wp-json\/wp\/v2\/pages\/1142\/revisions\/1278"}],"wp:attachment":[{"href":"https:\/\/www.emergentberlinfest.de\/index.php\/wp-json\/wp\/v2\/media?parent=1142"}],"curies":[{"name":"wp","href":"https:\/\/api.w.org\/{rel}","templated":true}]}}