{"id":1696,"date":"2016-08-24T22:12:17","date_gmt":"2016-08-24T20:12:17","guid":{"rendered":"http:\/\/www.emergentberlin.de\/?page_id=1696"},"modified":"2016-08-26T09:20:15","modified_gmt":"2016-08-26T07:20:15","slug":"mithelfen-2","status":"publish","type":"page","link":"https:\/\/www.emergentberlinfest.de\/index.php\/mithelfen-2\/","title":{"rendered":"[:de]Mithelfen[:en]Volunteer and Help[:]"},"content":{"rendered":"<p>[:de]Du hast Zeit ein bi\u00dfchen zu helfen? Das w\u00e4re gro\u00dfartig! Das gesamte Fest wird ehrenamtlich und ohne F\u00f6rderung organisiert, und wir freuen uns \u00fcber alle, die ein paar Stunden mitanpacken wollen. Ob jetzt w\u00e4hrend der Vorbereitungen oder am Auftaktwochenende oder w\u00e4hrend der Bau- und Festwochen im Baumhaus &#8211; schreib uns eine Email (emergent.berlin@gmail.com) und wir melden uns bei Dir![:en]You can spare some time and want to help? Awesome! The entire festival is organised by volunteers and without funding.. so if you\u00a0can help for a few hours or even want\u00a0to join the team please write us a short email (emergent.berlin@gmail.com) and we&#8217;ll contact you![:]<\/p>\n","protected":false},"excerpt":{"rendered":"<p>[:de]Du hast Zeit ein bi\u00dfchen zu helfen? Das w\u00e4re gro\u00dfartig! Das gesamte Fest wird ehrenamtlich und ohne F\u00f6rderung organisiert, und wir freuen uns \u00fcber alle, die ein paar Stunden mitanpacken wollen. Ob jetzt w\u00e4hrend der Vorbereitungen oder am Auftaktwochenende oder w\u00e4hrend der Bau- und Festwochen im Baumhaus &#8211; schreib uns eine Email (emergent.berlin@gmail.com) und wir &hellip; <a href=\"https:\/\/www.emergentberlinfest.de\/index.php\/mithelfen-2\/\" class=\"more-link\">Continue reading <span class=\"screen-reader-text\">[:de]Mithelfen[:en]Volunteer and Help[:]<\/span><\/a><\/p>\n","protected":false},"author":1,"featured_media":0,"parent":0,"menu_order":0,"comment_status":"closed","ping_status":"open","template":"","meta":{"footnotes":""},"class_list":["post-1696","page","type-page","status-publish","hentry"],"_links":{"self":[{"href":"https:\/\/www.emergentberlinfest.de\/index.php\/wp-json\/wp\/v2\/pages\/1696","targetHints":{"allow":["GET"]}}],"collection":[{"href":"https:\/\/www.emergentberlinfest.de\/index.php\/wp-json\/wp\/v2\/pages"}],"about":[{"href":"https:\/\/www.emergentberlinfest.de\/index.php\/wp-json\/wp\/v2\/types\/page"}],"author":[{"embeddable":true,"href":"https:\/\/www.emergentberlinfest.de\/index.php\/wp-json\/wp\/v2\/users\/1"}],"replies":[{"embeddable":true,"href":"https:\/\/www.emergentberlinfest.de\/index.php\/wp-json\/wp\/v2\/comments?post=1696"}],"version-history":[{"count":4,"href":"https:\/\/www.emergentberlinfest.de\/index.php\/wp-json\/wp\/v2\/pages\/1696\/revisions"}],"predecessor-version":[{"id":1726,"href":"https:\/\/www.emergentberlinfest.de\/index.php\/wp-json\/wp\/v2\/pages\/1696\/revisions\/1726"}],"wp:attachment":[{"href":"https:\/\/www.emergentberlinfest.de\/index.php\/wp-json\/wp\/v2\/media?parent=1696"}],"curies":[{"name":"wp","href":"https:\/\/api.w.org\/{rel}","templated":true}]}}