{"id":2133,"date":"2017-07-31T09:37:34","date_gmt":"2017-07-31T07:37:34","guid":{"rendered":"http:\/\/www.emergentberlin.de\/?page_id=2133"},"modified":"2017-08-22T17:09:34","modified_gmt":"2017-08-22T15:09:34","slug":"call-for-participation-de","status":"publish","type":"page","link":"https:\/\/www.emergentberlinfest.de\/index.php\/call-for-participation-de\/","title":{"rendered":"*Call for Participation (DE)*"},"content":{"rendered":"<p>* <strong>Dein Projekt vorstellen<br \/>\n<\/strong>Woran arbeitest du zur Zeit und wobei k\u00f6nntest du Unterst\u00fctzung gebrauchen? Du kannst entweder<br \/>\n(a) in 1-3 min dein Projekt kurz an einem Samstag- oder Sonntagabend vorstellen (suche dir einen Thementag aus, der zu deinem Projekt passt), oder<br \/>\n(b) bei einer &#8220;Project Session&#8221; mitmachen: hier hast du 15min Zeit f\u00fcr deine Pr\u00e4sentation, plus, gemeinsam mit maximal zwei weiteren Projekten, einen ganzen Abend f\u00fcr Gespr\u00e4che mit dem Publikum, f\u00fcr Feedback, Austausch und Ideen&#8230;<\/p>\n<p><strong>* Bei der Moderation mithelfen<\/strong><br \/>\nModerierst du gerne Gruppendiskussionen und regst Austausch an? Wir freuen uns \u00fcber Unterst\u00fctzung bei den &#8220;Collaborative Catalyst Sessions&#8221;: Gespr\u00e4che moderieren, einen Worldcaf\u00e9-Tisch betreuen etc.<\/p>\n<p><strong>* Workshops<br \/>\n<\/strong>Upcycling, Yoga, Projektmanagement, Kochen &#8230; Lass und wissen, was du gerne anderen Leuten zeigen und beibringen willst.<\/p>\n<p><strong>* Kunst<br \/>\n<\/strong>Bist du ein Jongleur, T\u00e4nzer, Musiker? Hat du einen Film f\u00fcr sozial-\u00f6kologischen Wandel gedreht? Wir freuen uns \u00fcber Performances aller Art.<\/p>\n<p><strong>* Baust und dekorierst du gerne?<br \/>\n<\/strong>Unter der Woche wird tags\u00fcber weiter der Baumhaus Projektraum ausgebaut, designt und versch\u00f6nert&#8230; komm vorbei!<\/p>\n<p><a href=\"https:\/\/docs.google.com\/forms\/d\/e\/1FAIpQLSfHokY2GP6SRQ7EZYftq-8XTcfRWDv70xwbIrVisKgsyveeHA\/viewform\" target=\"_blank\">JETZT HIER ANMELDEN<\/a><\/p>\n<p><em>Je eher ihr euch anmeldet, destso besser die Chancen dass ihr euch einen Platz sichern k\u00f6nnt. Zum Anmelden einfach das kurze Formular auf unserer Webseite ausf\u00fcllen. Wir melden uns dann bei Euch und sprechen alle Details ab.<br \/>\n<\/em><\/p>\n<p>ODER<\/p>\n<p><b>* Komm einfach vorbei!<br \/>\n<\/b>Wenn du spontan mitmachen willst, dann schau vorher einfach kurz in den <a href=\"http:\/\/www.baumhausberlin.de\/programm\/\" target=\"_blank\">Baumhauskalender<\/a>. Dort aktualisieren wir st\u00e4ndig das Programm&#8230; F\u00fcr die meisten Veranstaltungen ist keine Anmeldung notwendig, nur bei einigen Workshops gibt es limitierte Pl\u00e4tze.<\/p>\n<p>If you would like to spontaneously attend events then check the Baumhaus calendar of events as they are posted.\u00a0 Most events you can just show up for, some workshops may be limited in space and you may have to rsvp for.<\/p>\n","protected":false},"excerpt":{"rendered":"<p>* Dein Projekt vorstellen Woran arbeitest du zur Zeit und wobei k\u00f6nntest du Unterst\u00fctzung gebrauchen? Du kannst entweder (a) in 1-3 min dein Projekt kurz an einem Samstag- oder Sonntagabend vorstellen (suche dir einen Thementag aus, der zu deinem Projekt passt), oder (b) bei einer &#8220;Project Session&#8221; mitmachen: hier hast du 15min Zeit f\u00fcr deine &hellip; <a href=\"https:\/\/www.emergentberlinfest.de\/index.php\/call-for-participation-de\/\" class=\"more-link\">Continue reading <span class=\"screen-reader-text\">*Call for Participation (DE)*<\/span><\/a><\/p>\n","protected":false},"author":1,"featured_media":0,"parent":0,"menu_order":0,"comment_status":"closed","ping_status":"closed","template":"","meta":{"footnotes":""},"class_list":["post-2133","page","type-page","status-publish","hentry"],"_links":{"self":[{"href":"https:\/\/www.emergentberlinfest.de\/index.php\/wp-json\/wp\/v2\/pages\/2133","targetHints":{"allow":["GET"]}}],"collection":[{"href":"https:\/\/www.emergentberlinfest.de\/index.php\/wp-json\/wp\/v2\/pages"}],"about":[{"href":"https:\/\/www.emergentberlinfest.de\/index.php\/wp-json\/wp\/v2\/types\/page"}],"author":[{"embeddable":true,"href":"https:\/\/www.emergentberlinfest.de\/index.php\/wp-json\/wp\/v2\/users\/1"}],"replies":[{"embeddable":true,"href":"https:\/\/www.emergentberlinfest.de\/index.php\/wp-json\/wp\/v2\/comments?post=2133"}],"version-history":[{"count":9,"href":"https:\/\/www.emergentberlinfest.de\/index.php\/wp-json\/wp\/v2\/pages\/2133\/revisions"}],"predecessor-version":[{"id":2204,"href":"https:\/\/www.emergentberlinfest.de\/index.php\/wp-json\/wp\/v2\/pages\/2133\/revisions\/2204"}],"wp:attachment":[{"href":"https:\/\/www.emergentberlinfest.de\/index.php\/wp-json\/wp\/v2\/media?parent=2133"}],"curies":[{"name":"wp","href":"https:\/\/api.w.org\/{rel}","templated":true}]}}