{"id":2213,"date":"2017-08-31T14:16:57","date_gmt":"2017-08-31T12:16:57","guid":{"rendered":"http:\/\/www.emergentberlin.de\/?page_id=2213"},"modified":"2017-08-31T17:03:26","modified_gmt":"2017-08-31T15:03:26","slug":"saturday-2-9-inner-transformation-personal-sustainability","status":"publish","type":"page","link":"https:\/\/www.emergentberlinfest.de\/index.php\/saturday-2-9-inner-transformation-personal-sustainability\/","title":{"rendered":"Saturday 2.9. &#8211; Theme Day &#8220;Personal Sustainability&#8221;"},"content":{"rendered":"<div data-contents=\"true\">\n<div class=\"\" data-block=\"true\" data-editor=\"ffh61\" data-offset-key=\"33qkb-0-0\">\n<div class=\"_1mf _1mj\" data-offset-key=\"33qkb-0-0\"><a href=\"http:\/\/www.emergentberlinfest.de\/wp-content\/uploads\/2017\/08\/personal-FB-Banner.png\"><img loading=\"lazy\" decoding=\"async\" class=\"alignleft wp-image-2251 size-large\" src=\"http:\/\/www.emergentberlinfest.de\/wp-content\/uploads\/2017\/08\/personal-FB-Banner-1024x559.png\" alt=\"personal FB Banner\" width=\"660\" height=\"360\" srcset=\"https:\/\/www.emergentberlinfest.de\/wp-content\/uploads\/2017\/08\/personal-FB-Banner-1024x559.png 1024w, https:\/\/www.emergentberlinfest.de\/wp-content\/uploads\/2017\/08\/personal-FB-Banner-300x164.png 300w, https:\/\/www.emergentberlinfest.de\/wp-content\/uploads\/2017\/08\/personal-FB-Banner.png 2029w\" sizes=\"auto, (max-width: 660px) 100vw, 660px\" \/><\/a><\/div>\n<div class=\"_1mf _1mj\" data-offset-key=\"33qkb-0-0\"><span data-offset-key=\"33qkb-0-0\"><span data-text=\"true\">*auf deutsch weiter unten*<\/span><\/span><\/div>\n<\/div>\n<div class=\"\" data-block=\"true\" data-editor=\"ffh61\" data-offset-key=\"4vb6c-0-0\">\n<div class=\"_1mf _1mj\" data-offset-key=\"4vb6c-0-0\"><span data-offset-key=\"4vb6c-0-0\">\u00a0<\/span><\/div>\n<\/div>\n<div class=\"\" data-block=\"true\" data-editor=\"ffh61\" data-offset-key=\"blg0p-0-0\">\n<div class=\"_1mf _1mj\" data-offset-key=\"blg0p-0-0\"><span data-offset-key=\"blg0p-0-0\"><span data-text=\"true\">Are you interested in inner transformation as part of transition to sustainability? Are you looking to find and share ways to balance out your personal life? Do you have a project, research, ideas,&#8230;? <\/span><\/span><\/div>\n<\/div>\n<div class=\"\" data-block=\"true\" data-editor=\"ffh61\" data-offset-key=\"cfbqq-0-0\">\n<div class=\"_1mf _1mj\" data-offset-key=\"cfbqq-0-0\"><span data-offset-key=\"cfbqq-0-0\"><span data-text=\"true\">Join us for a self-organised theme day in Baumhaus project space as part of the &#8216;Emergent Berlin Festival&#8217;.<\/span><\/span><\/div>\n<\/div>\n<div class=\"\" data-block=\"true\" data-editor=\"ffh61\" data-offset-key=\"8138b-0-0\">\n<div class=\"_1mf _1mj\" data-offset-key=\"8138b-0-0\"><span data-offset-key=\"8138b-0-0\">\u00a0<\/span><\/div>\n<\/div>\n<div class=\"\" data-block=\"true\" data-editor=\"ffh61\" data-offset-key=\"9ccsk-0-0\">\n<div class=\"_1mf _1mj\" data-offset-key=\"9ccsk-0-0\"><span data-offset-key=\"9ccsk-0-0\"><span data-text=\"true\">There are 2 parts:<\/span><\/span><\/div>\n<\/div>\n<div class=\"\" data-block=\"true\" data-editor=\"ffh61\" data-offset-key=\"91mij-0-0\">\n<div class=\"_1mf _1mj\" data-offset-key=\"91mij-0-0\"><span data-offset-key=\"91mij-0-0\"><span data-text=\"true\">*** Part 1: WORKSHOP (13:00-17:00) for people, who want to get together in a smaller group to dive into conversation, moderated by Scott Bolden (more info below)<\/span><\/span><\/div>\n<\/div>\n<div class=\"\" data-block=\"true\" data-editor=\"ffh61\" data-offset-key=\"e2kbi-0-0\">\n<div class=\"_1mf _1mj\" data-offset-key=\"e2kbi-0-0\"><span data-offset-key=\"e2kbi-0-0\"><span data-text=\"true\">****** Part 2: OPEN SPACE (18:00-22:00) for everyone! \ud83d\ude42<\/span><\/span><\/div>\n<\/div>\n<div class=\"\" data-block=\"true\" data-editor=\"ffh61\" data-offset-key=\"b77ga-0-0\">\n<div class=\"_1mf _1mj\" data-offset-key=\"b77ga-0-0\"><span data-offset-key=\"b77ga-0-0\"><span data-text=\"true\">Baumhaus is open to welcome, inspire and connect you&#8230; Space for your workshops, Open Greeting Zone&#8230; At 20:00 Everyone can give a short pitch (1-3min) about what they are working or thinking on, make announcements or proposals&#8230;<\/span><\/span><\/div>\n<\/div>\n<div class=\"\" data-block=\"true\" data-editor=\"ffh61\" data-offset-key=\"4pktm-0-0\">\n<div class=\"_1mf _1mj\" data-offset-key=\"4pktm-0-0\"><span data-offset-key=\"4pktm-0-0\">\u00a0<\/span><\/div>\n<\/div>\n<div class=\"\" data-block=\"true\" data-editor=\"ffh61\" data-offset-key=\"er7q4-0-0\">\n<div class=\"_1mf _1mj\" data-offset-key=\"er7q4-0-0\"><span data-offset-key=\"er7q4-0-0\"><span data-text=\"true\">Let&#8217;s get together in an informal and cozy atmosphere to catch up with each other to exchange our thoughts, plans and questions, talk about what&#8217;s emerging in Berlin in the perspective of personal sustainability. What are the next steps we can take to support each other&#8230; If you want to present your project or offer a workshop, you can let us know before hand (info@baumhausberlin.de) so that we can save you a spot and announce your presence &#8211; or just show up and participate spontaneously.<\/span><\/span><\/div>\n<\/div>\n<div class=\"\" data-block=\"true\" data-editor=\"ffh61\" data-offset-key=\"a77k3-0-0\">\n<div class=\"_1mf _1mj\" data-offset-key=\"a77k3-0-0\"><span data-offset-key=\"a77k3-0-0\">\u00a0<\/span><\/div>\n<\/div>\n<div class=\"\" data-block=\"true\" data-editor=\"ffh61\" data-offset-key=\"clkj6-0-0\">\n<div class=\"_1mf _1mj\" data-offset-key=\"clkj6-0-0\"><span data-offset-key=\"clkj6-0-0\"><span data-text=\"true\">It&#8217;s pay-as-you-feel between 3-8\u20ac (includes tea and coffee) at the door, bring healthy snacks to share&#8230;<\/span><\/span><\/div>\n<\/div>\n<div class=\"\" data-block=\"true\" data-editor=\"ffh61\" data-offset-key=\"bc0g6-0-0\">\n<div class=\"_1mf _1mj\" data-offset-key=\"bc0g6-0-0\"><span data-offset-key=\"bc0g6-0-0\">\u00a0<\/span><\/div>\n<\/div>\n<div class=\"\" data-block=\"true\" data-editor=\"ffh61\" data-offset-key=\"2hl7c-0-0\">\n<div class=\"_1mf _1mj\" data-offset-key=\"2hl7c-0-0\"><span data-offset-key=\"2hl7c-0-0\"><span data-text=\"true\">***** 13:00-17:00 Workshop *****<\/span><\/span><\/div>\n<\/div>\n<div class=\"\" data-block=\"true\" data-editor=\"ffh61\" data-offset-key=\"7noo0-0-0\">\n<div class=\"_1mf _1mj\" data-offset-key=\"7noo0-0-0\"><span data-offset-key=\"7noo0-0-0\"><span data-text=\"true\">Creative Catalyst Session: Wondering about how to start or continue on your personal journey towards sustainability?<\/span><\/span><\/div>\n<\/div>\n<div class=\"\" data-block=\"true\" data-editor=\"ffh61\" data-offset-key=\"5fekg-0-0\">\n<div class=\"_1mf _1mj\" data-offset-key=\"5fekg-0-0\"><span data-offset-key=\"5fekg-0-0\"><span data-text=\"true\">We will spend the afternoon together actively diving into questions like: What does it mean to have balance in our lives in these ways? What are the practical steps we can help each other take along our personal journies towards living sustainable, balanced and satisfying lives?<\/span><\/span><\/div>\n<\/div>\n<div class=\"\" data-block=\"true\" data-editor=\"ffh61\" data-offset-key=\"eh8n-0-0\">\n<div class=\"_1mf _1mj\" data-offset-key=\"eh8n-0-0\"><span data-offset-key=\"eh8n-0-0\"><span data-text=\"true\">* After a brief introduction to the topic and each other, we will spend the first half of the session collaborating in small groups to help each other identify areas that we are interested in exploring more specifically.<\/span><\/span><\/div>\n<\/div>\n<div class=\"\" data-block=\"true\" data-editor=\"ffh61\" data-offset-key=\"44ba3-0-0\">\n<div class=\"_1mf _1mj\" data-offset-key=\"44ba3-0-0\"><span data-offset-key=\"44ba3-0-0\"><span data-text=\"true\">* The second half will be facilitated as a World Cafe where participants can suggest and choose the topics and methodologies that we will dive deep into. Participants are free to move between workshops and discussions.<\/span><\/span><\/div>\n<\/div>\n<div class=\"\" data-block=\"true\" data-editor=\"ffh61\" data-offset-key=\"3fll-0-0\">\n<div class=\"_1mf _1mj\" data-offset-key=\"3fll-0-0\"><span data-offset-key=\"3fll-0-0\"><span data-text=\"true\">Scott Bolden, Co-founder of the Baumhaus Berlin and developer of the &#8220;Inner Commons&#8221; framework will moderate this session. Let us know if you would like to join in as a moderator or catatalyst.<\/span><\/span><\/div>\n<\/div>\n<div class=\"\" data-block=\"true\" data-editor=\"ffh61\" data-offset-key=\"5mgl-0-0\">\n<div class=\"_1mf _1mj\" data-offset-key=\"5mgl-0-0\"><span data-offset-key=\"5mgl-0-0\"><span data-text=\"true\">*******<\/span><\/span><\/div>\n<\/div>\n<div class=\"\" data-block=\"true\" data-editor=\"ffh61\" data-offset-key=\"3ok6v-0-0\">\n<div class=\"_1mf _1mj\" data-offset-key=\"3ok6v-0-0\"><span data-offset-key=\"3ok6v-0-0\">\u00a0<\/span><\/div>\n<\/div>\n<div class=\"\" data-block=\"true\" data-editor=\"ffh61\" data-offset-key=\"9nhfc-0-0\">\n<div class=\"_1mf _1mj\" data-offset-key=\"9nhfc-0-0\"><span data-offset-key=\"9nhfc-0-0\"><span data-text=\"true\">DE<\/span><\/span><\/div>\n<\/div>\n<div class=\"\" data-block=\"true\" data-editor=\"ffh61\" data-offset-key=\"1mbnk-0-0\">\n<div class=\"_1mf _1mj\" data-offset-key=\"1mbnk-0-0\"><span data-offset-key=\"1mbnk-0-0\">\u00a0<\/span><\/div>\n<\/div>\n<div class=\"\" data-block=\"true\" data-editor=\"ffh61\" data-offset-key=\"9rcqg-0-0\">\n<div class=\"_1mf _1mj\" data-offset-key=\"9rcqg-0-0\"><span data-offset-key=\"9rcqg-0-0\"><span data-text=\"true\">Interessierst du dich f\u00fcr innere Transformation als Teils des Wandels zur Nachhaltigkeit? Arbeitest du an einem Projekt, Forschung, Ideen,..? Mach mit beim selbstorganisierten Thementag im Baumhaus Projektraum im Rahmen des &#8216;Emergent Berlin Festivals&#8217;.<\/span><\/span><\/div>\n<\/div>\n<div class=\"\" data-block=\"true\" data-editor=\"ffh61\" data-offset-key=\"9b7hl-0-0\">\n<div class=\"_1mf _1mj\" data-offset-key=\"9b7hl-0-0\"><span data-offset-key=\"9b7hl-0-0\">\u00a0<\/span><\/div>\n<\/div>\n<div class=\"\" data-block=\"true\" data-editor=\"ffh61\" data-offset-key=\"3d7aa-0-0\">\n<div class=\"_1mf _1mj\" data-offset-key=\"3d7aa-0-0\"><span data-offset-key=\"3d7aa-0-0\"><span data-text=\"true\">Es gibt 2 Teile:<\/span><\/span><\/div>\n<\/div>\n<div class=\"\" data-block=\"true\" data-editor=\"ffh61\" data-offset-key=\"94f1f-0-0\">\n<div class=\"_1mf _1mj\" data-offset-key=\"94f1f-0-0\"><span data-offset-key=\"94f1f-0-0\"><span data-text=\"true\">*** Teil 1: WORKSHOP (13:00-17:00) f\u00fcr Leute, die sich einer kleineren Gruppe austauschen und tiefer ins Gespr\u00e4ch kommen wollen, moderiert von Scott Bolden (mehr Info weiter unten)<\/span><\/span><\/div>\n<\/div>\n<div class=\"\" data-block=\"true\" data-editor=\"ffh61\" data-offset-key=\"17rmt-0-0\">\n<div class=\"_1mf _1mj\" data-offset-key=\"17rmt-0-0\"><span data-offset-key=\"17rmt-0-0\"><span data-text=\"true\">****** Teil 2: OPEN SPACE (18:00-22:00) f\u00fcr alle! \ud83d\ude42<\/span><\/span><\/div>\n<\/div>\n<div class=\"\" data-block=\"true\" data-editor=\"ffh61\" data-offset-key=\"av565-0-0\">\n<div class=\"_1mf _1mj\" data-offset-key=\"av565-0-0\"><span data-offset-key=\"av565-0-0\"><span data-text=\"true\">Das Baumhaus ist offen&#8230; Raum f\u00fcr deinen Workshop, Offene Gr\u00fc\u00dfzone&#8230; Um 20 Uhr seid ihr eingeladen, in einem kurzen Beitrag (1-3min) von euren Projekten zu erz\u00e4hlen, wor\u00fcber ihr nachdenkt, Ank\u00fcndigungen und Vorschl\u00e4ge zu machen&#8230;<\/span><\/span><\/div>\n<\/div>\n<div class=\"\" data-block=\"true\" data-editor=\"ffh61\" data-offset-key=\"5b6pp-0-0\">\n<div class=\"_1mf _1mj\" data-offset-key=\"5b6pp-0-0\"><span data-offset-key=\"5b6pp-0-0\">\u00a0<\/span><\/div>\n<\/div>\n<div class=\"\" data-block=\"true\" data-editor=\"ffh61\" data-offset-key=\"33r33-0-0\">\n<div class=\"_1mf _1mj\" data-offset-key=\"33r33-0-0\"><span data-offset-key=\"33r33-0-0\"><span data-text=\"true\">Lasst uns in gem\u00fctlicher Atmosph\u00e4re austauschen, diskutieren was sich in Berlin im Bereich pers\u00f6nliche Nachhaltigkeit gerade entwickelt, was die n\u00e4chsten Schritte sind f\u00fcr uns &#8211; individuell und kollektiv &#8211; und wie wir uns dabei unterst\u00fctzen k\u00f6nnen&#8230;<\/span><\/span><\/div>\n<\/div>\n<div class=\"\" data-block=\"true\" data-editor=\"ffh61\" data-offset-key=\"5alis-0-0\">\n<div class=\"_1mf _1mj\" data-offset-key=\"5alis-0-0\"><span data-offset-key=\"5alis-0-0\">\u00a0<\/span><\/div>\n<\/div>\n<div class=\"\" data-block=\"true\" data-editor=\"ffh61\" data-offset-key=\"br12b-0-0\">\n<div class=\"_1mf _1mj\" data-offset-key=\"br12b-0-0\"><span data-offset-key=\"br12b-0-0\"><span data-text=\"true\">Wenn du dein Projekt vorstellen oder einen kleinen Workshop o.\u00e4. anbieten willst, lass uns gerne vorher wissen (info@baumhausberlin.de), dann k\u00f6nnen wir dir einen Platz freihalten und deine Anwesenheit vorher ank\u00fcndigen. Du kannst aber auch einfach spontan vorbeikommen!<\/span><\/span><\/div>\n<\/div>\n<div class=\"\" data-block=\"true\" data-editor=\"ffh61\" data-offset-key=\"91p7v-0-0\">\n<div class=\"_1mf _1mj\" data-offset-key=\"91p7v-0-0\"><span data-offset-key=\"91p7v-0-0\">\u00a0<\/span><\/div>\n<\/div>\n<div class=\"\" data-block=\"true\" data-editor=\"ffh61\" data-offset-key=\"5cns9-0-0\">\n<div class=\"_1mf _1mj\" data-offset-key=\"5cns9-0-0\"><span data-offset-key=\"5cns9-0-0\"><span data-text=\"true\">3-8\u20ac (nach Selbsteinsch\u00e4tzung) an der T\u00fcr als Beitrag f\u00fcr die Raummiete, inkl. Tee &amp; Kaffee. Bringt gerne etwas zu essen zum Teilen mit.<\/span><\/span><\/div>\n<\/div>\n<div class=\"\" data-block=\"true\" data-editor=\"ffh61\" data-offset-key=\"74r7-0-0\">\n<div class=\"_1mf _1mj\" data-offset-key=\"74r7-0-0\"><span data-offset-key=\"74r7-0-0\">\u00a0<\/span><\/div>\n<\/div>\n<div class=\"\" data-block=\"true\" data-editor=\"ffh61\" data-offset-key=\"1shj7-0-0\">\n<div class=\"_1mf _1mj\" data-offset-key=\"1shj7-0-0\"><span data-offset-key=\"1shj7-0-0\"><span data-text=\"true\">www.emergentberlin.de<\/span><\/span><\/div>\n<\/div>\n<\/div>\n","protected":false},"excerpt":{"rendered":"<p>*auf deutsch weiter unten* \u00a0 Are you interested in inner transformation as part of transition to sustainability? Are you looking to find and share ways to balance out your personal life? Do you have a project, research, ideas,&#8230;? Join us for a self-organised theme day in Baumhaus project space as part of the &#8216;Emergent Berlin &hellip; <a href=\"https:\/\/www.emergentberlinfest.de\/index.php\/saturday-2-9-inner-transformation-personal-sustainability\/\" class=\"more-link\">Continue reading <span class=\"screen-reader-text\">Saturday 2.9. &#8211; Theme Day &#8220;Personal Sustainability&#8221;<\/span><\/a><\/p>\n","protected":false},"author":1,"featured_media":0,"parent":0,"menu_order":0,"comment_status":"closed","ping_status":"open","template":"","meta":{"footnotes":""},"class_list":["post-2213","page","type-page","status-publish","hentry"],"_links":{"self":[{"href":"https:\/\/www.emergentberlinfest.de\/index.php\/wp-json\/wp\/v2\/pages\/2213","targetHints":{"allow":["GET"]}}],"collection":[{"href":"https:\/\/www.emergentberlinfest.de\/index.php\/wp-json\/wp\/v2\/pages"}],"about":[{"href":"https:\/\/www.emergentberlinfest.de\/index.php\/wp-json\/wp\/v2\/types\/page"}],"author":[{"embeddable":true,"href":"https:\/\/www.emergentberlinfest.de\/index.php\/wp-json\/wp\/v2\/users\/1"}],"replies":[{"embeddable":true,"href":"https:\/\/www.emergentberlinfest.de\/index.php\/wp-json\/wp\/v2\/comments?post=2213"}],"version-history":[{"count":3,"href":"https:\/\/www.emergentberlinfest.de\/index.php\/wp-json\/wp\/v2\/pages\/2213\/revisions"}],"predecessor-version":[{"id":2252,"href":"https:\/\/www.emergentberlinfest.de\/index.php\/wp-json\/wp\/v2\/pages\/2213\/revisions\/2252"}],"wp:attachment":[{"href":"https:\/\/www.emergentberlinfest.de\/index.php\/wp-json\/wp\/v2\/media?parent=2213"}],"curies":[{"name":"wp","href":"https:\/\/api.w.org\/{rel}","templated":true}]}}