{"id":2216,"date":"2017-08-31T14:17:27","date_gmt":"2017-08-31T12:17:27","guid":{"rendered":"http:\/\/www.emergentberlin.de\/?page_id=2216"},"modified":"2017-08-31T17:17:54","modified_gmt":"2017-08-31T15:17:54","slug":"sunday-3-9-zero-waste-ecological-sustainability","status":"publish","type":"page","link":"https:\/\/www.emergentberlinfest.de\/index.php\/sunday-3-9-zero-waste-ecological-sustainability\/","title":{"rendered":"Sunday 3.9. &#8211; Theme &#8220;0 Waste \/ Ecological Sustainability&#8221;"},"content":{"rendered":"<div data-contents=\"true\">\n<div class=\"\" data-block=\"true\" data-editor=\"2u76p\" data-offset-key=\"9fble-0-0\">\n<div class=\"_1mf _1mj\" data-offset-key=\"9fble-0-0\"><a href=\"http:\/\/www.emergentberlinfest.de\/wp-content\/uploads\/2017\/08\/ECOLOGICAL-FB-BANNER-2.png\"><img loading=\"lazy\" decoding=\"async\" class=\"alignleft wp-image-2253 size-large\" src=\"http:\/\/www.emergentberlinfest.de\/wp-content\/uploads\/2017\/08\/ECOLOGICAL-FB-BANNER-2-1024x559.png\" alt=\"ECOLOGICAL FB BANNER 2\" width=\"660\" height=\"360\" srcset=\"https:\/\/www.emergentberlinfest.de\/wp-content\/uploads\/2017\/08\/ECOLOGICAL-FB-BANNER-2-1024x559.png 1024w, https:\/\/www.emergentberlinfest.de\/wp-content\/uploads\/2017\/08\/ECOLOGICAL-FB-BANNER-2-300x164.png 300w, https:\/\/www.emergentberlinfest.de\/wp-content\/uploads\/2017\/08\/ECOLOGICAL-FB-BANNER-2.png 2029w\" sizes=\"auto, (max-width: 660px) 100vw, 660px\" \/><\/a><\/div>\n<div class=\"_1mf _1mj\" data-offset-key=\"9fble-0-0\"><span data-offset-key=\"9fble-0-0\"><span data-text=\"true\">*deutsch weiter unten*<\/span><\/span><\/div>\n<\/div>\n<div class=\"\" data-block=\"true\" data-editor=\"2u76p\" data-offset-key=\"ccnkr-0-0\">\n<div class=\"_1mf _1mj\" data-offset-key=\"ccnkr-0-0\"><span data-offset-key=\"ccnkr-0-0\">\u00a0<\/span><\/div>\n<\/div>\n<div class=\"\" data-block=\"true\" data-editor=\"2u76p\" data-offset-key=\"e4mds-0-0\">\n<div class=\"_1mf _1mj\" data-offset-key=\"e4mds-0-0\"><span data-offset-key=\"e4mds-0-0\"><span data-text=\"true\">Are you looking to find and share ways to live in balance with nature and reduce your carbon footprint? Interested in Zero Waste?<\/span><\/span><\/div>\n<\/div>\n<div class=\"\" data-block=\"true\" data-editor=\"2u76p\" data-offset-key=\"e54h1-0-0\">\n<div class=\"_1mf _1mj\" data-offset-key=\"e54h1-0-0\"><span data-offset-key=\"e54h1-0-0\"><span data-text=\"true\">Do you have a project, research, ideas,&#8230;? Join us for a self-organised theme day in Baumhaus project space as part of the &#8216;Emergent Berlin Festival&#8217;.<\/span><\/span><\/div>\n<\/div>\n<div class=\"\" data-block=\"true\" data-editor=\"2u76p\" data-offset-key=\"5oblf-0-0\">\n<div class=\"_1mf _1mj\" data-offset-key=\"5oblf-0-0\"><span data-offset-key=\"5oblf-0-0\">\u00a0<\/span><\/div>\n<\/div>\n<div class=\"\" data-block=\"true\" data-editor=\"2u76p\" data-offset-key=\"22emp-0-0\">\n<div class=\"_1mf _1mj\" data-offset-key=\"22emp-0-0\"><span data-offset-key=\"22emp-0-0\"><span data-text=\"true\">There are 2 parts:<\/span><\/span><\/div>\n<\/div>\n<div class=\"\" data-block=\"true\" data-editor=\"2u76p\" data-offset-key=\"3bq3j-0-0\">\n<div class=\"_1mf _1mj\" data-offset-key=\"3bq3j-0-0\"><span data-offset-key=\"3bq3j-0-0\"><span data-text=\"true\">*** Part 1: WORKSHOP (13:00-17:00) for people, who want to get together in a smaller group to dive into conversation, moderated by Scott Bolden (more info below)<\/span><\/span><\/div>\n<\/div>\n<div class=\"\" data-block=\"true\" data-editor=\"2u76p\" data-offset-key=\"d4bsa-0-0\">\n<div class=\"_1mf _1mj\" data-offset-key=\"d4bsa-0-0\"><span data-offset-key=\"d4bsa-0-0\"><span data-text=\"true\">****** Part 2: OPEN SPACE (18:00-22:00) for everyone! \ud83d\ude42<\/span><\/span><\/div>\n<\/div>\n<div class=\"\" data-block=\"true\" data-editor=\"2u76p\" data-offset-key=\"f5vcv-0-0\">\n<div class=\"_1mf _1mj\" data-offset-key=\"f5vcv-0-0\"><span data-offset-key=\"f5vcv-0-0\"><span data-text=\"true\">Baumhaus is open to welcome, inspire and connect you&#8230; Space for your workshops, Open Greeting Zone&#8230; At 20:00 Everyone can give a short pitch (1-3min) about what they are working or thinking on, make announcements or proposals&#8230;<\/span><\/span><\/div>\n<\/div>\n<div class=\"\" data-block=\"true\" data-editor=\"2u76p\" data-offset-key=\"96dd8-0-0\">\n<div class=\"_1mf _1mj\" data-offset-key=\"96dd8-0-0\"><span data-offset-key=\"96dd8-0-0\">\u00a0<\/span><\/div>\n<\/div>\n<div class=\"\" data-block=\"true\" data-editor=\"2u76p\" data-offset-key=\"8441k-0-0\">\n<div class=\"_1mf _1mj\" data-offset-key=\"8441k-0-0\"><span data-offset-key=\"8441k-0-0\"><span data-text=\"true\">Let&#8217;s get together in an informal and cozy atmosphere to catch up with each other to exchange our thoughts, plans and questions, talk about what&#8217;s emerging in Berlin in the perspective of zero waste \/ ecological sustainability. What are the next steps we can take to support each other&#8230; <\/span><\/span><\/div>\n<\/div>\n<div class=\"\" data-block=\"true\" data-editor=\"2u76p\" data-offset-key=\"bkogq-0-0\">\n<div class=\"_1mf _1mj\" data-offset-key=\"bkogq-0-0\"><span data-offset-key=\"bkogq-0-0\">\u00a0<\/span><\/div>\n<\/div>\n<div class=\"\" data-block=\"true\" data-editor=\"2u76p\" data-offset-key=\"9pb86-0-0\">\n<div class=\"_1mf _1mj\" data-offset-key=\"9pb86-0-0\"><span data-offset-key=\"9pb86-0-0\"><span data-text=\"true\">If you want to present your project or offer a workshop, you can let us know before hand (info@baumhausberlin.de) so that we can save you a spot and announce your presence &#8211; or just show up and participate spontaneously.<\/span><\/span><\/div>\n<\/div>\n<div class=\"\" data-block=\"true\" data-editor=\"2u76p\" data-offset-key=\"7mkaf-0-0\">\n<div class=\"_1mf _1mj\" data-offset-key=\"7mkaf-0-0\"><span data-offset-key=\"7mkaf-0-0\">\u00a0<\/span><\/div>\n<\/div>\n<div class=\"\" data-block=\"true\" data-editor=\"2u76p\" data-offset-key=\"5m0sn-0-0\">\n<div class=\"_1mf _1mj\" data-offset-key=\"5m0sn-0-0\"><span data-offset-key=\"5m0sn-0-0\"><span data-text=\"true\">It&#8217;s pay-as-you-feel between 3-8\u20ac (includes tea and coffee) at the door, bring healthy snacks to share&#8230;<\/span><\/span><\/div>\n<\/div>\n<div class=\"\" data-block=\"true\" data-editor=\"2u76p\" data-offset-key=\"36om1-0-0\">\n<div class=\"_1mf _1mj\" data-offset-key=\"36om1-0-0\"><span data-offset-key=\"36om1-0-0\">\u00a0<\/span><\/div>\n<\/div>\n<div class=\"\" data-block=\"true\" data-editor=\"2u76p\" data-offset-key=\"cg993-0-0\">\n<div class=\"_1mf _1mj\" data-offset-key=\"cg993-0-0\"><span data-offset-key=\"cg993-0-0\"><span data-text=\"true\">***** 13:00-17:00 Workshop *****<\/span><\/span><\/div>\n<\/div>\n<div class=\"\" data-block=\"true\" data-editor=\"2u76p\" data-offset-key=\"5r5aj-0-0\">\n<div class=\"_1mf _1mj\" data-offset-key=\"5r5aj-0-0\"><span data-offset-key=\"5r5aj-0-0\"><span data-text=\"true\">Creative Catalyst Session: We will spend the afternoon together actively diving into questions like: What does it mean to live in balance with nature? How can we as individuals effectively collaborate significantly impact the major industrial polluters? What are the practical steps we can help each other take towards living zero waste lifestyles and contributing to a circular economy?<\/span><\/span><\/div>\n<\/div>\n<div class=\"\" data-block=\"true\" data-editor=\"2u76p\" data-offset-key=\"6342l-0-0\">\n<div class=\"_1mf _1mj\" data-offset-key=\"6342l-0-0\"><span data-offset-key=\"6342l-0-0\"><span data-text=\"true\">* After a brief introduction to the topic and each other, we will spend the first half of the session collaborating in small groups to help each other identify areas that we are interested in exploring more specifically.<\/span><\/span><\/div>\n<\/div>\n<div class=\"\" data-block=\"true\" data-editor=\"2u76p\" data-offset-key=\"kmci-0-0\">\n<div class=\"_1mf _1mj\" data-offset-key=\"kmci-0-0\"><span data-offset-key=\"kmci-0-0\"><span data-text=\"true\">* The second half will be facilitated as a World Cafe where participants can suggest and choose the topics and methodologies that we will dive deep into. Participants are free to move between workshops and discussions.<\/span><\/span><\/div>\n<\/div>\n<div class=\"\" data-block=\"true\" data-editor=\"2u76p\" data-offset-key=\"cvgjk-0-0\">\n<div class=\"_1mf _1mj\" data-offset-key=\"cvgjk-0-0\"><span data-offset-key=\"cvgjk-0-0\"><span data-text=\"true\">Scott Bolden, Co-founder of the Baumhaus Berlin and developer of the &#8220;Inner Commons&#8221; framework will moderate this session. Let us know if you would like to join in as a moderator or catatalyst.<\/span><\/span><\/div>\n<\/div>\n<div class=\"\" data-block=\"true\" data-editor=\"2u76p\" data-offset-key=\"6taak-0-0\">\n<div class=\"_1mf _1mj\" data-offset-key=\"6taak-0-0\"><span data-offset-key=\"6taak-0-0\"><span data-text=\"true\">*******<\/span><\/span><\/div>\n<\/div>\n<div class=\"\" data-block=\"true\" data-editor=\"2u76p\" data-offset-key=\"dv6id-0-0\">\n<div class=\"_1mf _1mj\" data-offset-key=\"dv6id-0-0\"><span data-offset-key=\"dv6id-0-0\">\u00a0<\/span><\/div>\n<\/div>\n<div class=\"\" data-block=\"true\" data-editor=\"2u76p\" data-offset-key=\"ctfkr-0-0\">\n<div class=\"_1mf _1mj\" data-offset-key=\"ctfkr-0-0\"><span data-offset-key=\"ctfkr-0-0\"><span data-text=\"true\">DE<\/span><\/span><\/div>\n<\/div>\n<div class=\"\" data-block=\"true\" data-editor=\"2u76p\" data-offset-key=\"a3oni-0-0\">\n<div class=\"_1mf _1mj\" data-offset-key=\"a3oni-0-0\"><span data-offset-key=\"a3oni-0-0\">\u00a0<\/span><\/div>\n<\/div>\n<div class=\"\" data-block=\"true\" data-editor=\"2u76p\" data-offset-key=\"735uq-0-0\">\n<div class=\"_1mf _1mj\" data-offset-key=\"735uq-0-0\"><span data-offset-key=\"735uq-0-0\"><span data-text=\"true\">Hast du ein \u00f6kologisches Projekt in Berlin? Interessierst du dich f\u00fcr Zero Waste, \u00fcberlegst wie wir unseren \u00f6kologischen Fu\u00dfabdruck reduzieren k\u00f6nnen, hast eine Idee&#8230;? Oder arbeitest k\u00fcnstlerisch zu dem Thema? Mach mit beim selbstorganisierten Thementag im Baumhaus Projektraum im Rahmen des &#8216;Emergent Berlin Festivals&#8217;.<\/span><\/span><\/div>\n<\/div>\n<div class=\"\" data-block=\"true\" data-editor=\"2u76p\" data-offset-key=\"3vuaj-0-0\">\n<div class=\"_1mf _1mj\" data-offset-key=\"3vuaj-0-0\"><span data-offset-key=\"3vuaj-0-0\">\u00a0<\/span><\/div>\n<\/div>\n<div class=\"\" data-block=\"true\" data-editor=\"2u76p\" data-offset-key=\"5d248-0-0\">\n<div class=\"_1mf _1mj\" data-offset-key=\"5d248-0-0\"><span data-offset-key=\"5d248-0-0\"><span data-text=\"true\">Es gibt 2 Teile:<\/span><\/span><\/div>\n<\/div>\n<div class=\"\" data-block=\"true\" data-editor=\"2u76p\" data-offset-key=\"c1r7s-0-0\">\n<div class=\"_1mf _1mj\" data-offset-key=\"c1r7s-0-0\"><span data-offset-key=\"c1r7s-0-0\"><span data-text=\"true\">*** Teil 1: WORKSHOP (13:00-17:00) f\u00fcr Leute, die sich einer kleineren Gruppe austauschen und tiefer ins Gespr\u00e4ch kommen wollen, moderiert von Scott Bolden (mehr Info weiter unten)<\/span><\/span><\/div>\n<\/div>\n<div class=\"\" data-block=\"true\" data-editor=\"2u76p\" data-offset-key=\"5c7n3-0-0\">\n<div class=\"_1mf _1mj\" data-offset-key=\"5c7n3-0-0\"><span data-offset-key=\"5c7n3-0-0\"><span data-text=\"true\">****** Teil 2: OPEN SPACE (18:00-22:00) f\u00fcr alle! \ud83d\ude42<\/span><\/span><\/div>\n<\/div>\n<div class=\"\" data-block=\"true\" data-editor=\"2u76p\" data-offset-key=\"dl8vd-0-0\">\n<div class=\"_1mf _1mj\" data-offset-key=\"dl8vd-0-0\"><span data-offset-key=\"dl8vd-0-0\"><span data-text=\"true\">Das Baumhaus ist offen&#8230; Raum f\u00fcr deinen Workshop, Offene Gr\u00fc\u00dfzone&#8230; Um 20 Uhr seid ihr eingeladen, in einem kurzen Beitrag (1-3min) von euren Projekten zu erz\u00e4hlen, wor\u00fcber ihr nachdenkt, Ank\u00fcndigungen und Vorschl\u00e4ge zu machen&#8230;<\/span><\/span><\/div>\n<\/div>\n<div class=\"\" data-block=\"true\" data-editor=\"2u76p\" data-offset-key=\"4qk24-0-0\">\n<div class=\"_1mf _1mj\" data-offset-key=\"4qk24-0-0\"><span data-offset-key=\"4qk24-0-0\">\u00a0<\/span><\/div>\n<\/div>\n<div class=\"\" data-block=\"true\" data-editor=\"2u76p\" data-offset-key=\"503ln-0-0\">\n<div class=\"_1mf _1mj\" data-offset-key=\"503ln-0-0\"><span data-offset-key=\"503ln-0-0\"><span data-text=\"true\">Lasst uns in gem\u00fctlicher Atmosph\u00e4re austauschen, diskutieren was sich in Berlin im Bereich Zero Waste \/ \u00f6kologische Nachhaltigkeit gerade entwickelt, was die n\u00e4chsten Schritte sind f\u00fcr uns &#8211; individuell und kollektiv &#8211; und wie wir uns dabei unterst\u00fctzen k\u00f6nnen&#8230;<\/span><\/span><\/div>\n<\/div>\n<div class=\"\" data-block=\"true\" data-editor=\"2u76p\" data-offset-key=\"fv81t-0-0\">\n<div class=\"_1mf _1mj\" data-offset-key=\"fv81t-0-0\"><span data-offset-key=\"fv81t-0-0\">\u00a0<\/span><\/div>\n<\/div>\n<div class=\"\" data-block=\"true\" data-editor=\"2u76p\" data-offset-key=\"2m9su-0-0\">\n<div class=\"_1mf _1mj\" data-offset-key=\"2m9su-0-0\"><span data-offset-key=\"2m9su-0-0\"><span data-text=\"true\">Wenn du dein Projekt vorstellen oder einen kleinen Workshop o.\u00e4. anbieten willst, lass uns gerne vorher wissen (info@baumhausberlin.de), dann k\u00f6nnen wir dir einen Platz freihalten und deine Anwesenheit vorher ank\u00fcndigen. Du kannst aber auch einfach spontan vorbeikommen!<\/span><\/span><\/div>\n<\/div>\n<div class=\"\" data-block=\"true\" data-editor=\"2u76p\" data-offset-key=\"fg2gm-0-0\">\n<div class=\"_1mf _1mj\" data-offset-key=\"fg2gm-0-0\"><span data-offset-key=\"fg2gm-0-0\">\u00a0<\/span><\/div>\n<\/div>\n<div class=\"\" data-block=\"true\" data-editor=\"2u76p\" data-offset-key=\"9d5nf-0-0\">\n<div class=\"_1mf _1mj\" data-offset-key=\"9d5nf-0-0\"><span data-offset-key=\"9d5nf-0-0\"><span data-text=\"true\">3-8\u20ac (nach Selbsteinsch\u00e4tzung) an der T\u00fcr als Beitrag f\u00fcr die Raummiete, inkl. Tee &amp; Kaffee. Bringt gerne etwas zu essen zum Teilen mit.<\/span><\/span><\/div>\n<\/div>\n<div class=\"\" data-block=\"true\" data-editor=\"2u76p\" data-offset-key=\"cd1f1-0-0\">\n<div class=\"_1mf _1mj\" data-offset-key=\"cd1f1-0-0\"><span data-offset-key=\"cd1f1-0-0\">\u00a0<\/span><\/div>\n<\/div>\n<div class=\"\" data-block=\"true\" data-editor=\"2u76p\" data-offset-key=\"fr49p-0-0\">\n<div class=\"_1mf _1mj\" data-offset-key=\"fr49p-0-0\"><span data-offset-key=\"fr49p-0-0\"><span data-text=\"true\">www.emergentberlin.de<\/span><\/span><\/div>\n<\/div>\n<\/div>\n","protected":false},"excerpt":{"rendered":"<p>*deutsch weiter unten* \u00a0 Are you looking to find and share ways to live in balance with nature and reduce your carbon footprint? Interested in Zero Waste? Do you have a project, research, ideas,&#8230;? Join us for a self-organised theme day in Baumhaus project space as part of the &#8216;Emergent Berlin Festival&#8217;. \u00a0 There are &hellip; <a href=\"https:\/\/www.emergentberlinfest.de\/index.php\/sunday-3-9-zero-waste-ecological-sustainability\/\" class=\"more-link\">Continue reading <span class=\"screen-reader-text\">Sunday 3.9. &#8211; Theme &#8220;0 Waste \/ Ecological Sustainability&#8221;<\/span><\/a><\/p>\n","protected":false},"author":1,"featured_media":0,"parent":0,"menu_order":0,"comment_status":"closed","ping_status":"open","template":"","meta":{"footnotes":""},"class_list":["post-2216","page","type-page","status-publish","hentry"],"_links":{"self":[{"href":"https:\/\/www.emergentberlinfest.de\/index.php\/wp-json\/wp\/v2\/pages\/2216","targetHints":{"allow":["GET"]}}],"collection":[{"href":"https:\/\/www.emergentberlinfest.de\/index.php\/wp-json\/wp\/v2\/pages"}],"about":[{"href":"https:\/\/www.emergentberlinfest.de\/index.php\/wp-json\/wp\/v2\/types\/page"}],"author":[{"embeddable":true,"href":"https:\/\/www.emergentberlinfest.de\/index.php\/wp-json\/wp\/v2\/users\/1"}],"replies":[{"embeddable":true,"href":"https:\/\/www.emergentberlinfest.de\/index.php\/wp-json\/wp\/v2\/comments?post=2216"}],"version-history":[{"count":4,"href":"https:\/\/www.emergentberlinfest.de\/index.php\/wp-json\/wp\/v2\/pages\/2216\/revisions"}],"predecessor-version":[{"id":2255,"href":"https:\/\/www.emergentberlinfest.de\/index.php\/wp-json\/wp\/v2\/pages\/2216\/revisions\/2255"}],"wp:attachment":[{"href":"https:\/\/www.emergentberlinfest.de\/index.php\/wp-json\/wp\/v2\/media?parent=2216"}],"curies":[{"name":"wp","href":"https:\/\/api.w.org\/{rel}","templated":true}]}}