{"id":2787,"date":"2018-10-23T12:01:30","date_gmt":"2018-10-23T10:01:30","guid":{"rendered":"http:\/\/www.emergentberlinfest.de\/?page_id=2787"},"modified":"2018-10-23T12:01:30","modified_gmt":"2018-10-23T10:01:30","slug":"immersive-welten-tote-tiere-und-alte-baume","status":"publish","type":"page","link":"https:\/\/www.emergentberlinfest.de\/index.php\/call-for-participation-2018\/immersive-welten-tote-tiere-und-alte-baume\/","title":{"rendered":"&#8230;Immersive Welten: Tote Tiere und alte B\u00e4ume"},"content":{"rendered":"<h3>Literarische Erkundungen von B\u00e4umen und ihren verschwundenen Bewohnern mit Frank Sievers und Mikael Vogel<\/h3>\n<p>\u00bbWas w\u00e4re ich ohne die B\u00e4ume gewesen? Ich w\u00e4re verloren gewesen.\u00ab B\u00e4ume sind unsere t\u00e4glichen Gef\u00e4hrten, sie leben unter uns, meist ohne dass wir sie gro\u00df wahrnehmen. Sie spenden uns Sauerstoff, Sch\u00f6nheit, Beruhigung. Und wir laufen meist einfach an ihnen vorbei. Frank Sievers Prosa erz\u00e4hlt ein menschliches Schicksal aus der Sicht der B\u00e4ume. Er gibt \u00bbseinen B\u00e4umen\u00ab Namen und Leben, berichtet vom Licht, das auf sie f\u00e4llt, vom Leid, das er in den W\u00e4ldern zu mildern versucht, von den Alltagsanekdoten, die er in ihnen erlebt, und der Verbindung zwischen Baum und Biografie.<br \/>\nVon Beruf \u00dcbersetzer, ist Frank Sievers seit f\u00fcnf Jahren f\u00fcr die Reihe Naturkunden von Matthes &amp; Seitz t\u00e4tig, f\u00fcr die er mit seinem \u00dcbersetzerfreund Andreas Jandl Werke von J.A. Baker, Robert Macfarlane und Roger Deakin ins Deutsche \u00fcbertragen hat, zuletzt Deakins \u00bbWilde W\u00e4lder\u00ab, das ma\u00dfgebliche Buch \u00fcber B\u00e4ume, Holz und W\u00e4lder und die Beziehung des Menschen zu diesen einzigartigen Wesen.<\/p>\n<p>Sechseinhalb Jahre lang ist Mikael Vogel den Spuren ausgestorbener Tierarten nachgegangen, hat ihre Pers\u00f6nlichkeiten, Habitate, Stimmen, Lebensgewohnheiten rekonstruiert, mit fast uferloser Sammlerleidenschaft eine poetische Enzyklop\u00e4die verschwundener Lebenswelten zusammengetragen. In seinem Gedichtband \u00bbDodos auf der Flucht. Requiem f\u00fcr ein verlorenes Bestiarium\u00ab, aus dem er lesen wird, n\u00e4hert Vogel sich den Arten mit dem empathischen Blick eines Naturforschers; die akribisch recherchierten Gedichte falten den sprachlichen Naturkosmos ihrer Protagonisten auf: Pflanzen, Nahrung, Federkleid, Fell, Beschreibungen von Lebensmomenten, die auf entlegene Quellen, auf gelegentlich einzige Augenzeugenberichte zur\u00fcckgehen. So entsteht ein Wissen, das die ausgestorbenen Tiere ebenso lebendig macht, wie es es ihre Verwobenheit mit ihren Lebensumgebungen wieder in Erinnerung ruft. \u00bbNichts weniger als ein epochales Werk\u00ab, urteilt Eric Giebel auf Fixpoetry; ein \u00bbPl\u00e4doyer f\u00fcr eine neue Mensch-Tier-Ethik\u00ab, so Bj\u00f6rn Hayer im Neuen Deutschland. F\u00fcr Gedichte aus dem Band ist Mikael Vogel 2016 beim Lyrikpreis Meran mit dem Medienpreis RAI S\u00fcdtirol ausgezeichnet worden.<\/p>\n<p><em>Eintritt frei, Spenden willkommen<\/em><\/p>\n","protected":false},"excerpt":{"rendered":"<p>Literarische Erkundungen von B\u00e4umen und ihren verschwundenen Bewohnern mit Frank Sievers und Mikael Vogel \u00bbWas w\u00e4re ich ohne die B\u00e4ume gewesen? Ich w\u00e4re verloren gewesen.\u00ab B\u00e4ume sind unsere t\u00e4glichen Gef\u00e4hrten, sie leben unter uns, meist ohne dass wir sie gro\u00df wahrnehmen. Sie spenden uns Sauerstoff, Sch\u00f6nheit, Beruhigung. Und wir laufen meist einfach an ihnen vorbei. &hellip; <a href=\"https:\/\/www.emergentberlinfest.de\/index.php\/call-for-participation-2018\/immersive-welten-tote-tiere-und-alte-baume\/\" class=\"more-link\">Continue reading <span class=\"screen-reader-text\">&#8230;Immersive Welten: Tote Tiere und alte B\u00e4ume<\/span><\/a><\/p>\n","protected":false},"author":1,"featured_media":2788,"parent":2346,"menu_order":0,"comment_status":"closed","ping_status":"open","template":"","meta":{"footnotes":""},"class_list":["post-2787","page","type-page","status-publish","has-post-thumbnail","hentry"],"_links":{"self":[{"href":"https:\/\/www.emergentberlinfest.de\/index.php\/wp-json\/wp\/v2\/pages\/2787","targetHints":{"allow":["GET"]}}],"collection":[{"href":"https:\/\/www.emergentberlinfest.de\/index.php\/wp-json\/wp\/v2\/pages"}],"about":[{"href":"https:\/\/www.emergentberlinfest.de\/index.php\/wp-json\/wp\/v2\/types\/page"}],"author":[{"embeddable":true,"href":"https:\/\/www.emergentberlinfest.de\/index.php\/wp-json\/wp\/v2\/users\/1"}],"replies":[{"embeddable":true,"href":"https:\/\/www.emergentberlinfest.de\/index.php\/wp-json\/wp\/v2\/comments?post=2787"}],"version-history":[{"count":1,"href":"https:\/\/www.emergentberlinfest.de\/index.php\/wp-json\/wp\/v2\/pages\/2787\/revisions"}],"predecessor-version":[{"id":2789,"href":"https:\/\/www.emergentberlinfest.de\/index.php\/wp-json\/wp\/v2\/pages\/2787\/revisions\/2789"}],"up":[{"embeddable":true,"href":"https:\/\/www.emergentberlinfest.de\/index.php\/wp-json\/wp\/v2\/pages\/2346"}],"wp:featuredmedia":[{"embeddable":true,"href":"https:\/\/www.emergentberlinfest.de\/index.php\/wp-json\/wp\/v2\/media\/2788"}],"wp:attachment":[{"href":"https:\/\/www.emergentberlinfest.de\/index.php\/wp-json\/wp\/v2\/media?parent=2787"}],"curies":[{"name":"wp","href":"https:\/\/api.w.org\/{rel}","templated":true}]}}