{"id":3127,"date":"2019-07-03T14:52:53","date_gmt":"2019-07-03T12:52:53","guid":{"rendered":"http:\/\/www.emergentberlinfest.de\/?page_id=3127"},"modified":"2019-07-03T14:53:07","modified_gmt":"2019-07-03T12:53:07","slug":"emergent-berlin-2018-2","status":"publish","type":"page","link":"https:\/\/www.emergentberlinfest.de\/index.php\/emergent-berlin-2018-2\/","title":{"rendered":"Emergent Berlin 2018"},"content":{"rendered":"<p>[:en]<\/p>\n<p style=\"text-align: left;\"><span style=\"color: #808000;\">5 &#8211; 17 November 2018<\/span><strong><br \/>\n<\/strong><\/p>\n<p><img loading=\"lazy\" decoding=\"async\" class=\"alignleft wp-image-2567 size-large\" src=\"http:\/\/www.emergentberlinfest.de\/wp-content\/uploads\/2018\/10\/emb-2018-logo-with-text-1024x559.png\" alt=\"emb 2018 logo with text\" width=\"660\" height=\"360\" srcset=\"https:\/\/www.emergentberlinfest.de\/wp-content\/uploads\/2018\/10\/emb-2018-logo-with-text-1024x559.png 1024w, https:\/\/www.emergentberlinfest.de\/wp-content\/uploads\/2018\/10\/emb-2018-logo-with-text-300x164.png 300w, https:\/\/www.emergentberlinfest.de\/wp-content\/uploads\/2018\/10\/emb-2018-logo-with-text.png 2029w\" sizes=\"auto, (max-width: 660px) 100vw, 660px\" \/><\/p>\n<p>Emergent Berlin is a crowd-sourced and self organized annual gathering of a broad mix of people &amp; projects in Berlin who are working to make the world a better place by making the world a more sustainable place.\u00a0 We actively explore sustainability from a broad range of personal, ecological, aesthetic, cultural, economic and social perspectives with 2 weeks of events, project presentations, workshops and more! <strong dir=\"ltr\"><br \/>\n<\/strong><\/p>\n<p>This year&#8217;s theme:<br \/>\n<span style=\"color: #ff9900;\">*<a style=\"color: #ff9900;\" href=\"http:\/\/www.emergentberlinfest.de\/index.php\/emergent-berlin-2018\/theme-immersive-realities\/\">i m m e r s i v e\u00a0\u00a0 r e a l i t i e s<\/a>*<\/span><\/p>\n<p><span style=\"color: #ff9900;\"><a style=\"color: #ff9900;\" href=\"http:\/\/www.emergentberlinfest.de\/index.php\/program-2\/?lang=en\">Program 2018<\/a><\/span><\/p>\n<p><em>Hosted by Verein zur F\u00f6rderung einer nachhaltigen urbanen Kultur (VFnuK) e.V. in cooperation with <a href=\"http:\/\/www.baumhausberlin.de\/en\/\" target=\"_blank\">Das Baumhaus<\/a> GbR.<br \/>\n<a href=\"http:\/\/www.baumhausberlin.de\/en\/\" target=\"_blank\"><img loading=\"lazy\" decoding=\"async\" class=\"  aligncenter wp-image-2569\" src=\"http:\/\/www.emergentberlinfest.de\/wp-content\/uploads\/2018\/10\/BaumhausLogo05_clear_back-1024x1024.png\" alt=\"BaumhausLogo05_clear_back\" width=\"144\" height=\"144\" srcset=\"https:\/\/www.emergentberlinfest.de\/wp-content\/uploads\/2018\/10\/BaumhausLogo05_clear_back-1024x1024.png 1024w, https:\/\/www.emergentberlinfest.de\/wp-content\/uploads\/2018\/10\/BaumhausLogo05_clear_back-150x150.png 150w, https:\/\/www.emergentberlinfest.de\/wp-content\/uploads\/2018\/10\/BaumhausLogo05_clear_back-300x300.png 300w\" sizes=\"auto, (max-width: 144px) 100vw, 144px\" \/><\/a><\/em>[:de]<\/p>\n<p style=\"text-align: left;\"><span style=\"color: #808000;\">5. &#8211; 17. November 2018<\/span><strong><br \/>\n<\/strong><\/p>\n<p><img loading=\"lazy\" decoding=\"async\" class=\"alignleft wp-image-2567 size-large\" src=\"http:\/\/www.emergentberlinfest.de\/wp-content\/uploads\/2018\/10\/emb-2018-logo-with-text-1024x559.png\" alt=\"emb 2018 logo with text\" width=\"660\" height=\"360\" srcset=\"https:\/\/www.emergentberlinfest.de\/wp-content\/uploads\/2018\/10\/emb-2018-logo-with-text-1024x559.png 1024w, https:\/\/www.emergentberlinfest.de\/wp-content\/uploads\/2018\/10\/emb-2018-logo-with-text-300x164.png 300w, https:\/\/www.emergentberlinfest.de\/wp-content\/uploads\/2018\/10\/emb-2018-logo-with-text.png 2029w\" sizes=\"auto, (max-width: 660px) 100vw, 660px\" \/><\/p>\n<p>Emergent Berlin ist eine selbstorganisierte j\u00e4hrliche Zusammenkunft von einem bunten Mix aus Personen &#038; Projekten in Berlin, die sich f\u00fcr eine bessere, nachhaltigere Welt einsetzen. Wir erforschen gemeinsam Nachhaltigkeit aus einem breiten Spektrum an pers\u00f6nlichen, \u00f6kologischen, \u00e4sthetischen, kulturellen, \u00f6konomischen und sozialen Perspektiven &#8211; &#8216;crowdsourced&#8217;, mit 2 Wochen voller Treffen, Projektpr\u00e4sentationen, Workshops und mehr!<\/p>\n<p class=\"wpview-selection-before\">\n<p class=\"wpview-selection-after\">\n<p>Dieses Jahr mit dem Schwerpunkt-Thema:<br \/>\n<span style=\"color: #ff9900;\">*<a style=\"color: #ff9900;\" href=\"http:\/\/www.emergentberlinfest.de\/index.php\/emergent-berlin-2018\/theme-immersive-realities\/\">i m m e r s i v e\u00a0\u00a0 r e a l i t i e s<\/a>*<\/span><\/p>\n<p><span style=\"color: #ff9900;\"><a style=\"color: #ff9900;\" href=\"http:\/\/www.emergentberlinfest.de\/index.php\/program-2\/?lang=de\">Programm 2018<\/a><\/span><\/p>\n<p><em>Verein zur F\u00f6rderung einer nachhaltigen urbanen Kultur (VFnuK) e.V. in Kooperation mit <a href=\"http:\/\/www.baumhausberlin.de\/en\/\" target=\"_blank\">Das Baumhaus<\/a> GbR.<br \/>\n<a href=\"http:\/\/www.baumhausberlin.de\/en\/\" target=\"_blank\"><img loading=\"lazy\" decoding=\"async\" class=\"  aligncenter wp-image-2569\" src=\"http:\/\/www.emergentberlinfest.de\/wp-content\/uploads\/2018\/10\/BaumhausLogo05_clear_back-1024x1024.png\" alt=\"BaumhausLogo05_clear_back\" width=\"144\" height=\"144\" srcset=\"https:\/\/www.emergentberlinfest.de\/wp-content\/uploads\/2018\/10\/BaumhausLogo05_clear_back-1024x1024.png 1024w, https:\/\/www.emergentberlinfest.de\/wp-content\/uploads\/2018\/10\/BaumhausLogo05_clear_back-150x150.png 150w, https:\/\/www.emergentberlinfest.de\/wp-content\/uploads\/2018\/10\/BaumhausLogo05_clear_back-300x300.png 300w\" sizes=\"auto, (max-width: 144px) 100vw, 144px\" \/><\/a><\/em>[:]<\/p>\n","protected":false},"excerpt":{"rendered":"<p>[:en] 5 &#8211; 17 November 2018 Emergent Berlin is a crowd-sourced and self organized annual gathering of a broad mix of people &amp; projects in Berlin who are working to make the world a better place by making the world a more sustainable place.\u00a0 We actively explore sustainability from a broad range of personal, ecological, &hellip; <a href=\"https:\/\/www.emergentberlinfest.de\/index.php\/emergent-berlin-2018-2\/\" class=\"more-link\">Continue reading <span class=\"screen-reader-text\">Emergent Berlin 2018<\/span><\/a><\/p>\n","protected":false},"author":1,"featured_media":0,"parent":0,"menu_order":0,"comment_status":"closed","ping_status":"closed","template":"","meta":{"footnotes":""},"class_list":["post-3127","page","type-page","status-publish","hentry"],"_links":{"self":[{"href":"https:\/\/www.emergentberlinfest.de\/index.php\/wp-json\/wp\/v2\/pages\/3127","targetHints":{"allow":["GET"]}}],"collection":[{"href":"https:\/\/www.emergentberlinfest.de\/index.php\/wp-json\/wp\/v2\/pages"}],"about":[{"href":"https:\/\/www.emergentberlinfest.de\/index.php\/wp-json\/wp\/v2\/types\/page"}],"author":[{"embeddable":true,"href":"https:\/\/www.emergentberlinfest.de\/index.php\/wp-json\/wp\/v2\/users\/1"}],"replies":[{"embeddable":true,"href":"https:\/\/www.emergentberlinfest.de\/index.php\/wp-json\/wp\/v2\/comments?post=3127"}],"version-history":[{"count":2,"href":"https:\/\/www.emergentberlinfest.de\/index.php\/wp-json\/wp\/v2\/pages\/3127\/revisions"}],"predecessor-version":[{"id":3129,"href":"https:\/\/www.emergentberlinfest.de\/index.php\/wp-json\/wp\/v2\/pages\/3127\/revisions\/3129"}],"wp:attachment":[{"href":"https:\/\/www.emergentberlinfest.de\/index.php\/wp-json\/wp\/v2\/media?parent=3127"}],"curies":[{"name":"wp","href":"https:\/\/api.w.org\/{rel}","templated":true}]}}