{"id":3157,"date":"2019-07-04T13:29:53","date_gmt":"2019-07-04T11:29:53","guid":{"rendered":"http:\/\/www.emergentberlinfest.de\/?page_id=3157"},"modified":"2019-10-01T10:04:42","modified_gmt":"2019-10-01T08:04:42","slug":"theme-2019","status":"publish","type":"page","link":"https:\/\/www.emergentberlinfest.de\/index.php\/theme-2019\/","title":{"rendered":"[:en] \/ Theme 2019[:de] \/ Thema 2019[:]"},"content":{"rendered":"<p>[:en]<\/p>\n<h2><span style=\"color: #ff6600;\">* I m m e r s i v e\u00a0\u00a0 R e a l i t i e s\u00a0 II * places &amp; spaces<\/span><\/h2>\n<p><span style=\"color: #808000;\"><strong>i m m e r s i v e : tending to fully dive into, to engage deeply<\/strong><\/span><br \/>\n<span style=\"color: #808000;\"><strong> r e a l i t y : the state of things as they actually exist<\/strong><\/span><\/p>\n<p><strong>Continuing last year&#8217;s theme, this year&#8217;s Emergent Berlin 2019 sets out to explore &#8220;the art of resonant place-&amp; space-making&#8221; in connection with the notion of creating immersive realities.<br \/>\n<\/strong><\/p>\n<p>The notion of *immersive realities* was sparked by considering the balance between the amount of time we spend communicating, connecting and interacting in the real world versus time in the virtual, augmented, remote and digital worlds in our personal and professional lives. <strong>F<\/strong><strong>or further catalyzing transformation towards sustainability, we urgently need to be more immersed in the embodied experiences of the \u2018real\u2019 reality.<\/strong> And it\u2019s within moments of being immersed in balanced relationships to ourselves, each other and the world, that we can realize a deeper understanding of and deeper engagement with acting sustainably. How can we create more resonant and meaningful experiences of sustainability in the city?<\/p>\n<p><strong>So with this year&#8217;s festival, we invite you to join us in exploring how to activate places &amp; spaces to provide those opportunities for a more embodied experience of sustainability. <span style=\"color: #ff6600;\">Everybody is invited to contribute, present initiatives, share ideas and skills and join the conversation!<\/span><\/strong>[:de]<\/p>\n<h2><span style=\"color: #ff6600;\">* I m m e r s i v e\u00a0\u00a0 R e a l i t i e s\u00a0 II * places &amp; spaces<\/span><\/h2>\n<p><span style=\"color: #808000;\"><strong>i m m e r s i v e : die Tendenz, in etwas vollst\u00e4ndig einzutauchen<\/strong><strong><br \/>\nr e a l i t y : der Zustand der Dinge, wie sie tats\u00e4chlich existieren<\/strong><\/span><\/p>\n<p><strong>Mit Emergent Berlin 2019 legen wir den Schwerpunkt auf &#8220;die Kunst des Orte &amp; R\u00e4ume &#8211; Schaffens&#8221;, in Verbindung mit der Frage vom letzten Jahr: der Frage nach immersiven Erfahrungsr\u00e4umen.<\/strong><\/p>\n<p>Die Idee zu \u201eimmersive realities\u201c als Thema entstand, als wir das Verh\u00e4ltnis zwischen der Zeit betrachtet haben, die wir kommunizierend, verbindend und interagierend in der realen Welt verbringen vs. der Zeit in den virtuellen, \u201aaugmented\u2018 (erweiterten), entfernten und digitalen Welten unserer pers\u00f6nlichen und professionellen Leben. <strong>Um die Transformation zur Nachhaltigkeit weiter voranzutreiben, m\u00fcssen wir mehr in der k\u00f6rperlichen, erlebbaren, \u201arealen\u2018 Realit\u00e4t sein.<\/strong> Und es sind Momente, in denen wir in ausgewogene, resonante Beziehungen zu uns selber, zu anderen und zur Welt eingetaucht sind, die uns ein tieferes Verstehen und tieferes Engagement f\u00fcr nachhaltiges Handeln realisieren lassen. Wie k\u00f6nnen wir mehr resonante, sinnvolle Erfahrungen von Nachhaltigkeit in Berlin schaffen?<\/p>\n<p style=\"margin: .1pt 0cm .1pt 0cm;\"><strong>Wir laden ein, beim diesj\u00e4hrige Emergent Berlin genauer hinzuschauen und gemeinsam zu forschen, wie wir in Orten &amp; R\u00e4umen Erfahrungen von Nachhaltigkeit erm\u00f6glichen k\u00f6nnen.<\/strong> <span style=\"color: #ff6600;\"><strong>Alle sind eingeladen etwas beizutragen: Projekte vorstellen, Ideen und F\u00e4higkeiten teilen,.. wir freuen uns auf eure Perspektiven und Gedanken!<br \/>\n<\/strong><\/span><\/p>\n<p>[:]<\/p>\n","protected":false},"excerpt":{"rendered":"<p>[:en] * I m m e r s i v e\u00a0\u00a0 R e a l i t i e s\u00a0 II * places &amp; spaces i m m e r s i v e : tending to fully dive into, to engage deeply r e a l i t y : the state of things &hellip; <a href=\"https:\/\/www.emergentberlinfest.de\/index.php\/theme-2019\/\" class=\"more-link\">Continue reading <span class=\"screen-reader-text\">[:en] \/ Theme 2019[:de] \/ Thema 2019[:]<\/span><\/a><\/p>\n","protected":false},"author":1,"featured_media":0,"parent":0,"menu_order":0,"comment_status":"closed","ping_status":"open","template":"","meta":{"footnotes":""},"class_list":["post-3157","page","type-page","status-publish","hentry"],"_links":{"self":[{"href":"https:\/\/www.emergentberlinfest.de\/index.php\/wp-json\/wp\/v2\/pages\/3157","targetHints":{"allow":["GET"]}}],"collection":[{"href":"https:\/\/www.emergentberlinfest.de\/index.php\/wp-json\/wp\/v2\/pages"}],"about":[{"href":"https:\/\/www.emergentberlinfest.de\/index.php\/wp-json\/wp\/v2\/types\/page"}],"author":[{"embeddable":true,"href":"https:\/\/www.emergentberlinfest.de\/index.php\/wp-json\/wp\/v2\/users\/1"}],"replies":[{"embeddable":true,"href":"https:\/\/www.emergentberlinfest.de\/index.php\/wp-json\/wp\/v2\/comments?post=3157"}],"version-history":[{"count":26,"href":"https:\/\/www.emergentberlinfest.de\/index.php\/wp-json\/wp\/v2\/pages\/3157\/revisions"}],"predecessor-version":[{"id":3325,"href":"https:\/\/www.emergentberlinfest.de\/index.php\/wp-json\/wp\/v2\/pages\/3157\/revisions\/3325"}],"wp:attachment":[{"href":"https:\/\/www.emergentberlinfest.de\/index.php\/wp-json\/wp\/v2\/media?parent=3157"}],"curies":[{"name":"wp","href":"https:\/\/api.w.org\/{rel}","templated":true}]}}