{"id":316,"date":"2015-07-14T17:39:16","date_gmt":"2015-07-14T15:39:16","guid":{"rendered":"http:\/\/www.emergentberlin.de\/?page_id=316"},"modified":"2015-09-11T20:44:26","modified_gmt":"2015-09-11T18:44:26","slug":"oasis","status":"publish","type":"page","link":"https:\/\/www.emergentberlinfest.de\/index.php\/oasis\/","title":{"rendered":"[:de]. . . Oase[:en]. . . Oasis[:]"},"content":{"rendered":"<p>[:de]&#8230; ausatmen \u2013 auftanken \u2013 f\u00fchlen \u2013 erz\u00e4hlen \u00ad begegnen \u2013\u00a0Augen schlie\u00dfen \u00ad eintauchen \u2013 austauschen \u00ad h\u00f6ren \u2013\u00a0ankommen &#8230;<\/p>\n<p>&#8230;. zieh die Schuhe aus und lass dich verzaubern! Die Oase\u00a0ist ein Ort um die Seele baumeln zu lassen. Hier ist Raum f\u00fcr\u00a0eine Tasse Tee, Geschichtenerz\u00e4hler, Einh\u00f6rner,\u00a0K\u00f6rperarbeit, Zauberer, Musiker*innen und vieles mehr &#8230;\u00a0komm rein, h\u00f6re zu oder massiere die F\u00fc\u00dfe deiner neuen\u00a0besten Freundin &#8230;<\/p>\n<p><strong>\u2022 11 Uhr Lachyoga<\/strong><br \/>\n<strong>\u2022 13 Uhr Alexis Flow (Singer Songwriter)<\/strong><br \/>\n<strong>\u2022 14 Uhr TATU TEATRO Musiktheater aus Uruguay <\/strong>(<a href=\"http:\/\/www.emergentberlinfest.de\/index.php\/musik-film-party\/\">Info<\/a>)<br \/>\n<strong>\u2022 15 Uhr liederatin k\u00c4t <\/strong>(<a href=\"http:\/\/www.emergentberlinfest.de\/index.php\/musik-film-party\/\">Info<\/a>)<br \/>\n<strong>\u2022 16.45 Uhr Agi Lovasz\u00a0<\/strong>(<a href=\"http:\/\/www.emergentberlinfest.de\/index.php\/musik-film-party\/\">Info<\/a>)<br \/>\n<strong>\u2022 17.00 Uhr Mita<\/strong><\/p>\n<h5><\/h5>\n<p>[:en]&#8230; breathe\u00a0\u2013 recharge\u2013 sense \u2013 tell \u2013 meet \u2013 shut your eyes \u2013\u00a0dive in \u2013 exchange \u2013 listen \u2013 arrive &#8230;<\/p>\n<p>&#8230; take off your shoes and be enchanted. \u00a0The oasis is the heart\u00a0space of the festival, where you can relax and meet others with\u00a0all your senses. This is the space for a cup of tea, magicians,\u00a0storytellers, unicorns, musicians &#8230; come in and listen &#8230; enjoy a\u00a0massage &#8230;<\/p>\n<p><strong>\u2022 11am\u00a0Lachyoga<\/strong><br \/>\n<strong>\u2022 1pm\u00a0Alexis Flow (Singer Songwriter)<\/strong><br \/>\n<strong>\u2022 2\u00a0&amp; 4pm\u00a0TATU TEATRO Musiktheater aus Uruguay <\/strong>(more info <a href=\"http:\/\/www.emergentberlinfest.de\/index.php\/musik-film-party\/\">here<\/a>)<br \/>\n<strong>\u2022 3pm\u00a0liederatin k\u00c4t <\/strong>(more info <a href=\"http:\/\/www.emergentberlinfest.de\/index.php\/musik-film-party\/\">here<\/a>)<br \/>\n<strong>\u2022 4.45 pm\u00a0Agi Lovasz\u00a0<\/strong>(more info\u00a0<a href=\"http:\/\/www.emergentberlinfest.de\/index.php\/musik-film-party\/\">here<\/a>)<br \/>\n<strong>\u2022 5 pm Mita<\/strong>[:]<\/p>\n","protected":false},"excerpt":{"rendered":"<p>[:de]&#8230; ausatmen \u2013 auftanken \u2013 f\u00fchlen \u2013 erz\u00e4hlen \u00ad begegnen \u2013\u00a0Augen schlie\u00dfen \u00ad eintauchen \u2013 austauschen \u00ad h\u00f6ren \u2013\u00a0ankommen &#8230; &#8230;. zieh die Schuhe aus und lass dich verzaubern! Die Oase\u00a0ist ein Ort um die Seele baumeln zu lassen. Hier ist Raum f\u00fcr\u00a0eine Tasse Tee, Geschichtenerz\u00e4hler, Einh\u00f6rner,\u00a0K\u00f6rperarbeit, Zauberer, Musiker*innen und vieles mehr &#8230;\u00a0komm rein, h\u00f6re &hellip; <a href=\"https:\/\/www.emergentberlinfest.de\/index.php\/oasis\/\" class=\"more-link\">Continue reading <span class=\"screen-reader-text\">[:de]. . . Oase[:en]. . . Oasis[:]<\/span><\/a><\/p>\n","protected":false},"author":1,"featured_media":0,"parent":0,"menu_order":0,"comment_status":"open","ping_status":"open","template":"","meta":{"footnotes":""},"class_list":["post-316","page","type-page","status-publish","hentry"],"_links":{"self":[{"href":"https:\/\/www.emergentberlinfest.de\/index.php\/wp-json\/wp\/v2\/pages\/316","targetHints":{"allow":["GET"]}}],"collection":[{"href":"https:\/\/www.emergentberlinfest.de\/index.php\/wp-json\/wp\/v2\/pages"}],"about":[{"href":"https:\/\/www.emergentberlinfest.de\/index.php\/wp-json\/wp\/v2\/types\/page"}],"author":[{"embeddable":true,"href":"https:\/\/www.emergentberlinfest.de\/index.php\/wp-json\/wp\/v2\/users\/1"}],"replies":[{"embeddable":true,"href":"https:\/\/www.emergentberlinfest.de\/index.php\/wp-json\/wp\/v2\/comments?post=316"}],"version-history":[{"count":24,"href":"https:\/\/www.emergentberlinfest.de\/index.php\/wp-json\/wp\/v2\/pages\/316\/revisions"}],"predecessor-version":[{"id":1287,"href":"https:\/\/www.emergentberlinfest.de\/index.php\/wp-json\/wp\/v2\/pages\/316\/revisions\/1287"}],"wp:attachment":[{"href":"https:\/\/www.emergentberlinfest.de\/index.php\/wp-json\/wp\/v2\/media?parent=316"}],"curies":[{"name":"wp","href":"https:\/\/api.w.org\/{rel}","templated":true}]}}