{"id":3182,"date":"2019-07-05T13:11:28","date_gmt":"2019-07-05T11:11:28","guid":{"rendered":"http:\/\/www.emergentberlinfest.de\/?page_id=3182"},"modified":"2019-10-09T23:09:34","modified_gmt":"2019-10-09T21:09:34","slug":"program-2019","status":"publish","type":"page","link":"https:\/\/www.emergentberlinfest.de\/index.php\/program-2019\/","title":{"rendered":"[:en] \/ PROGRAM 2019[:de] \/ PROGRAMM 2019[:]"},"content":{"rendered":"<p>[:en]<\/p>\n<p dir=\"ltr\"><strong><span style=\"color: #808000;\"><span style=\"color: #000000;\">10 day<\/span><\/span><span style=\"color: #808000;\"><span style=\"color: #000000;\">s of events, project presentations, workshops and more!<\/span><\/span> We&#8217;re happy to have a new cooperation partner: the Open Source Circular Economy Days (OSCEdays) Berlin, who will open this year&#8217;s festival&#8230; <span style=\"color: #808000;\"><span style=\"color: #000000;\">Everyone is welcome. Come by! <\/span><br \/>\n<\/span><\/strong><\/p>\n<h1 dir=\"ltr\"><span style=\"color: #808000;\"><span style=\"color: #ff6600;\">October 12 &amp; 13:<\/span> <a style=\"color: #ff6600;\" href=\"http:\/\/www.emergentberlinfest.de\/index.php\/oscedays-berlin-2019\/\" target=\"_blank\">OSCEdays Berlin 2019 &#8220;0 Waste Kiez&#8221;<\/a><\/span><\/h1>\n<h4><strong>Saturday, Oct. 12<\/strong><\/h4>\n<p>9:00 Doors open &amp; breakfast<br \/>\n<strong>10:00 &#8211; 12:00 Talks: <\/strong>Dina (Circular Berlin), <strong>\u201eZero Waste Cities &amp; Districts: Best Practices from around the Globe\u201c, <\/strong>Laura (Zero Waste Your Life), <strong>\u201eZero Waste Veranstaltungen\u201c, <\/strong>Lars (Mifactori), <strong>\u201eHack My Klimastra\u00dfe\u201c, <\/strong>Coral (Zero Waste Berlin International), <strong>\u201eZero Waste Berlin International\u201c, <\/strong>Ken (Ken Rostand, Kunststoffschiede), <strong>\u201eThe Circular Plastic Future: from local plastic collection to new freshly baked products\u201c, <\/strong>Gabriella (Gabriella Gyori), <strong>\u201eNachhaltige zirkul\u00e4re Lieferketten\/Circular Supply Chains\u201c, <\/strong>Samim &amp; Felix (Ecospace.Net), <strong>&#8220;Distributed Composting vs Food Waste&#8221;, <\/strong>Tristan Biere (Space Digger, Urbane Liga), <strong>\u201eStadt von unten \u2013 Best Practices\u201c, <\/strong>tba (<em>tba<\/em>), <strong>\u201eInklusion\u201c<\/strong><br \/>\n12:00 &#8211; 13:00 Lunch<br \/>\n13:00 &#8211; 18:00 Sessions, Unconference, Workshops<br \/>\n18:00 Abendprogramm<strong><br \/>\n<\/strong><\/p>\n<h4><strong>Sunday, Oct. 13<\/strong><\/h4>\n<p>11:00 &#8211; 15:00 Circularity Brunch<br \/>\n<strong>14:00 &#8211; 17:00 Workshops: <\/strong>Maike Majewski:<strong> Zirkul\u00e4rer Saft, <\/strong>Mifactori\/Lars Zimmermann:<strong> Hack My Kiez Circular &#8211; Street Art f\u00fcr Nachhaltigkeit, <\/strong>Textilhafen: <strong>Textilien und Kreisl\u00e4ufe, <\/strong>Zero Waste e.V.:<strong> Zero Waste Basics im Alltag<\/strong><\/p>\n<p><a href=\"https:\/\/hackmd.io\/FQBzT-YKTgqIfj4KKaChBA\" target=\"_blank\">OSCEdays Berlin 2019 PROGRAM IN DETAIL HERE<\/a><\/p>\n<h1 dir=\"ltr\"><span style=\"color: #808000;\"><span style=\"color: #ff6600;\">October 14 &#8211; 20: Emergent Berlin Fest 2019<\/span><br \/>\n<\/span><\/h1>\n<h4><a href=\"http:\/\/www.emergentberlinfest.de\/index.php\/monday-october-14-2019\/\"><strong><span style=\"color: #808000;\">Monday, Oct. 14<\/span> <\/strong><\/a><\/h4>\n<p>\u2022 18:00 Doors open<br \/>\n\u2022 <strong>19:00 Urban Permaculture Design Workshop<\/strong> (back room)<br \/>\n\u2022 <strong>19:00 Project Presentations <\/strong>(front room): <span class=\"fsl\" data-testid=\"event-permalink-details\">Jessica B\u00f6hme: <\/span><strong>The Phenomena of Emergence \/ CoCreationLoft, <\/strong><span class=\"fsl\" data-testid=\"event-permalink-details\">Magdalena Dabkowska: <strong>Promoting Personal Sustainability Through University Teaching, <\/strong><span class=\"text_exposed_show\">Karen Wohlert: <strong>Emergence of, in &amp; around Baumhaus, <\/strong>Michael Sp\u00f6rlein: <strong>Wilde 17 Gemeinschaftsgarten<\/strong>, Zinnia Nomura: <strong>Mami Wata: the 20m floating body-mind-laboratory<\/strong><br \/>\n<a href=\"http:\/\/www.emergentberlinfest.de\/index.php\/monday-october-14-2019\/\">\u00a0IN DETAIL<\/a><br \/>\n<\/span><\/span><\/p>\n<h4><span style=\"color: #808000;\"><a style=\"color: #808000;\" href=\"http:\/\/www.emergentberlinfest.de\/index.php\/tuesday-october-15-2019\/\"><strong>Tuesday, Oct. 15 <\/strong><\/a><\/span><\/h4>\n<p><em>trim tab collective\u00b4s action night<\/em><br \/>\n\u2022 18:00 Doors open<br \/>\n<strong>\u2022 19:00 Fermentation Workshop<br \/>\n<\/strong><a href=\"http:\/\/www.emergentberlinfest.de\/index.php\/tuesday-october-15-2019\/\">IN DETAIL<\/a><strong><br \/>\n<\/strong><\/p>\n<h4><a href=\"http:\/\/www.emergentberlinfest.de\/index.php\/wednesday-october-16-2019\/\"><span style=\"color: #808000;\"><strong>Wednesday, Oct. 16<\/strong><\/span><\/a><\/h4>\n<p>\u2022 18:00 Doors open<br \/>\n<strong>\u2022 19:00 Workshop &#8211; Intuitive Painting <\/strong>(back room)<br \/>\n<strong>\u2022 19:00 Project Presentations: <\/strong><span class=\"fsl\" data-testid=\"event-permalink-details\">Maia Frazier <strong>Back to the Roots Stories, <\/strong>Anna Herzog <strong>Rebellion f\u00fcr das Leben &#8211; in Aktion mit Extinction Rebellion Berlin<\/strong><span class=\"text_exposed_show\">, (tba) <strong>Bits &amp; B\u00e4ume Berlin Stammtisch, <\/strong>Oliver Juan <strong>The \u201cI-opener\u201d project, <\/strong>Scott Bolden, Baumhaus <strong>P.E.A.C.E.S.<\/strong>, (tba) <strong>SuperCoop Berlin<\/strong><br \/>\n<a href=\"http:\/\/www.emergentberlinfest.de\/index.php\/wednesday-october-16-2019\/\">IN DETAIL<\/a><br \/>\n<\/span><\/span><\/p>\n<h4><span style=\"color: #808000;\"><strong><a style=\"color: #808000;\" href=\"http:\/\/www.emergentberlinfest.de\/index.php\/thursday-october-17-2019\/\">Thursday, Oct. 17<\/a><\/strong><\/span><\/h4>\n<p><em>Baumhaus\u00b4 Community Networking Night<\/em><br \/>\n\u2022 18:00 Doors open, join cooking<br \/>\n\u2022<strong> 18:30 Workshop &#8211; FLOW, a connective musical meditation experience<\/strong><br \/>\n\u2022 20:00 Community Dinner<br \/>\n\u2022 21:00 News u can use \/ quick pitches<br \/>\n<strong>\u2022 21:45 Workshop &#8211; FLOW, a connective musical meditation experience<br \/>\n<\/strong><a href=\"http:\/\/www.emergentberlinfest.de\/index.php\/thursday-october-17-2019\/\">IM DETAIL<\/a><strong><br \/>\n<\/strong><\/p>\n<h4><a href=\"http:\/\/www.emergentberlinfest.de\/index.php\/friday-october-18-2019\/\"><strong><span style=\"color: #808000;\">Friday, Oct. 18<\/span> <\/strong><\/a><\/h4>\n<p>\u2022 18:00 Doors open<br \/>\n<strong>\u2022 19:00 Workshop: Designing New Spaces for Sustainability in Berlin<\/strong><br \/>\n<strong>\u2022 19:00 Project Presentations (front room):<\/strong> Anette Jensen<strong>: THF.Vision \u2013 Reallabor f\u00fcr eine gute Zukunft auf dem Tempelhofer Flughafen, <\/strong>Silke Zimmermann:<strong> Planet A in 2050, <\/strong>Kave Bulambo<strong>: The lived realities of Congolese women in coffee and cacao\u2026, <\/strong>Xiaoyu Cheng (Angela):<strong> ME &amp; WE, <\/strong>Buutz:<strong> FrequenSeeds<\/strong><strong><br \/>\n<\/strong><a href=\"http:\/\/www.emergentberlinfest.de\/index.php\/friday-october-18-2019\/\">IN DETAIL<\/a><\/p>\n<h4><a href=\"http:\/\/www.emergentberlinfest.de\/index.php\/saturday-october-19-2019\/\"><strong><span style=\"color: #808000;\">Saturday, Oct. 19<\/span> <\/strong><\/a><\/h4>\n<p><strong>\u2022 19:00 Active Art Salon &#8211; a creative collaborative conceptual playground for adults<\/strong><br \/>\n\u2022 22:30 Soir\u00e9e<br \/>\n<a href=\"http:\/\/www.emergentberlinfest.de\/index.php\/saturday-october-19-2019\/\">IN DETAIL<\/a><\/p>\n<h4><a href=\"http:\/\/www.emergentberlinfest.de\/index.php\/sunday-october-20-2019\/\"><span style=\"color: #808000;\"><strong>Sunday, Oct. 20<\/strong><\/span><\/a><\/h4>\n<p><strong>\u2022 14:00 Workshop &#8211; Exploring the Inner Commons, a deep dive into personal<\/strong> sustainability with Baumhaus Co-founder Scott Bolden<br \/>\n<a href=\"http:\/\/www.emergentberlinfest.de\/index.php\/sunday-october-20-2019\/\">IN DETAIL<\/a><\/p>\n<p>&#8212;&#8211;<\/p>\n<p><span data-offset-key=\"cqg5e-0-0\"><span data-text=\"true\">All events (unless otherwise noted) are &#8220;Pay-as-you-feel&#8221; between 5-10\u20ac: We ask our guests to consider their personal budget, the value of their experiences, and the value of supporting Baumhaus so that we can continue to provide space &amp; support to people and projects in our neighborhood and beyond.<\/span><\/span>[:de]<strong>10 Tage voller Projektpr\u00e4sentationen, Workshops und mehr! Wir freuen uns \u00fcber unseren Kooperationsparter: die Open Source Circular Economy Days (OSCEdays) Berlin, die das diesj\u00e4hrige Festival er\u00f6ffnen werden&#8230; Alle sind willkommen. Kommt vorbei!<\/strong><\/p>\n<h1 dir=\"ltr\"><span style=\"color: #808000;\"><span style=\"color: #ff6600;\">12. &amp; 13. Oktober: <a style=\"color: #ff6600;\" href=\"http:\/\/www.emergentberlinfest.de\/index.php\/oscedays-berlin-2019\/\" target=\"_blank\">OSCEdays Berlin 2019 &#8220;0 Waste Kiez&#8221;<\/a> <\/span> <\/span><\/h1>\n<h4><strong>Samstag, 12. Okt.<\/strong><\/h4>\n<p>9:00 Ankommen &amp; Fr\u00fchst\u00fcck<br \/>\n<strong>10:00 &#8211; 12:00 Talks: <\/strong>Dina (Circular Berlin), <strong>\u201eZero Waste Cities &amp; Districts: Best Practices from around the Globe\u201c, <\/strong>Laura (Zero Waste Your Life), <strong>\u201eZero Waste Veranstaltungen\u201c, <\/strong>Lars (Mifactori), <strong>\u201eHack My Klimastra\u00dfe\u201c, <\/strong>Coral (Zero Waste Berlin International), <strong>\u201eZero Waste Berlin International\u201c, <\/strong>Ken (Ken Rostand, Kunststoffschiede), <strong>\u201eThe Circular Plastic Future: from local plastic collection to new freshly baked products\u201c, <\/strong>Gabriella (Gabriella Gyori), <strong>\u201eNachhaltige zirkul\u00e4re Lieferketten\/Circular Supply Chains\u201c, <\/strong>Samim &amp; Felix (Ecospace.Net), <strong>&#8220;Distributed Composting vs Food Waste&#8221;, <\/strong>Tristan Biere (Space Digger, Urbane Liga), <strong>\u201eStadt von unten \u2013 Best Practices\u201c, <\/strong>tba (<em>tba<\/em>), <strong>\u201eInklusion\u201c<\/strong><br \/>\n12:00 &#8211; 13:00 Lunch<br \/>\n<strong>13:00 &#8211; 18:00 Sessions, Unconference, Workshops<\/strong><br \/>\n18:00 Abendprogramm<\/p>\n<h4><strong>Sonntag, 13. Okt.<\/strong><\/h4>\n<p><strong> 11:00 &#8211; 15:00 Circularity Brunch<\/strong><br \/>\n<strong> 14:00 &#8211; 17:00 Workshops: <\/strong>Maike Majewski:<strong> Zirkul\u00e4rer Saft, <\/strong>Mifactori\/Lars Zimmermann:<strong> Hack My Kiez Circular &#8211; Street Art f\u00fcr Nachhaltigkeit, <\/strong>Textilhafen: <strong>Textilien und Kreisl\u00e4ufe, <\/strong>Zero Waste e.V.:<strong> Zero Waste Basics im Alltag<\/strong><\/p>\n<p><a href=\"https:\/\/hackmd.io\/FQBzT-YKTgqIfj4KKaChBA\" target=\"_blank\">OSCEdays Berlin 2019 PROGRAMM IM DETAIL HERE<\/a><\/p>\n<h1 dir=\"ltr\"><span style=\"color: #808000;\"><span style=\"color: #ff6600;\">14. &#8211; 20. Oktober: Emergent Berlin 2019<\/span> <\/span><\/h1>\n<h4><span style=\"color: #808000;\"><a style=\"color: #808000;\" href=\"http:\/\/www.emergentberlinfest.de\/index.php\/monday-october-14-2019\/\"><strong>Montag, 14. Okt.<\/strong><\/a><\/span><\/h4>\n<p><strong> \u2022 <\/strong>18:00 Ankommen<br \/>\n\u2022 <strong>19:00 Urban Permaculture Design Workshop <\/strong>(Seminarraum)<br \/>\n\u2022 <strong>19:00 Kurze Projektvorstellungen <\/strong>(Hauptraum): <span class=\"fsl\" data-testid=\"event-permalink-details\">Jessica B\u00f6hme: <\/span><strong>The Phenomena of Emergence \/ CoCreationLoft, <\/strong><span class=\"fsl\" data-testid=\"event-permalink-details\">Magdalena Dabkowska: <strong>Promoting Personal Sustainability Through University Teaching, <\/strong><span class=\"text_exposed_show\">Karen Wohlert: <strong>Emergence of, in &amp; around Baumhaus, <\/strong>Michael Sp\u00f6rlein: <strong>Wilde 17 Gemeinschaftsgarten<\/strong>, Zinnia Nomura: <strong>Mami Wata: the 20m floating body-mind-laboratory<br \/>\n<\/strong><a href=\"http:\/\/www.emergentberlinfest.de\/index.php\/monday-october-14-2019\/\"> IM DETAIL<\/a><strong><strong><br \/>\n<\/strong><br \/>\n<\/strong><\/span><\/span><\/p>\n<h4><span style=\"color: #808000;\"><strong><a style=\"color: #808000;\" href=\"http:\/\/www.emergentberlinfest.de\/index.php\/tuesday-october-15-2019\/\">Dienstag, 15. Okt.<\/a><\/strong><\/span><\/h4>\n<p><em>trim tab collective Aktionsabend<\/em><br \/>\n\u2022 18:00 Ankommen<br \/>\n<strong>\u2022 19:00 Workshop &#8211; Fermentation<\/strong><br \/>\n<a href=\"http:\/\/www.emergentberlinfest.de\/index.php\/tuesday-october-15-2019\/\">IM DETAIL<\/a><\/p>\n<h4><a href=\"http:\/\/www.emergentberlinfest.de\/index.php\/wednesday-october-16-2019\/\"><strong><span style=\"color: #808000;\">Mittwoch, 16. Okt.<\/span> <\/strong><\/a><\/h4>\n<p>18:00 Ankommen<br \/>\n<strong>\u2022 19:00 Workshop: Intuitives Malen<\/strong><br \/>\n<strong>\u2022 19:00 Kurze Projektvorstellungen<\/strong>: <span class=\"fsl\" data-testid=\"event-permalink-details\">Maia Frazier <strong>Back to the Roots Stories, <\/strong>Anna Herzog <span class=\"text_exposed_show\"><strong>Rebellion f\u00fcr das Leben &#8211; in Aktion mit Extinction Rebellion Berlin,<\/strong> (tba) <strong>Bits &amp; B\u00e4ume Berlin Stammtisch, <\/strong>Oliver Juan <strong>The \u201cI-opener\u201d project, <\/strong>Scott Bolden, Baumhaus <strong>P.E.A.C.E.S.<\/strong>, (tba) <strong>SuperCoop Berlin<\/strong><\/span><\/span><strong><br \/>\n<\/strong><a href=\"http:\/\/www.emergentberlinfest.de\/index.php\/wednesday-october-16-2019\/\">IM DETAIL<\/a><strong><br \/>\n<\/strong><\/p>\n<h4><span style=\"color: #808000;\"><strong><a style=\"color: #808000;\" href=\"http:\/\/www.emergentberlinfest.de\/index.php\/thursday-october-17-2019\/\">Donnerstag, 17. Okt<\/a><\/strong><\/span><\/h4>\n<p><em>Baumhaus Community Networking Night<\/em><br \/>\n\u2022 18:00 Ankommen, Mithelfen beim Kochen<br \/>\n<strong> \u2022 18:30 Workshop &#8211; FLOW, a connective musical meditation experience<\/strong><br \/>\n\u2022 20:00 Community Dinner<br \/>\n\u2022 21:00 News u can use \/ quick pitches<br \/>\n<strong> \u2022 21:45 Workshop &#8211; FLOW, a connective musical meditation experience<br \/>\n<\/strong><a href=\"http:\/\/www.emergentberlinfest.de\/index.php\/thursday-october-17-2019\/\">IM DETAIL<\/a><strong><br \/>\n<\/strong><\/p>\n<h4><a href=\"http:\/\/www.emergentberlinfest.de\/index.php\/friday-october-18-2019\/\"><span style=\"color: #808000;\"><strong>Freitag, 18. Okt.<\/strong><\/span><\/a><\/h4>\n<p><strong> \u2022 <\/strong>18:00 Ankommen<br \/>\n<strong>\u2022 19:00 Workshop &#8211; Neue R\u00e4ume f\u00fcr Nachhaltigkeit in Berlin<br \/>\n\u2022 19:00 Projektvorstellungen:<\/strong> Anette Jensen<strong>: THF.Vision \u2013 Reallabor f\u00fcr eine gute Zukunft auf dem Tempelhofer Flughafen, <\/strong>Silke Zimmermann:<strong> Planet A in 2050, <\/strong>Kave Bulambo<strong>: The lived realities of Congolese women in coffee and cacao\u2026, <\/strong>Xiaoyu Cheng (Angela):<strong> ME &amp; WE, <\/strong>Buutz:<strong> FrequenSeeds<br \/>\n<\/strong><a href=\"http:\/\/www.emergentberlinfest.de\/index.php\/friday-october-18-2019\/\">\u00a0IM DETAIL<\/a><\/p>\n<h4><a href=\"http:\/\/www.emergentberlinfest.de\/index.php\/saturday-october-19-2019\/\"><strong> <span style=\"color: #808000;\"> Samstag, 19. Okt.<\/span> <\/strong><\/a><\/h4>\n<p><strong>\u2022 19:00 Active Art Salon<\/strong><br \/>\n\u2022 21:00 Soir\u00e9e<br \/>\n<a href=\"http:\/\/www.emergentberlinfest.de\/index.php\/saturday-october-19-2019\/\">IM DETAIL<\/a><\/p>\n<h4><span style=\"color: #808000;\"><a style=\"color: #808000;\" href=\"http:\/\/www.emergentberlinfest.de\/index.php\/sunday-october-20-2019\/\">Sonntag, 20. Okt.<\/a><\/span><\/h4>\n<p><strong>\u2022 14:00 Workshop &#8211; Exploring the Inner Commons, a deep dive into personal<\/strong> sustainability with Baumhaus Co-founder Scott Bolden<br \/>\n<a href=\"http:\/\/www.emergentberlinfest.de\/index.php\/sunday-october-20-2019\/\">IM DETAIL<\/a><\/p>\n<p>&#8212;&#8211;<\/p>\n<p><span data-offset-key=\"cqg5e-0-0\"><span data-text=\"true\">All events (unless otherwise noted) are &#8220;Pay-as-you-feel&#8221; between 5-10\u20ac: We ask our guests to consider their personal budget, the value of their experiences, and the value of supporting Baumhaus so that we can continue to provide space &amp; support to people and projects in our neighborhood and beyond.<\/span><\/span>[:]<\/p>\n","protected":false},"excerpt":{"rendered":"<p>[:en] 10 days of events, project presentations, workshops and more! We&#8217;re happy to have a new cooperation partner: the Open Source Circular Economy Days (OSCEdays) Berlin, who will open this year&#8217;s festival&#8230; Everyone is welcome. Come by! October 12 &amp; 13: OSCEdays Berlin 2019 &#8220;0 Waste Kiez&#8221; Saturday, Oct. 12 9:00 Doors open &amp; breakfast &hellip; <a href=\"https:\/\/www.emergentberlinfest.de\/index.php\/program-2019\/\" class=\"more-link\">Continue reading <span class=\"screen-reader-text\">[:en] \/ PROGRAM 2019[:de] \/ PROGRAMM 2019[:]<\/span><\/a><\/p>\n","protected":false},"author":1,"featured_media":0,"parent":0,"menu_order":0,"comment_status":"closed","ping_status":"open","template":"","meta":{"footnotes":""},"class_list":["post-3182","page","type-page","status-publish","hentry"],"_links":{"self":[{"href":"https:\/\/www.emergentberlinfest.de\/index.php\/wp-json\/wp\/v2\/pages\/3182","targetHints":{"allow":["GET"]}}],"collection":[{"href":"https:\/\/www.emergentberlinfest.de\/index.php\/wp-json\/wp\/v2\/pages"}],"about":[{"href":"https:\/\/www.emergentberlinfest.de\/index.php\/wp-json\/wp\/v2\/types\/page"}],"author":[{"embeddable":true,"href":"https:\/\/www.emergentberlinfest.de\/index.php\/wp-json\/wp\/v2\/users\/1"}],"replies":[{"embeddable":true,"href":"https:\/\/www.emergentberlinfest.de\/index.php\/wp-json\/wp\/v2\/comments?post=3182"}],"version-history":[{"count":56,"href":"https:\/\/www.emergentberlinfest.de\/index.php\/wp-json\/wp\/v2\/pages\/3182\/revisions"}],"predecessor-version":[{"id":3460,"href":"https:\/\/www.emergentberlinfest.de\/index.php\/wp-json\/wp\/v2\/pages\/3182\/revisions\/3460"}],"wp:attachment":[{"href":"https:\/\/www.emergentberlinfest.de\/index.php\/wp-json\/wp\/v2\/media?parent=3182"}],"curies":[{"name":"wp","href":"https:\/\/api.w.org\/{rel}","templated":true}]}}