{"id":3340,"date":"2019-10-02T22:32:13","date_gmt":"2019-10-02T20:32:13","guid":{"rendered":"http:\/\/www.emergentberlinfest.de\/?page_id=3340"},"modified":"2019-10-03T00:29:49","modified_gmt":"2019-10-02T22:29:49","slug":"monday-october-14-2019","status":"publish","type":"page","link":"https:\/\/www.emergentberlinfest.de\/index.php\/monday-october-14-2019\/","title":{"rendered":"[:en]\/\/ Monday October 14, 2019[:de]\/\/ Montag, 14. Oktober 2019[:]"},"content":{"rendered":"<p>[:en]\u2022 18:00 Doors open<br \/>\n<strong>\u2022 19:00 Project Presentations (front room)<\/strong><br \/>\n<strong> \u2022 19:00 Aimee: Urban Permaculture Design Workshop<\/strong><\/p>\n<h1><span style=\"color: #808000;\">19:00 Project Presentations<\/span><\/h1>\n<h4><strong>Jessica B\u00f6hme: The Phenomena of Emergence \/ CoCreationLoft<\/strong><\/h4>\n<p>\u2018Emergence\u2019 means something new arises that wasn\u2019t here before. We all have that sense intuitively, but scientifically, how does that happen? How do you bring parts together and all of a sudden the whole has some properties that none of the parts had? Jessica, who researches at the IASS Potsdam about the connection of personal development and sustainability, will introduce the phenomena of emergence, drawing on systems science and complexity theory. She will also give a practical example of the CoCreation Loft, where this is being put into practice.<\/p>\n<div id='gallery-1' class='gallery galleryid-3340 gallery-columns-2 gallery-size-medium'><figure class='gallery-item'>\n\t\t\t<div class='gallery-icon landscape'>\n\t\t\t\t<img loading=\"lazy\" decoding=\"async\" width=\"300\" height=\"200\" src=\"https:\/\/www.emergentberlinfest.de\/wp-content\/uploads\/2019\/10\/Jessica-Portrait-300x200.jpg\" class=\"attachment-medium size-medium\" alt=\"\" srcset=\"https:\/\/www.emergentberlinfest.de\/wp-content\/uploads\/2019\/10\/Jessica-Portrait-300x200.jpg 300w, https:\/\/www.emergentberlinfest.de\/wp-content\/uploads\/2019\/10\/Jessica-Portrait-1024x684.jpg 1024w\" sizes=\"auto, (max-width: 300px) 100vw, 300px\" \/>\n\t\t\t<\/div><\/figure><figure class='gallery-item'>\n\t\t\t<div class='gallery-icon landscape'>\n\t\t\t\t<img loading=\"lazy\" decoding=\"async\" width=\"300\" height=\"195\" src=\"https:\/\/www.emergentberlinfest.de\/wp-content\/uploads\/2019\/10\/Cocreation-Loft-300x195.png\" class=\"attachment-medium size-medium\" alt=\"\" srcset=\"https:\/\/www.emergentberlinfest.de\/wp-content\/uploads\/2019\/10\/Cocreation-Loft-300x195.png 300w, https:\/\/www.emergentberlinfest.de\/wp-content\/uploads\/2019\/10\/Cocreation-Loft-1024x665.png 1024w, https:\/\/www.emergentberlinfest.de\/wp-content\/uploads\/2019\/10\/Cocreation-Loft.png 1600w\" sizes=\"auto, (max-width: 300px) 100vw, 300px\" \/>\n\t\t\t<\/div><\/figure>\n\t\t<\/div>\n\n<h4><span class=\"fsl\" data-testid=\"event-permalink-details\">Magdalena Dabkowska: <strong>Promoting Personal Sustainability Through University Teaching<\/strong><\/span><\/h4>\n<p>&#8220;Personal sustainability&#8221; starts with a specific mindset and outlook on life. Without this awareness of one\u2019s identity, purpose and relationship with the outside world and other people, it is impossible to advocate for change. An increasing number of people have a higher education degree, but educational offer tends to focus on training for jobs, rather than teaching how to think critically and challenge. I am a lecturer at the Berlin School of Economics and Law where I invite students to consider moral economy and social justice questions to give them the knowledge necessary to promote change and add real value to wherever they may end up doing professionally.<\/p>\n<div id='gallery-2' class='gallery galleryid-3340 gallery-columns-2 gallery-size-medium'><figure class='gallery-item'>\n\t\t\t<div class='gallery-icon landscape'>\n\t\t\t\t<img loading=\"lazy\" decoding=\"async\" width=\"300\" height=\"69\" src=\"https:\/\/www.emergentberlinfest.de\/wp-content\/uploads\/2019\/10\/pid6569_1_hwr_logo_rgb-300x69.jpg\" class=\"attachment-medium size-medium\" alt=\"\" srcset=\"https:\/\/www.emergentberlinfest.de\/wp-content\/uploads\/2019\/10\/pid6569_1_hwr_logo_rgb-300x69.jpg 300w, https:\/\/www.emergentberlinfest.de\/wp-content\/uploads\/2019\/10\/pid6569_1_hwr_logo_rgb.jpg 673w\" sizes=\"auto, (max-width: 300px) 100vw, 300px\" \/>\n\t\t\t<\/div><\/figure>\n\t\t<\/div>\n\n<h4><span class=\"fsl\" data-testid=\"event-permalink-details\"> <span class=\"text_exposed_show\">Karen Wohlert: <strong>Emergence of, in &amp; around Baumhaus<\/strong><\/span><\/span><\/h4>\n<p>Baumhaus co-founder Karen shares some stories&#8230;<\/p>\n<div id='gallery-3' class='gallery galleryid-3340 gallery-columns-2 gallery-size-medium'><figure class='gallery-item'>\n\t\t\t<div class='gallery-icon landscape'>\n\t\t\t\t<img loading=\"lazy\" decoding=\"async\" width=\"300\" height=\"200\" src=\"https:\/\/www.emergentberlinfest.de\/wp-content\/uploads\/2019\/10\/Unbenannt-300x200.jpg\" class=\"attachment-medium size-medium\" alt=\"\" srcset=\"https:\/\/www.emergentberlinfest.de\/wp-content\/uploads\/2019\/10\/Unbenannt-300x200.jpg 300w, https:\/\/www.emergentberlinfest.de\/wp-content\/uploads\/2019\/10\/Unbenannt-1024x683.jpg 1024w, https:\/\/www.emergentberlinfest.de\/wp-content\/uploads\/2019\/10\/Unbenannt.jpg 1689w\" sizes=\"auto, (max-width: 300px) 100vw, 300px\" \/>\n\t\t\t<\/div><\/figure>\n\t\t<\/div>\n\n<h4><span class=\"fsl\" data-testid=\"event-permalink-details\"><span class=\"text_exposed_show\">Michael Sp\u00f6rlein: <strong>Wilde 17 Gemeinschaftsgarten<\/strong><\/span><\/span><\/h4>\n<p>Das Urban Gardening Projekt \u201eWilde 17\u201c ist in ein sozio-\u00f6kologischer Lernort und ein Raum der Begegnung inmitten des hektischen und anonymen Gro\u00dfstadtlebens. Unser Garten mitten im Kiez schafft nicht nur Biodiversit\u00e4t, sondern vor allem Ber\u00fchrungspunkte zwischen Menschen, die im Alltag so nicht zustande k\u00e4men. Die \u201eWilde 17\u201c versteht sich dabei als basisdemokratisches Experimentallabor. Die Individualit\u00e4t eines\/r jeden Einzelnen findet Ber\u00fccksichtigung in Diskussions- und Entscheidungsprozessen. Gesellschaftliche Diversit\u00e4t steht dabei als wertvolles Gut im Fokus, das im heterogenen Wedding erhalten und gegen Gentrifizierung und Ausgrenzung verteidigt werden muss.<\/p>\n<div id='gallery-4' class='gallery galleryid-3340 gallery-columns-2 gallery-size-medium'><figure class='gallery-item'>\n\t\t\t<div class='gallery-icon landscape'>\n\t\t\t\t<img loading=\"lazy\" decoding=\"async\" width=\"200\" height=\"200\" src=\"https:\/\/www.emergentberlinfest.de\/wp-content\/uploads\/2019\/10\/Wilde17.jpg\" class=\"attachment-medium size-medium\" alt=\"\" srcset=\"https:\/\/www.emergentberlinfest.de\/wp-content\/uploads\/2019\/10\/Wilde17.jpg 200w, https:\/\/www.emergentberlinfest.de\/wp-content\/uploads\/2019\/10\/Wilde17-150x150.jpg 150w\" sizes=\"auto, (max-width: 200px) 100vw, 200px\" \/>\n\t\t\t<\/div><\/figure><figure class='gallery-item'>\n\t\t\t<div class='gallery-icon landscape'>\n\t\t\t\t<img loading=\"lazy\" decoding=\"async\" width=\"300\" height=\"169\" src=\"https:\/\/www.emergentberlinfest.de\/wp-content\/uploads\/2019\/10\/WILDE17PIC-300x169.jpg\" class=\"attachment-medium size-medium\" alt=\"\" srcset=\"https:\/\/www.emergentberlinfest.de\/wp-content\/uploads\/2019\/10\/WILDE17PIC-300x169.jpg 300w, https:\/\/www.emergentberlinfest.de\/wp-content\/uploads\/2019\/10\/WILDE17PIC-1024x576.jpg 1024w, https:\/\/www.emergentberlinfest.de\/wp-content\/uploads\/2019\/10\/WILDE17PIC.jpg 1600w\" sizes=\"auto, (max-width: 300px) 100vw, 300px\" \/>\n\t\t\t<\/div><\/figure>\n\t\t<\/div>\n\n<h4><span class=\"fsl\" data-testid=\"event-permalink-details\"><span class=\"text_exposed_show\">Zinnia Nomura: <strong>Mami Wata: the 20m floating body-mind-laboratory<\/strong><\/span><\/span><\/h4>\n<p>We are the Tentakelbewegung, a group of creatives from diverse sociocultural, artistic and political backgrounds. Our goal is Mami Wata: the floating body-mind-laboratory. Mami Wata will be a 20-meter-long catamaran which functions as a rehearsal and project space, workshop and meeting place. We want to be a positive example and organize the building process as a participative, environmentally friendly experience. The boat combines three aspects that give us the greatest possible freedom and flexibility: MOBILITY The boat is mobile INDEPENDENCE The boat is unaffected by gentrification TRANSFORMATION The boat has a closed space which can be used for various activities year-round, as well as a rooftop stage WHAT WILL HAPPEN? Workshops, seminars, courses, repair space, concerts, theater and dance performances<\/p>\n<p><a href=\"https:\/\/mamiwataberlin.de\/\" target=\"_blank\">mamiwataberlin.de<\/a><\/p>\n<div id='gallery-5' class='gallery galleryid-3340 gallery-columns-2 gallery-size-medium'><figure class='gallery-item'>\n\t\t\t<div class='gallery-icon landscape'>\n\t\t\t\t<img loading=\"lazy\" decoding=\"async\" width=\"300\" height=\"283\" src=\"https:\/\/www.emergentberlinfest.de\/wp-content\/uploads\/2019\/10\/mami_wata_logo-300x283.jpg\" class=\"attachment-medium size-medium\" alt=\"\" srcset=\"https:\/\/www.emergentberlinfest.de\/wp-content\/uploads\/2019\/10\/mami_wata_logo-300x283.jpg 300w, https:\/\/www.emergentberlinfest.de\/wp-content\/uploads\/2019\/10\/mami_wata_logo.jpg 545w\" sizes=\"auto, (max-width: 300px) 100vw, 300px\" \/>\n\t\t\t<\/div><\/figure><figure class='gallery-item'>\n\t\t\t<div class='gallery-icon landscape'>\n\t\t\t\t<img loading=\"lazy\" decoding=\"async\" width=\"300\" height=\"143\" src=\"https:\/\/www.emergentberlinfest.de\/wp-content\/uploads\/2019\/10\/mami_wata_FlowDing-300x143.jpg\" class=\"attachment-medium size-medium\" alt=\"\" srcset=\"https:\/\/www.emergentberlinfest.de\/wp-content\/uploads\/2019\/10\/mami_wata_FlowDing-300x143.jpg 300w, https:\/\/www.emergentberlinfest.de\/wp-content\/uploads\/2019\/10\/mami_wata_FlowDing-1024x488.jpg 1024w, https:\/\/www.emergentberlinfest.de\/wp-content\/uploads\/2019\/10\/mami_wata_FlowDing.jpg 1159w\" sizes=\"auto, (max-width: 300px) 100vw, 300px\" \/>\n\t\t\t<\/div><\/figure>\n\t\t<\/div>\n\n<h1><\/h1>\n<h1><span style=\"color: #ff6600;\"><span style=\"color: #808000;\">19:00 Workshop<\/span><br \/>\n<\/span><\/h1>\n<p><strong>Aimee: Urban Permaculture Design Workshop (3h)<br \/>\n<\/strong><\/p>\n<p>A hands-on, immersive workshop taking you through the permaculture principles and helping you to design and adapt your life to become more sustainable, connected to self, others and the earth. Centered around life in the urban jungle this workshop is for urbanites who wish to be inspired by new ideas on how to slow down and recuperate some of the benefits of living in a vibrant and connected reality.<\/p>\n<p>A workshop run by Aimee Fenech, co-founder of Eco Hacker Farm, project manager of Kuckucksm\u00fchle. Web editor for wiki.hackerspaces.org &amp; Energie Dezent eV, co-founder of RioLaden eV &#8211; an organic &amp; regional food shop and permaculture teacher.<\/p>\n<p><em>Bring with you paper, colored pens and an open mind. No previous permaculture knowledge is necessary. Booking recommended: aimee@ecohackerfarm.org , <\/em><em>Donations happily accepted &lt;3<\/em><\/p>\n<p><div id='gallery-6' class='gallery galleryid-3340 gallery-columns-2 gallery-size-medium'><figure class='gallery-item'>\n\t\t\t<div class='gallery-icon landscape'>\n\t\t\t\t<img loading=\"lazy\" decoding=\"async\" width=\"300\" height=\"168\" src=\"https:\/\/www.emergentberlinfest.de\/wp-content\/uploads\/2019\/10\/permacultureurbanlife-300x168.jpg\" class=\"attachment-medium size-medium\" alt=\"\" srcset=\"https:\/\/www.emergentberlinfest.de\/wp-content\/uploads\/2019\/10\/permacultureurbanlife-300x168.jpg 300w, https:\/\/www.emergentberlinfest.de\/wp-content\/uploads\/2019\/10\/permacultureurbanlife.jpg 700w\" sizes=\"auto, (max-width: 300px) 100vw, 300px\" \/>\n\t\t\t<\/div><\/figure><figure class='gallery-item'>\n\t\t\t<div class='gallery-icon landscape'>\n\t\t\t\t<img loading=\"lazy\" decoding=\"async\" width=\"300\" height=\"57\" src=\"https:\/\/www.emergentberlinfest.de\/wp-content\/uploads\/2019\/10\/logosehfkuckucksmuehle-300x57.png\" class=\"attachment-medium size-medium\" alt=\"\" srcset=\"https:\/\/www.emergentberlinfest.de\/wp-content\/uploads\/2019\/10\/logosehfkuckucksmuehle-300x57.png 300w, https:\/\/www.emergentberlinfest.de\/wp-content\/uploads\/2019\/10\/logosehfkuckucksmuehle.png 868w\" sizes=\"auto, (max-width: 300px) 100vw, 300px\" \/>\n\t\t\t<\/div><\/figure>\n\t\t<\/div>\n[:de]<strong>\u2022 18:00 Ankommen<br \/>\n\u2022 19:00 Kurze Projektpr\u00e4sentationen<br \/>\n\u2022 19:00 Workshop &#8211; Aimee: Urban Permaculture Design<\/strong><\/p>\n<h1><span style=\"color: #808000;\">19:00 Kurzpr\u00e4sentationen<\/span><\/h1>\n<h4><strong>Jessica B\u00f6hme: The Phenomena of Emergence \/ CoCreationLoft<\/strong><\/h4>\n<p>&#8220;Emergenz&#8221; bedeutet, dass etwas Neues entsteht, das es zuvor noch nicht gab. Wie passiert das? Wie bringt man Teile zusammen und pl\u00f6tzlich hat das Ganze Eigenschaften, die keines der Teile f\u00fcr sich hatte? Jessica, die am IASS Potsdam zu dem Zusammenhang von pers\u00f6nlicher Entwicklung und Nachhaltigkeit forscht, wird das Ph\u00e4nomen der Emergenz anhand von System-Wissenschaften und Komplexit\u00e4tstheorie vorstellen und anschlie\u00dfend ein praktisches Beispiel zur CoCreation Loft geben, in der dieses Ph\u00e4nomen in die Praxis umgesetzt wird.<\/p>\n<div id='gallery-7' class='gallery galleryid-3340 gallery-columns-2 gallery-size-medium'><figure class='gallery-item'>\n\t\t\t<div class='gallery-icon landscape'>\n\t\t\t\t<img loading=\"lazy\" decoding=\"async\" width=\"300\" height=\"200\" src=\"https:\/\/www.emergentberlinfest.de\/wp-content\/uploads\/2019\/10\/Jessica-Portrait-300x200.jpg\" class=\"attachment-medium size-medium\" alt=\"\" srcset=\"https:\/\/www.emergentberlinfest.de\/wp-content\/uploads\/2019\/10\/Jessica-Portrait-300x200.jpg 300w, https:\/\/www.emergentberlinfest.de\/wp-content\/uploads\/2019\/10\/Jessica-Portrait-1024x684.jpg 1024w\" sizes=\"auto, (max-width: 300px) 100vw, 300px\" \/>\n\t\t\t<\/div><\/figure><figure class='gallery-item'>\n\t\t\t<div class='gallery-icon landscape'>\n\t\t\t\t<img loading=\"lazy\" decoding=\"async\" width=\"300\" height=\"195\" src=\"https:\/\/www.emergentberlinfest.de\/wp-content\/uploads\/2019\/10\/Cocreation-Loft-300x195.png\" class=\"attachment-medium size-medium\" alt=\"\" srcset=\"https:\/\/www.emergentberlinfest.de\/wp-content\/uploads\/2019\/10\/Cocreation-Loft-300x195.png 300w, https:\/\/www.emergentberlinfest.de\/wp-content\/uploads\/2019\/10\/Cocreation-Loft-1024x665.png 1024w, https:\/\/www.emergentberlinfest.de\/wp-content\/uploads\/2019\/10\/Cocreation-Loft.png 1600w\" sizes=\"auto, (max-width: 300px) 100vw, 300px\" \/>\n\t\t\t<\/div><\/figure>\n\t\t<\/div>\n\n<h4><span class=\"fsl\" data-testid=\"event-permalink-details\">Magdalena Dabkowska: <\/span>F\u00f6rderung der pers\u00f6nlichen Nachhaltigkeit an der Universit\u00e4t<\/h4>\n<p>\u201cPers\u00f6nliche Nachhaltigkeit\u201d beginnt mit einer bestimmten Denkweise und Lebenseinstellung. Ohne dieses Bewusstsein f\u00fcr die eigene Identit\u00e4t, den Zweck des Lebens und die Beziehung zur Au\u00dfenwelt und zu anderen Menschen ist es unm\u00f6glich, sich f\u00fcr Ver\u00e4nderungen einzusetzen. Immer mehr Menschen haben einen Hochschulabschluss, aber das Bildungsangebot konzentriert sich eher auf die Ausbildung f\u00fcr den Beruf als darauf, kritisch zu denken und sich zu fordern. Ich bin eine Dozentin an der Hochschule f\u00fcr Wirtschaft und Recht, wo ich das notwendige Wissen f\u00f6rdere, sich als unabh\u00e4ngiger Denker entwickeln zu k\u00f6nnen.<\/p>\n<div id='gallery-8' class='gallery galleryid-3340 gallery-columns-2 gallery-size-medium'><figure class='gallery-item'>\n\t\t\t<div class='gallery-icon landscape'>\n\t\t\t\t<img loading=\"lazy\" decoding=\"async\" width=\"300\" height=\"69\" src=\"https:\/\/www.emergentberlinfest.de\/wp-content\/uploads\/2019\/10\/pid6569_1_hwr_logo_rgb-300x69.jpg\" class=\"attachment-medium size-medium\" alt=\"\" srcset=\"https:\/\/www.emergentberlinfest.de\/wp-content\/uploads\/2019\/10\/pid6569_1_hwr_logo_rgb-300x69.jpg 300w, https:\/\/www.emergentberlinfest.de\/wp-content\/uploads\/2019\/10\/pid6569_1_hwr_logo_rgb.jpg 673w\" sizes=\"auto, (max-width: 300px) 100vw, 300px\" \/>\n\t\t\t<\/div><\/figure>\n\t\t<\/div>\n\n<h4><span class=\"fsl\" data-testid=\"event-permalink-details\"> <span class=\"text_exposed_show\">Karen Wohlert: <strong>Emergence of, in &amp; around Baumhaus<\/strong><\/span><\/span><\/h4>\n<p>Baumhaus co-founder Karen shares some stories&#8230;<\/p>\n<div id='gallery-9' class='gallery galleryid-3340 gallery-columns-2 gallery-size-medium'><figure class='gallery-item'>\n\t\t\t<div class='gallery-icon landscape'>\n\t\t\t\t<img loading=\"lazy\" decoding=\"async\" width=\"300\" height=\"200\" src=\"https:\/\/www.emergentberlinfest.de\/wp-content\/uploads\/2019\/10\/Unbenannt-300x200.jpg\" class=\"attachment-medium size-medium\" alt=\"\" srcset=\"https:\/\/www.emergentberlinfest.de\/wp-content\/uploads\/2019\/10\/Unbenannt-300x200.jpg 300w, https:\/\/www.emergentberlinfest.de\/wp-content\/uploads\/2019\/10\/Unbenannt-1024x683.jpg 1024w, https:\/\/www.emergentberlinfest.de\/wp-content\/uploads\/2019\/10\/Unbenannt.jpg 1689w\" sizes=\"auto, (max-width: 300px) 100vw, 300px\" \/>\n\t\t\t<\/div><\/figure>\n\t\t<\/div>\n\n<h4><span class=\"fsl\" data-testid=\"event-permalink-details\"><span class=\"text_exposed_show\">Michael Sp\u00f6rlein: <strong>Wilde 17 Gemeinschaftsgarten<\/strong><\/span><\/span><\/h4>\n<p>Das Urban Gardening Projekt \u201eWilde 17\u201c ist in ein sozio-\u00f6kologischer Lernort und ein Raum der Begegnung inmitten des hektischen und anonymen Gro\u00dfstadtlebens. Unser Garten mitten im Kiez schafft nicht nur Biodiversit\u00e4t, sondern vor allem Ber\u00fchrungspunkte zwischen Menschen, die im Alltag so nicht zustande k\u00e4men. Die \u201eWilde 17\u201c versteht sich dabei als basisdemokratisches Experimentallabor. Die Individualit\u00e4t eines\/r jeden Einzelnen findet Ber\u00fccksichtigung in Diskussions- und Entscheidungsprozessen. Gesellschaftliche Diversit\u00e4t steht dabei als wertvolles Gut im Fokus, das im heterogenen Wedding erhalten und gegen Gentrifizierung und Ausgrenzung verteidigt werden muss.<\/p>\n<div id='gallery-10' class='gallery galleryid-3340 gallery-columns-2 gallery-size-medium'><figure class='gallery-item'>\n\t\t\t<div class='gallery-icon landscape'>\n\t\t\t\t<img loading=\"lazy\" decoding=\"async\" width=\"200\" height=\"200\" src=\"https:\/\/www.emergentberlinfest.de\/wp-content\/uploads\/2019\/10\/Wilde17.jpg\" class=\"attachment-medium size-medium\" alt=\"\" srcset=\"https:\/\/www.emergentberlinfest.de\/wp-content\/uploads\/2019\/10\/Wilde17.jpg 200w, https:\/\/www.emergentberlinfest.de\/wp-content\/uploads\/2019\/10\/Wilde17-150x150.jpg 150w\" sizes=\"auto, (max-width: 200px) 100vw, 200px\" \/>\n\t\t\t<\/div><\/figure><figure class='gallery-item'>\n\t\t\t<div class='gallery-icon landscape'>\n\t\t\t\t<img loading=\"lazy\" decoding=\"async\" width=\"300\" height=\"169\" src=\"https:\/\/www.emergentberlinfest.de\/wp-content\/uploads\/2019\/10\/WILDE17PIC-300x169.jpg\" class=\"attachment-medium size-medium\" alt=\"\" srcset=\"https:\/\/www.emergentberlinfest.de\/wp-content\/uploads\/2019\/10\/WILDE17PIC-300x169.jpg 300w, https:\/\/www.emergentberlinfest.de\/wp-content\/uploads\/2019\/10\/WILDE17PIC-1024x576.jpg 1024w, https:\/\/www.emergentberlinfest.de\/wp-content\/uploads\/2019\/10\/WILDE17PIC.jpg 1600w\" sizes=\"auto, (max-width: 300px) 100vw, 300px\" \/>\n\t\t\t<\/div><\/figure>\n\t\t<\/div>\n\n<h4><span class=\"fsl\" data-testid=\"event-permalink-details\"><span class=\"text_exposed_show\">Zinnia Nomura: <strong>Mami Wata: the 20m floating body-mind-laboratory<\/strong><\/span><\/span><\/h4>\n<p>Wir sind die Tentakelbewegung e.V., ein Zusammenschluss Kulturschaffender aus unterschiedlichsten Bereichen soziokultureller, k\u00fcnstlerischer und politischer Zusammenh\u00e4nge und unser Ziel ist Mami Wata: Das K\u00f6rper-Geist-Labor auf dem Wasser. Mami Wata wird ein 20m langer Katamaran, der zugleich Probe- und Projektraum, Werkstatt und Begegnungsbereich sein wird. Wir wollen als Vorzeigeprojekt agieren und den Bauprozess m\u00f6glichst partizipativ und umweltfreundlich gestalten. Das Boot vereint drei Aspekte, die uns die gr\u00f6\u00dftm\u00f6gliche Freiheit und Flexibilit\u00e4t verschaffen: MOBILIT\u00c4T Das Boot ist nicht ortsgebunden UNABH\u00c4NGIGKEIT Das Boot ist nicht von der Gentrifizierung betroffen WANDLUNG Das Boot verf\u00fcgt \u00fcber einen geschlossenen Raum, welcher f\u00fcr unterschiedlichste Aktivit\u00e4ten ganzj\u00e4hrig genutzt werden kann, sowie eine B\u00fchne auf dem Dach WAS SOLL PASSIEREN? Workshops, Seminare, Kurse, Werkst\u00e4tten, Konzerte, Vortr\u00e4ge, Theater und Tanzperformance, Weiterbildungen<\/p>\n<p><a href=\"https:\/\/mamiwataberlin.de\/\" target=\"_blank\">mamiwataberlin.de<\/a><\/p>\n<div id='gallery-11' class='gallery galleryid-3340 gallery-columns-2 gallery-size-medium'><figure class='gallery-item'>\n\t\t\t<div class='gallery-icon landscape'>\n\t\t\t\t<img loading=\"lazy\" decoding=\"async\" width=\"300\" height=\"283\" src=\"https:\/\/www.emergentberlinfest.de\/wp-content\/uploads\/2019\/10\/mami_wata_logo-300x283.jpg\" class=\"attachment-medium size-medium\" alt=\"\" srcset=\"https:\/\/www.emergentberlinfest.de\/wp-content\/uploads\/2019\/10\/mami_wata_logo-300x283.jpg 300w, https:\/\/www.emergentberlinfest.de\/wp-content\/uploads\/2019\/10\/mami_wata_logo.jpg 545w\" sizes=\"auto, (max-width: 300px) 100vw, 300px\" \/>\n\t\t\t<\/div><\/figure><figure class='gallery-item'>\n\t\t\t<div class='gallery-icon landscape'>\n\t\t\t\t<img loading=\"lazy\" decoding=\"async\" width=\"300\" height=\"143\" src=\"https:\/\/www.emergentberlinfest.de\/wp-content\/uploads\/2019\/10\/mami_wata_FlowDing-300x143.jpg\" class=\"attachment-medium size-medium\" alt=\"\" srcset=\"https:\/\/www.emergentberlinfest.de\/wp-content\/uploads\/2019\/10\/mami_wata_FlowDing-300x143.jpg 300w, https:\/\/www.emergentberlinfest.de\/wp-content\/uploads\/2019\/10\/mami_wata_FlowDing-1024x488.jpg 1024w, https:\/\/www.emergentberlinfest.de\/wp-content\/uploads\/2019\/10\/mami_wata_FlowDing.jpg 1159w\" sizes=\"auto, (max-width: 300px) 100vw, 300px\" \/>\n\t\t\t<\/div><\/figure>\n\t\t<\/div>\n\n<h1><\/h1>\n<h1><span style=\"color: #ff6600;\"><span style=\"color: #808000;\">19:00 Workshop<\/span><br \/>\n<\/span><\/h1>\n<p><strong>Aimee: Urban Permaculture Design Workshop (3h)<br \/>\n<\/strong><\/p>\n<p>A hands-on, immersive workshop taking you through the permaculture principles and helping you to design and adapt your life to become more sustainable, connected to self, others and the earth. Centered around life in the urban jungle this workshop is for urbanites who wish to be inspired by new ideas on how to slow down and recuperate some of the benefits of living in a vibrant and connected reality.<\/p>\n<p>A workshop run by Aimee Fenech, co-founder of Eco Hacker Farm, project manager of Kuckucksm\u00fchle. Web editor for wiki.hackerspaces.org &amp; Energie Dezent eV, co-founder of RioLaden eV &#8211; an organic &amp; regional food shop and permaculture teacher.<\/p>\n<p><em>Bring with you paper, colored pens and an open mind. No previous permaculture knowledge is necessary. Booking recommended: aimee@ecohackerfarm.org , <\/em><em>Donations happily accepted &lt;3<\/em><\/p>\n<p><div id='gallery-12' class='gallery galleryid-3340 gallery-columns-2 gallery-size-medium'><figure class='gallery-item'>\n\t\t\t<div class='gallery-icon landscape'>\n\t\t\t\t<img loading=\"lazy\" decoding=\"async\" width=\"300\" height=\"168\" src=\"https:\/\/www.emergentberlinfest.de\/wp-content\/uploads\/2019\/10\/permacultureurbanlife-300x168.jpg\" class=\"attachment-medium size-medium\" alt=\"\" srcset=\"https:\/\/www.emergentberlinfest.de\/wp-content\/uploads\/2019\/10\/permacultureurbanlife-300x168.jpg 300w, https:\/\/www.emergentberlinfest.de\/wp-content\/uploads\/2019\/10\/permacultureurbanlife.jpg 700w\" sizes=\"auto, (max-width: 300px) 100vw, 300px\" \/>\n\t\t\t<\/div><\/figure><figure class='gallery-item'>\n\t\t\t<div class='gallery-icon landscape'>\n\t\t\t\t<img loading=\"lazy\" decoding=\"async\" width=\"300\" height=\"57\" src=\"https:\/\/www.emergentberlinfest.de\/wp-content\/uploads\/2019\/10\/logosehfkuckucksmuehle-300x57.png\" class=\"attachment-medium size-medium\" alt=\"\" srcset=\"https:\/\/www.emergentberlinfest.de\/wp-content\/uploads\/2019\/10\/logosehfkuckucksmuehle-300x57.png 300w, https:\/\/www.emergentberlinfest.de\/wp-content\/uploads\/2019\/10\/logosehfkuckucksmuehle.png 868w\" sizes=\"auto, (max-width: 300px) 100vw, 300px\" \/>\n\t\t\t<\/div><\/figure>\n\t\t<\/div>\n[:]<\/p>\n","protected":false},"excerpt":{"rendered":"<p>[:en]\u2022 18:00 Doors open \u2022 19:00 Project Presentations (front room) \u2022 19:00 Aimee: Urban Permaculture Design Workshop 19:00 Project Presentations Jessica B\u00f6hme: The Phenomena of Emergence \/ CoCreationLoft \u2018Emergence\u2019 means something new arises that wasn\u2019t here before. We all have that sense intuitively, but scientifically, how does that happen? How do you bring parts together &hellip; <a href=\"https:\/\/www.emergentberlinfest.de\/index.php\/monday-october-14-2019\/\" class=\"more-link\">Continue reading <span class=\"screen-reader-text\">[:en]\/\/ Monday October 14, 2019[:de]\/\/ Montag, 14. Oktober 2019[:]<\/span><\/a><\/p>\n","protected":false},"author":1,"featured_media":0,"parent":0,"menu_order":0,"comment_status":"closed","ping_status":"open","template":"","meta":{"footnotes":""},"class_list":["post-3340","page","type-page","status-publish","hentry"],"_links":{"self":[{"href":"https:\/\/www.emergentberlinfest.de\/index.php\/wp-json\/wp\/v2\/pages\/3340","targetHints":{"allow":["GET"]}}],"collection":[{"href":"https:\/\/www.emergentberlinfest.de\/index.php\/wp-json\/wp\/v2\/pages"}],"about":[{"href":"https:\/\/www.emergentberlinfest.de\/index.php\/wp-json\/wp\/v2\/types\/page"}],"author":[{"embeddable":true,"href":"https:\/\/www.emergentberlinfest.de\/index.php\/wp-json\/wp\/v2\/users\/1"}],"replies":[{"embeddable":true,"href":"https:\/\/www.emergentberlinfest.de\/index.php\/wp-json\/wp\/v2\/comments?post=3340"}],"version-history":[{"count":5,"href":"https:\/\/www.emergentberlinfest.de\/index.php\/wp-json\/wp\/v2\/pages\/3340\/revisions"}],"predecessor-version":[{"id":3428,"href":"https:\/\/www.emergentberlinfest.de\/index.php\/wp-json\/wp\/v2\/pages\/3340\/revisions\/3428"}],"wp:attachment":[{"href":"https:\/\/www.emergentberlinfest.de\/index.php\/wp-json\/wp\/v2\/media?parent=3340"}],"curies":[{"name":"wp","href":"https:\/\/api.w.org\/{rel}","templated":true}]}}