{"id":346,"date":"2015-07-14T20:25:03","date_gmt":"2015-07-14T18:25:03","guid":{"rendered":"http:\/\/www.emergentberlin.de\/?page_id=346"},"modified":"2015-09-06T19:55:40","modified_gmt":"2015-09-06T17:55:40","slug":"sunday-neighborhood-potluck-brunch","status":"publish","type":"page","link":"https:\/\/www.emergentberlinfest.de\/index.php\/sunday-neighborhood-potluck-brunch\/","title":{"rendered":"[:de]. . . Nachbarschaftsfr\u00fchst\u00fcck[:en]. . .  Sunday Neighborhood Potluck Brunch[:tr]. . . Kom\u015fular Aras\u0131 Pazar G\u00fcn\u00fc Grup Yemekleri[:]"},"content":{"rendered":"<p>[:de]Ein sp\u00e4tes Sonntagsfr\u00fchst\u00fcck f\u00fcr die Nachbarschaft. Alle sind herzlich eingeladen! Am <strong>Sonntag von\u00a011 &#8211; 13 Uhr (<\/strong>Crossfit gym at Gerichtstr. 23, 3.HH, EG.). Bringt etwas zu Essen oder zu Trinken mit, teilt mit allen anderen und lernt eure Nachbarn und soziale Projekte kennen!<\/p>\n<p><em>* Bei Fragen, Kommentaren und Teilnahmebest\u00e4tigungen schreibt uns per Email: <a href=\"mailto:emergent.berlin@gmail.com\" target=\"_blank\">emergent.berlin@gmail.com<\/a><\/em>[:en]Neighborhood-Potluck-Brunch on <strong>Sunday morning from 11am &#8211; 1pm!<\/strong>\u00a0We invite all our neighbors to prepare a dish to share and bring it by the Crossfit gym at Gerichtstr. 23, 3.HH, EG.<\/p>\n<p><em><span style=\"font-family: 'Noto Serif',serif;\">* <\/span><span style=\"font-family: 'Noto Serif',serif;\"><span style=\"font-size: large;\">Contact us at <a href=\"mailto:emergent.berlin@gmail.com\">emergent.berlin@gmail.com<\/a> with questions, comments and confirmation of your participation.<\/span><\/span><\/em>[:tr]<a href=\"http:\/\/www.emergentberlinfest.de\/wp-content\/uploads\/2015\/07\/IMG_0953.jpg\"><img loading=\"lazy\" decoding=\"async\" class=\" size-medium wp-image-420 alignright\" src=\"http:\/\/www.emergentberlinfest.de\/wp-content\/uploads\/2015\/07\/IMG_0953-300x169.jpg\" alt=\"IMG_0953\" width=\"300\" height=\"169\" srcset=\"https:\/\/www.emergentberlinfest.de\/wp-content\/uploads\/2015\/07\/IMG_0953-300x169.jpg 300w, https:\/\/www.emergentberlinfest.de\/wp-content\/uploads\/2015\/07\/IMG_0953-1024x576.jpg 1024w, https:\/\/www.emergentberlinfest.de\/wp-content\/uploads\/2015\/07\/IMG_0953.jpg 1920w\" sizes=\"auto, (max-width: 300px) 100vw, 300px\" \/><\/a>Pazar g\u00fcn\u00fc saat 11:00 ile 13:00 aras\u0131nda b\u00fct\u00fcn kom\u015fular\u0131m\u0131z\u0131 Art Loft Berlin\u2019e (Crossfit: Gerichtstr. 23 &#8211; 3.HH EG) haz\u0131rlad\u0131klar\u0131\u00a0yemekleri getirip payla\u015fabilecekleri brunch\u2019a bekliyoruz. Brunch sonras\u0131nda t\u00fcm kom\u015fular\u0131m\u0131z\u0131,\u00a0mahallemizi, Gerichtstr \u00e7evresini ve Wedding\u2019in tamam\u0131n\u0131 nas\u0131l geli\u015ftirebilece\u011fimiz hakk\u0131nda bir\u00a0oturuma davet ediyoruz!<\/p>\n<p>* Sorular\u0131n\u0131z,\u00a0yorumlar\u0131n\u0131z ve kat\u0131l\u0131m onay\u0131n\u0131z i\u00e7in l\u00fctfen emergent.berlin@gmail.com ile ileti\u015fime ge\u00e7iniz.[:]<\/p>\n","protected":false},"excerpt":{"rendered":"<p>[:de]Ein sp\u00e4tes Sonntagsfr\u00fchst\u00fcck f\u00fcr die Nachbarschaft. Alle sind herzlich eingeladen! Am Sonntag von\u00a011 &#8211; 13 Uhr (Crossfit gym at Gerichtstr. 23, 3.HH, EG.). Bringt etwas zu Essen oder zu Trinken mit, teilt mit allen anderen und lernt eure Nachbarn und soziale Projekte kennen! * Bei Fragen, Kommentaren und Teilnahmebest\u00e4tigungen schreibt uns per Email: emergent.berlin@gmail.com[:en]Neighborhood-Potluck-Brunch on &hellip; <a href=\"https:\/\/www.emergentberlinfest.de\/index.php\/sunday-neighborhood-potluck-brunch\/\" class=\"more-link\">Continue reading <span class=\"screen-reader-text\">[:de]. . . Nachbarschaftsfr\u00fchst\u00fcck[:en]. . .  Sunday Neighborhood Potluck Brunch[:tr]. . . Kom\u015fular Aras\u0131 Pazar G\u00fcn\u00fc Grup Yemekleri[:]<\/span><\/a><\/p>\n","protected":false},"author":1,"featured_media":0,"parent":0,"menu_order":0,"comment_status":"open","ping_status":"open","template":"","meta":{"footnotes":""},"class_list":["post-346","page","type-page","status-publish","hentry"],"_links":{"self":[{"href":"https:\/\/www.emergentberlinfest.de\/index.php\/wp-json\/wp\/v2\/pages\/346","targetHints":{"allow":["GET"]}}],"collection":[{"href":"https:\/\/www.emergentberlinfest.de\/index.php\/wp-json\/wp\/v2\/pages"}],"about":[{"href":"https:\/\/www.emergentberlinfest.de\/index.php\/wp-json\/wp\/v2\/types\/page"}],"author":[{"embeddable":true,"href":"https:\/\/www.emergentberlinfest.de\/index.php\/wp-json\/wp\/v2\/users\/1"}],"replies":[{"embeddable":true,"href":"https:\/\/www.emergentberlinfest.de\/index.php\/wp-json\/wp\/v2\/comments?post=346"}],"version-history":[{"count":17,"href":"https:\/\/www.emergentberlinfest.de\/index.php\/wp-json\/wp\/v2\/pages\/346\/revisions"}],"predecessor-version":[{"id":1046,"href":"https:\/\/www.emergentberlinfest.de\/index.php\/wp-json\/wp\/v2\/pages\/346\/revisions\/1046"}],"wp:attachment":[{"href":"https:\/\/www.emergentberlinfest.de\/index.php\/wp-json\/wp\/v2\/media?parent=346"}],"curies":[{"name":"wp","href":"https:\/\/api.w.org\/{rel}","templated":true}]}}