{"id":54,"date":"2015-06-11T09:51:01","date_gmt":"2015-06-11T07:51:01","guid":{"rendered":"http:\/\/www.emergentberlin.de\/?page_id=54"},"modified":"2015-10-12T08:49:40","modified_gmt":"2015-10-12T06:49:40","slug":"about-2","status":"publish","type":"page","link":"https:\/\/www.emergentberlinfest.de\/index.php\/about-2\/","title":{"rendered":"[:de]IDEE[:en]IDEA[:tr]D\u00fc\u015f\u00fcnce[:]"},"content":{"rendered":"<p>[:de]Ein inspirierender Ort, wo du gleichgesinnte Leute treffen kannst\u2026ein Sommerfest f\u00fcr Berliner Weltverbesserer*innen \u2013 f\u00fcr alle, die sich gemeinsam f\u00fcr eine sozialere &amp; \u00f6kologischere Stadt und nachhaltige urbane Lebensweisen engagieren wollen!<\/p>\n<p>Emergent Berlin ist ein selbstorganisiertes unkommerzielles zweit\u00e4giges Fest \u2013 zum Informieren, Vernetzen, Austauschen, Zusammenarbeiten und gemeinsam Feiern. Wir verbinden lokale Projekte und engagierte Personen\u00a0mit Menschen, die sich gerne aktiv in Projekte einbringen, mit ihnen kooperieren oder solche Initiativen gerne unterst\u00fctzen w\u00fcrden.<\/p>\n<p><iframe loading=\"lazy\" title=\"Emergent Berlin Sustainability Festival |  Inside Look\" width=\"660\" height=\"371\" src=\"https:\/\/www.youtube.com\/embed\/58bye5iGHbE?start=1&#038;feature=oembed\" frameborder=\"0\" allow=\"accelerometer; autoplay; clipboard-write; encrypted-media; gyroscope; picture-in-picture; web-share\" referrerpolicy=\"strict-origin-when-cross-origin\" allowfullscreen><\/iframe><\/p>\n<p><iframe loading=\"lazy\" title=\"Emergent Berlin 2014\" src=\"https:\/\/player.vimeo.com\/video\/110886116?dnt=1&amp;app_id=122963\" width=\"660\" height=\"371\" frameborder=\"0\" allow=\"autoplay; fullscreen; picture-in-picture; clipboard-write; encrypted-media; web-share\" referrerpolicy=\"strict-origin-when-cross-origin\"><\/iframe><\/p>\n<h3>Unser P.E.A.C.E.S. Konzept &#8211; Emergent Berlin ist ein Festival, das verschiedene Dimensionen lokaler nachhaltiger Entwicklung verbindet<\/h3>\n<p>Lokale nachhaltige Entwicklung bedeutet einen tiefgehenden Wandel unserer Lebensweisen. Im Kern geht es bei Nachhaltigkeit um die F\u00e4higkeit, Balance zu wahren, und das ist eine dynamische Aktivit\u00e4t. Es ist ein offener Prozess, der alle Lebensbereiche umfasst und der aus vielf\u00e4ltigen Perspektiven und Ans\u00e4tzen unterst\u00fctzt und vorangetrieben werden muss. Mit dem Festival wollen wir mindestens sechs Dimensionen nachhaltiger Entwicklung erforschen: die pers\u00f6nliche, die \u00f6kologische, die \u00e4sthetische, die kulturelle, die \u00f6konomische und die soziale (abgek\u00fcrzt auf Englisch: &#8220;<strong><span style=\"color: #008000;\">P.E.A.C.E.S.&#8221;<\/span><\/strong>). Schlie\u00dflich geht es um Fragen wie:<\/p>\n<p><span style=\"color: #008000;\">\u2022 <strong>PERS\u00d6NLICH <\/strong><\/span>Wer bin ich? Wo bin ich in meinem Leben? Wo will ich sein und wie komme ich dahin? Wie finden wir eine Balance in unserem pers\u00f6nlichen Leben?<br \/>\n<span style=\"color: #008000;\">\u2022 <strong>\u00d6KOLOGISCH <\/strong><\/span>Wie k\u00f6nnen wir in einer lebensf\u00f6rdernden Balance mit dem \u00d6kosystem leben? Es geht also um Handlungsfelder wie \u201cRethink, Reduce, Reuse, Recycle, Responsibility\u201d (\u00dcberdenken, Reduzieren, Wiederverwenden, Verantwortung)<br \/>\n<span style=\"color: #008000;\">\u2022 <strong>\u00c4STHETISCH <\/strong><\/span>Wie k\u00f6nnen wir die vielen M\u00f6glichkeiten, die Welt wahrzunehmen, verstehen und mit ihnen in Verbindung treten (sehen, f\u00fchlen, riechen, h\u00f6ren, f\u00fchlen)?<br \/>\n<span style=\"color: #008000;\">\u2022 <strong>KULTURELL<\/strong><\/span> Wie k\u00f6nnen wir unsere Unterschiedlichkeit wertsch\u00e4tzen und daraus lernen? Aber auch: Wie k\u00f6nnen wir uns auf unsere Gemeinsamkeiten besinnen?<br \/>\n<span style=\"color: #008000;\">\u2022 <strong>\u00d6KONOMISCH<\/strong><\/span> Wie k\u00f6nnen wir zusammen bessere Strukturen entwickeln, die ein gemeinsames gutes Leben erm\u00f6glichen?<br \/>\n<span style=\"color: #008000;\">\u2022 <strong>SOZIAL <\/strong><\/span>Wir k\u00f6nnen wir lernen, gut miteinander zu kommunizieren, so dass wir uns wirklich verstehen und zusammenarbeiten k\u00f6nnen, um uns gegenseitig zu unterst\u00fctzen?[:en]Imagine a place, an informal and inspiring atmosphere, where you can meet other enthusiastic, like-minded people committed to making Berlin and the world a better place, to work for social &amp; ecologic change in their neighborhood and city and for sustainable urban lifestyles&#8230;<\/p>\n<p>Emergent Berlin is a self-organized non-commercial two-day event to inform, network, exchange, collaborate, celebrate and have fun with each other in the spirit of becoming active participants in the quest to make Berlin a better place. Emergent Berlin focuses on local projects and finding ways to connect people who are already working for a more sustainable city with those who are interested in participating in, collaborating with and supporting those initiatives.<\/p>\n<p><iframe loading=\"lazy\" title=\"Emergent Berlin Sustainability Festival |  Inside Look\" width=\"660\" height=\"371\" src=\"https:\/\/www.youtube.com\/embed\/58bye5iGHbE?start=1&#038;feature=oembed\" frameborder=\"0\" allow=\"accelerometer; autoplay; clipboard-write; encrypted-media; gyroscope; picture-in-picture; web-share\" referrerpolicy=\"strict-origin-when-cross-origin\" allowfullscreen><\/iframe><\/p>\n<p><iframe loading=\"lazy\" title=\"Emergent Berlin 2014\" src=\"https:\/\/player.vimeo.com\/video\/110886116?dnt=1&amp;app_id=122963\" width=\"660\" height=\"371\" frameborder=\"0\" allow=\"autoplay; fullscreen; picture-in-picture; clipboard-write; encrypted-media; web-share\" referrerpolicy=\"strict-origin-when-cross-origin\"><\/iframe><\/p>\n<h3>Our P.E.A.C.E.S. framework &#8211; Emergent Berlin is a festival to connect various dimensions of local sustainable development<\/h3>\n<p>Local sustainable development is about a deep change of the way we live. At it\u2019s core Sustainability is about the ability to maintain balance, and balance is a dynamic activity.\u00a0 It\u2019s an open process, it encompasses all areas and we need different perspectives and approaches to support and catalyze sustainable development. The festival focusses on exploring at least 6 dimensions of sustainable development: personal, ecologic, aesthetic, cultural, economic and social (our &#8220;<strong><span style=\"color: #008000;\">P.E.A.C.E.S.<\/span><\/strong>&#8221; framework):<\/p>\n<p><span style=\"color: #008000;\">\u2022 <strong>PERSONAL <\/strong><\/span>Who am I, where am I at in my life, where do I want to be and how do I get there? How do we find balance in our personal lives?<br \/>\n<span style=\"color: #008000;\">\u2022 <strong>ECOLOGICAL <\/strong><\/span>Rethink, Reduce, Reuse, Recycle, Responsibility, how can we live in balance with the ecosystem that supports life on the planet?<br \/>\n<span style=\"color: #008000;\">\u2022<\/span> <strong><span style=\"color: #008000;\">AESTHETIC <\/span><\/strong>Understanding and being in touch with the many ways it&#8217;s possible to sense the world (seeing, touching, smelling, hearing, tasting, intuition +)<br \/>\n<span style=\"color: #008000;\">\u2022 <strong>CULTURAL <\/strong><\/span>How do we appreciate and learn from our differences but also focus on what we have in common?<br \/>\n<span style=\"color: #008000;\">\u2022 <strong>ECONOMIC <\/strong><\/span>How can we create and maintain more balanced systems of organizing ourselves to live humanely together?<br \/>\n<span style=\"color: #008000;\">\u2022 <strong>SOCIAL <\/strong><\/span>How can we learn to communicate with each other so that we can truly understand each other and work collaboratively to support each other?[:tr]Samimi ve ilham verici bir atmosfere sahip bir yer hayal et. Bu ortamda sana benzer bir d\u00fc\u015f\u00fcnce\u00a0sistemine sahip, istekli, hem d\u00fcnyay\u0131 hem Berlin\u2019i daha iyi bir yer haline getirmeyi kendine ama\u00e7\u00a0edinmi\u015f, \u00e7evresinde sosyal ve ekolojik de\u011fi\u015fimler yaratman\u0131n yan\u0131s\u0131ra s\u00fcrd\u00fcr\u00fclebilir kentsel bir\u00a0hayat tarz\u0131 olu\u015fturmak ad\u0131na \u00e7al\u0131\u015fan bireylerle tan\u0131\u015fabilirsin.<\/p>\n<p>Emergent Berlin kendi kendini organize eden, ticari ama\u00e7 g\u00fctmeyen, ki\u015fileri bilgilendirmeye,\u00a0ortak \u00e7al\u0131\u015fmaya, ileti\u015fim kurmaya, payla\u015fmaya, kutlamaya ve ayn\u0131 zamanda da g\u00fczel zaman\u00a0ge\u00e7irmeye te\u015fvik eden iki g\u00fcnl\u00fck bir organizasyondur. Kat\u0131l\u0131mc\u0131lar Berlin\u2019i daha g\u00fczel bir yer\u00a0haline getirme amac\u0131n\u0131 ta\u015f\u0131rlar. Emergent Berlin yerel projelere odakl\u0131d\u0131r ve halihaz\u0131rda daha\u00a0s\u00fcrd\u00fcr\u00fclebilir bir \u015fehir yaratma ama\u00e7l\u0131 giri\u015fimlere dahil olan, bu tarz giri\u015fimleri destekleyen ve\u00a0birarada \u00e7al\u0131\u015fmakta olan insanlar\u0131 bulu\u015fturmay\u0131 ama\u00e7lar.<\/p>\n<p><iframe loading=\"lazy\" title=\"Emergent Berlin Sustainability Festival |  Inside Look\" width=\"660\" height=\"371\" src=\"https:\/\/www.youtube.com\/embed\/58bye5iGHbE?start=1&#038;feature=oembed\" frameborder=\"0\" allow=\"accelerometer; autoplay; clipboard-write; encrypted-media; gyroscope; picture-in-picture; web-share\" referrerpolicy=\"strict-origin-when-cross-origin\" allowfullscreen><\/iframe><\/p>\n<p><iframe loading=\"lazy\" title=\"Emergent Berlin 2014\" src=\"https:\/\/player.vimeo.com\/video\/110886116?dnt=1&amp;app_id=122963\" width=\"660\" height=\"371\" frameborder=\"0\" allow=\"autoplay; fullscreen; picture-in-picture; clipboard-write; encrypted-media; web-share\" referrerpolicy=\"strict-origin-when-cross-origin\"><\/iframe><\/p>\n<h3><b>P.E.A.C.E.S&#8230; farkl\u0131 boyutlardaki yerel s\u00fcrd\u00fcr\u00fclebilir geli\u015fimleri birle\u015ftirmeyi ama\u00e7layan\u00a0festival<\/b><\/h3>\n<p>S\u00fcrd\u00fcr\u00fclebilir yerel geli\u015fim ya\u015fam \u015feklimizin derinden de\u011fi\u015fimi ile ilgilidir. S\u00fcrd\u00fcr\u00fclebilirlik\u00a0\u00f6z\u00fcnde dengeyi sa\u011flayabilme yetisi ile ilgilidir ve denge dinamik bir aktivitedir. A\u00e7\u0131k bir s\u00fcre\u00e7tirve her alan\u0131 kapsar. Bu sebeple s\u00fcrd\u00fcr\u00fclebilirli\u011fin geli\u015fmesini desteklemek i\u00e7in farkl\u0131\u00a0perspektiflere ve bak\u0131\u015f a\u00e7\u0131lar\u0131na ihtiyac\u0131m\u0131z vard\u0131r. Bu festival en az alt\u0131 farkl\u0131 a\u00e7\u0131dan\u00a0s\u00fcrd\u00fcr\u00fclebilir geli\u015fmeyi inceler: ki\u015fisel, ekolojik, estetik, k\u00fclt\u00fcrel, ekonomik ve sosyal.<\/p>\n<p><strong>Ki\u015fisel:<\/strong> Ben kimim? \u015eu anda hayat\u0131mda hangi noktaday\u0131m? Hangi noktaya varmak istiyorum? \u00a0Varmak istedi\u011fim noktaya nas\u0131l ula\u015fabilirim? \u00d6zel hayat\u0131mda dengeye nas\u0131l ula\u015fabilirim?<\/p>\n<p><strong>Ekolojik:<\/strong> Yeniden d\u00fc\u015f\u00fcn, yeniden kullan, azalt, geri d\u00f6n\u00fc\u015f\u00fcm\u00fc sa\u011fla. Gezegenimizdeki hayat\u0131\u00a0sa\u011flayan ekosistem ile denge i\u00e7inde nas\u0131l ya\u015fayabiliriz?<\/p>\n<p><strong>Estetik:<\/strong> D\u00fcnyaya kar\u015f\u0131 duyarl\u0131 olabilmenin yollar\u0131n\u0131 fark etmek ve anlamak (g\u00f6rmek, dokunmak,\u00a0koklamak, duymak, tad almak, i\u00e7g\u00fcd\u00fc+)<\/p>\n<p><strong>K\u00fclt\u00fcrel:<\/strong> Nas\u0131l ayn\u0131 anda hem farkl\u0131l\u0131klar\u0131m\u0131z\u0131n de\u011ferini anlayabilir hem de ortak olan\u00a0yanlar\u0131m\u0131za odaklanabiliriz?<\/p>\n<p><strong>Ekonomik:<\/strong> Daha insanc\u0131l bir \u015fekilde beraber ya\u015fayabilmek ad\u0131na nas\u0131l daha dengeli sistemler\u00a0kurabilir ve bu sistemleri s\u00fcrd\u00fcrebiliriz?<\/p>\n<p><strong>Sosyal:<\/strong> Birbirimizi daha iyi anlayabilmek ve birbirimize destek olarak bir arada \u00e7al\u0131\u015fabilmek icin\u00a0do\u011fru ileti\u015fim kurmay\u0131 nas\u0131l \u00f6\u011frenebiliriz?[:]<\/p>\n","protected":false},"excerpt":{"rendered":"<p>[:de]Ein inspirierender Ort, wo du gleichgesinnte Leute treffen kannst\u2026ein Sommerfest f\u00fcr Berliner Weltverbesserer*innen \u2013 f\u00fcr alle, die sich gemeinsam f\u00fcr eine sozialere &amp; \u00f6kologischere Stadt und nachhaltige urbane Lebensweisen engagieren wollen! Emergent Berlin ist ein selbstorganisiertes unkommerzielles zweit\u00e4giges Fest \u2013 zum Informieren, Vernetzen, Austauschen, Zusammenarbeiten und gemeinsam Feiern. Wir verbinden lokale Projekte und engagierte Personen\u00a0mit &hellip; <a href=\"https:\/\/www.emergentberlinfest.de\/index.php\/about-2\/\" class=\"more-link\">Continue reading <span class=\"screen-reader-text\">[:de]IDEE[:en]IDEA[:tr]D\u00fc\u015f\u00fcnce[:]<\/span><\/a><\/p>\n","protected":false},"author":1,"featured_media":0,"parent":0,"menu_order":0,"comment_status":"closed","ping_status":"open","template":"","meta":{"footnotes":""},"class_list":["post-54","page","type-page","status-publish","hentry"],"_links":{"self":[{"href":"https:\/\/www.emergentberlinfest.de\/index.php\/wp-json\/wp\/v2\/pages\/54","targetHints":{"allow":["GET"]}}],"collection":[{"href":"https:\/\/www.emergentberlinfest.de\/index.php\/wp-json\/wp\/v2\/pages"}],"about":[{"href":"https:\/\/www.emergentberlinfest.de\/index.php\/wp-json\/wp\/v2\/types\/page"}],"author":[{"embeddable":true,"href":"https:\/\/www.emergentberlinfest.de\/index.php\/wp-json\/wp\/v2\/users\/1"}],"replies":[{"embeddable":true,"href":"https:\/\/www.emergentberlinfest.de\/index.php\/wp-json\/wp\/v2\/comments?post=54"}],"version-history":[{"count":39,"href":"https:\/\/www.emergentberlinfest.de\/index.php\/wp-json\/wp\/v2\/pages\/54\/revisions"}],"predecessor-version":[{"id":1592,"href":"https:\/\/www.emergentberlinfest.de\/index.php\/wp-json\/wp\/v2\/pages\/54\/revisions\/1592"}],"wp:attachment":[{"href":"https:\/\/www.emergentberlinfest.de\/index.php\/wp-json\/wp\/v2\/media?parent=54"}],"curies":[{"name":"wp","href":"https:\/\/api.w.org\/{rel}","templated":true}]}}