{"id":56,"date":"2015-06-11T09:51:51","date_gmt":"2015-06-11T07:51:51","guid":{"rendered":"http:\/\/www.emergentberlin.de\/?page_id=56"},"modified":"2015-08-19T10:28:25","modified_gmt":"2015-08-19T08:28:25","slug":"mithelfen","status":"publish","type":"page","link":"https:\/\/www.emergentberlinfest.de\/index.php\/mithelfen\/","title":{"rendered":"[:de]MITHELFEN[:en]HELP ORGANIZING[:tr]Organizasyona yard\u0131mc\u0131 olun[:]"},"content":{"rendered":"<p>[:de]<a href=\"http:\/\/www.emergentberlinfest.de\/wp-content\/uploads\/2015\/06\/Captura-de-Tela-2014-08-26-\u00e0s-20.27.36.png\"><img loading=\"lazy\" decoding=\"async\" class=\"  wp-image-389 alignleft\" src=\"http:\/\/www.emergentberlinfest.de\/wp-content\/uploads\/2015\/06\/Captura-de-Tela-2014-08-26-\u00e0s-20.27.36-300x168.png\" alt=\"Captura de Tela 2014-08-26 \u00e0s 20.27.36\" width=\"262\" height=\"147\" srcset=\"https:\/\/www.emergentberlinfest.de\/wp-content\/uploads\/2015\/06\/Captura-de-Tela-2014-08-26-\u00e0s-20.27.36-300x168.png 300w, https:\/\/www.emergentberlinfest.de\/wp-content\/uploads\/2015\/06\/Captura-de-Tela-2014-08-26-\u00e0s-20.27.36-1024x572.png 1024w, https:\/\/www.emergentberlinfest.de\/wp-content\/uploads\/2015\/06\/Captura-de-Tela-2014-08-26-\u00e0s-20.27.36.png 1323w\" sizes=\"auto, (max-width: 262px) 100vw, 262px\" \/><\/a>Willst du mithelfen? Das w\u00e4re gro\u00dfartig! Unser Fest ist komplett selbstorganisiert von einem offenen Netzwerk, und ohne Finanzierung.<\/p>\n<p>Die n\u00e4chsten Wochen gibt es viel zu tun (z.B. Grafikdesign, Kommunikation, Betreuung einzelner Programmpunkte wie Maker Space, Filme etc). Und w\u00e4hrend des Festival-Wochenendes werden viele Arbeitsstunden von Freiwilligen gebraucht: Aufbauen, R\u00e4ume betreuen, Informationen verbreiten, mit Besuchern reden, das Festival dokumentieren.. Lasst uns wissen, wie und wann ihr gerne mitmachen w\u00fcrdet!<\/p>\n<h3>Mitmachen bei der Vorbereitung<\/h3>\n<p>Wenn ihr in der Vorbereitung des Festvials mithelfen wollt, schreibt uns eine kurze Nachricht hier: <a href=\"http:\/\/www.emergentberlinfest.de\/index.php\/kontakt\/\">KONTAKT<\/a><\/p>\n<h3>Helfen auf dem Festival<\/h3>\n<p>K\u00f6nnt ihr ein paar Stunden an dem Festival-Wochenende mithelfen? Dann f\u00fcllt bitte dieses Formular aus &#8211; wir melden uns bei euch mit mehr Infos! (Und laden euch zur pre-festival volunteer party ein)<\/p>\n<p>[contact-form-7 id=&#8221;174&#8243; title=&#8221;Volunteers&#8221;][:en]<a href=\"http:\/\/www.emergentberlinfest.de\/wp-content\/uploads\/2015\/06\/Captura-de-Tela-2014-08-26-\u00e0s-20.27.36.png\"><img loading=\"lazy\" decoding=\"async\" class=\"  wp-image-389 alignleft\" src=\"http:\/\/www.emergentberlinfest.de\/wp-content\/uploads\/2015\/06\/Captura-de-Tela-2014-08-26-\u00e0s-20.27.36-300x168.png\" alt=\"Captura de Tela 2014-08-26 \u00e0s 20.27.36\" width=\"410\" height=\"229\" srcset=\"https:\/\/www.emergentberlinfest.de\/wp-content\/uploads\/2015\/06\/Captura-de-Tela-2014-08-26-\u00e0s-20.27.36-300x168.png 300w, https:\/\/www.emergentberlinfest.de\/wp-content\/uploads\/2015\/06\/Captura-de-Tela-2014-08-26-\u00e0s-20.27.36-1024x572.png 1024w, https:\/\/www.emergentberlinfest.de\/wp-content\/uploads\/2015\/06\/Captura-de-Tela-2014-08-26-\u00e0s-20.27.36.png 1323w\" sizes=\"auto, (max-width: 410px) 100vw, 410px\" \/><\/a>Do you want to join organizing Emergent Berlin 2015? \u00a0That would be awesome. \u00a0Our festival is entirely self-organised, by an open network of supporters of the festival, without any major funding. \u00a0There is a lot of stuff to do in the coming weeks, and a good chunk of volunteer hours needed during the festival weekend&#8230; Let us know how and when you would like to participate!<\/p>\n<h3>Help organizing the Festival<\/h3>\n<p>If you can help now (e.g. communications, grafic design, spreading the word, translations, detailled planning of program parts like maker space,..) please write us a short mail: <a href=\"http:\/\/www.emergentberlinfest.de\/index.php\/kontakt\/\">CONTACT<\/a><\/p>\n<h3>Be a Volunteer during the Festival<\/h3>\n<p>If you can help as a volunteer for a few hours during the festival, please fill out the contact form below &#8211; we&#8217;ll get back to you with more detailed infos! (And invite you to our pre-festival volunteer party)<\/p>\n<p>[contact-form-7 id=&#8221;695&#8243; title=&#8221;Ohne Titel&#8221;][:tr]Emergent Berlin 2015\u2019in organizasyonuna kat\u0131lmak ister misiniz? Festivalimiz tamamen ba\u011f\u0131ms\u0131z olarak,\u00a0ve ciddi bir fon olmaksizin herkesin kat\u0131l\u0131m\u0131na a\u00e7\u0131k bir kom\u00fcnite taraf\u0131ndan organize ediliyor. Hem\u00a0gelecek birka\u00e7 hafta i\u00e7inde, hem de festival s\u00fcresince g\u00f6n\u00fcll\u00fc olarak yapilabilecek bir \u00e7ok g\u00f6rev var.<\/p>\n<p>\u015eu anda yard\u0131mc\u0131 olabilece\u011finiz g\u00f6revler:<\/p>\n<p>1 &#8211; Bu websitesinin T\u00fcrk\u00e7e ve Romenceye \u00e7evrilmesi<\/p>\n<p>2 &#8211; Yarat\u0131c\u0131 mekanlara, acik hava enstalasyonlar\u0131na ve \u00e7ocuk aktivitelerine k\u00fcrat\u00f6rler<\/p>\n<p>3 &#8211; Grafik tasar\u0131m konusunda yard\u0131mc\u0131 olabilecek grafikerler ve sanat\u00e7ilar<\/p>\n<p>4 &#8211; Mekan\u0131n festivale haz\u0131rlanmas\u0131 ve festival sonras\u0131 mekan\u0131n toplanmas\u0131 i\u00e7in ki\u015filerin\u00a0g\u00f6revlendirilmesi<\/p>\n<p>5 &#8211; G\u00f6rsel, i\u015fitsel ve fotografik olarak belgeleme<\/p>\n<p>Kat\u0131lmak istiyorsan\u0131z l\u00fctfen bizimle ileti\u015fime ge\u00e7in.<\/p>\n<p>&nbsp;<\/p>\n<p>emergent.berlin@gmail.com[:]<\/p>\n","protected":false},"excerpt":{"rendered":"<p>[:de]Willst du mithelfen? Das w\u00e4re gro\u00dfartig! Unser Fest ist komplett selbstorganisiert von einem offenen Netzwerk, und ohne Finanzierung. Die n\u00e4chsten Wochen gibt es viel zu tun (z.B. Grafikdesign, Kommunikation, Betreuung einzelner Programmpunkte wie Maker Space, Filme etc). Und w\u00e4hrend des Festival-Wochenendes werden viele Arbeitsstunden von Freiwilligen gebraucht: Aufbauen, R\u00e4ume betreuen, Informationen verbreiten, mit Besuchern reden, &hellip; <a href=\"https:\/\/www.emergentberlinfest.de\/index.php\/mithelfen\/\" class=\"more-link\">Continue reading <span class=\"screen-reader-text\">[:de]MITHELFEN[:en]HELP ORGANIZING[:tr]Organizasyona yard\u0131mc\u0131 olun[:]<\/span><\/a><\/p>\n","protected":false},"author":1,"featured_media":0,"parent":0,"menu_order":0,"comment_status":"closed","ping_status":"open","template":"","meta":{"footnotes":""},"class_list":["post-56","page","type-page","status-publish","hentry"],"_links":{"self":[{"href":"https:\/\/www.emergentberlinfest.de\/index.php\/wp-json\/wp\/v2\/pages\/56","targetHints":{"allow":["GET"]}}],"collection":[{"href":"https:\/\/www.emergentberlinfest.de\/index.php\/wp-json\/wp\/v2\/pages"}],"about":[{"href":"https:\/\/www.emergentberlinfest.de\/index.php\/wp-json\/wp\/v2\/types\/page"}],"author":[{"embeddable":true,"href":"https:\/\/www.emergentberlinfest.de\/index.php\/wp-json\/wp\/v2\/users\/1"}],"replies":[{"embeddable":true,"href":"https:\/\/www.emergentberlinfest.de\/index.php\/wp-json\/wp\/v2\/comments?post=56"}],"version-history":[{"count":19,"href":"https:\/\/www.emergentberlinfest.de\/index.php\/wp-json\/wp\/v2\/pages\/56\/revisions"}],"predecessor-version":[{"id":707,"href":"https:\/\/www.emergentberlinfest.de\/index.php\/wp-json\/wp\/v2\/pages\/56\/revisions\/707"}],"wp:attachment":[{"href":"https:\/\/www.emergentberlinfest.de\/index.php\/wp-json\/wp\/v2\/media?parent=56"}],"curies":[{"name":"wp","href":"https:\/\/api.w.org\/{rel}","templated":true}]}}