{"id":6,"date":"2015-06-10T22:46:02","date_gmt":"2015-06-10T20:46:02","guid":{"rendered":"http:\/\/www.emergentberlin.de\/?page_id=6"},"modified":"2016-08-22T08:54:56","modified_gmt":"2016-08-22T06:54:56","slug":"about","status":"publish","type":"page","link":"https:\/\/www.emergentberlinfest.de\/index.php\/about\/","title":{"rendered":"2015"},"content":{"rendered":"<p>[:de]<\/p>\n<h3 style=\"text-align: center;\"><span style=\"color: #99cc00;\">Ein Graswurzel Sommerfest f\u00fcr Weltverbesserer*innen in Berlin \u00a012. &amp; 13. September<\/span><\/h3>\n<p style=\"text-align: center;\"><a href=\"http:\/\/www.emergentberlinfest.de\/wp-content\/uploads\/2015\/06\/EB_2015_logo1.png\"><img loading=\"lazy\" decoding=\"async\" class=\"  wp-image-371 alignleft\" src=\"http:\/\/www.emergentberlinfest.de\/wp-content\/uploads\/2015\/06\/EB_2015_logo1-293x300.png\" alt=\"EB_2015_logo1\" width=\"313\" height=\"320\" srcset=\"https:\/\/www.emergentberlinfest.de\/wp-content\/uploads\/2015\/06\/EB_2015_logo1-293x300.png 293w, https:\/\/www.emergentberlinfest.de\/wp-content\/uploads\/2015\/06\/EB_2015_logo1.png 403w\" sizes=\"auto, (max-width: 313px) 100vw, 313px\" \/><\/a><\/p>\n<p>Welche neuen Ideen, Initiativen, Kooperationen und Aktionen f\u00fcr sozialere und \u00f6kologischere Lebensstile entstehen (\u201cemerge\u201d) zur Zeit in unserer Nachbarschaft und in Berlin? Und was kann entstehen, wenn sie an einem Wochenende\u00a0 zusammenkommen?<\/p>\n<p>Ein Festival von und f\u00fcr Nachbar\u2022innen, Berliner Projekte und neugierige Stadtbewohner\u2022innen&#8230; rund um das Thema, was wir selber und gemeinsam in Berlin f\u00fcr den Wandel zur Nachhaltigkeit machen k\u00f6nnen.<\/p>\n<p><strong>Am 12. &amp; 13. September 2015 in der Gerichtstra\u00dfe in Berlin-Wedding.<br \/>\n<\/strong><strong><span style=\"color: #99cc00;\"><br \/>\nLink zum Facebook &#8211; Event <a style=\"color: #99cc00;\" href=\"https:\/\/www.facebook.com\/events\/1686706358217057\/\">HIER<\/a><\/span><br \/>\n<\/strong><\/p>\n<p><a href=\"http:\/\/www.emergentberlinfest.de\/index.php\/programm-samstag-12-9\/\"><strong>Tag 1 EMERGENT BERLIN (Samstag, 12.9.)\u00a0<\/strong>wird lokale Akteure des Wandels aus ganz Berlin und dar\u00fcber hinaus zusammenbringen.<\/a>\u00a0<em>(Eintritt 3-8\u20ac Spende)<\/em><\/p>\n<p><a href=\"http:\/\/www.emergentberlinfest.de\/index.php\/programm-sonntag-13-9\/\"><strong>Tag 2 EMERGENT WEDDING (Sonntag, 13.9.)\u00a0<\/strong>wollen wir uns mehr auf unsere Nachbarschaft konzentrieren und Menschen und Projekte aus dem Wedding zusammenbringen.<\/a>\u00a0<em>(Eintritt frei)<\/em><\/p>\n<h3><span style=\"color: #99cc00;\">Der 12. &amp; 13. September in Berlin<\/span><\/h3>\n<p>Am gleichen Wochenende finden mehrere super spannende Veranstaltungen statt, die sich alle auf unterschiedliche Art &amp; Weisen mit sozial-\u00f6kologischem Wandel von unten befassen. Wir freuen uns und senden solidarische Gr\u00fc\u00dfe!<\/p>\n<p>* SOLIKON KONGRESS an der TU: Akteur*innen des Wandels aus Praxis und Wissenschaft, In- und Ausland diskutieren \u00fcber Konzepte der Transformation &#8211;\u00a0 dar\u00fcber, was wir hier auf dem Emergent Berlin im Kleinen in der lokalen Praxis f\u00f6rdern wollen.<\/p>\n<p>* Der NETZGIPFEL B\u00dcRGERENERGIE Berlin: B\u00fcrger*innen debattieren mit Experten aus Wissenschaft, Politik und Praxis \u00fcber das Berliner Stromnetz, die Energieversorgung von morgen und die Gestaltungsm\u00f6glichkeiten der Gesellschaft.<\/p>\n<p>* Auf den EXPERIMENTDAYS treffen sich Akteur*innen der kreativen Nachhaltigkeit, die zum Thema selbstorganisierte, gemeinschaftliche Wohnprojekte arbeiten.<\/p>\n<p>* Und nicht zu vergessen: die SILENT CLIMATE PARADE am Samstag[:en]<\/p>\n<h5 style=\"text-align: center;\"><span style=\"color: #99cc00;\">A\u00a0summer festival for people who want to make the world a better place in Berlin \u00a0Sept 12 &amp; 13<\/span><\/h5>\n<p style=\"text-align: left;\"><a href=\"http:\/\/www.emergentberlinfest.de\/wp-content\/uploads\/2015\/06\/EB_2015_logo1.png\"><img loading=\"lazy\" decoding=\"async\" class=\"  wp-image-371 alignleft\" src=\"http:\/\/www.emergentberlinfest.de\/wp-content\/uploads\/2015\/06\/EB_2015_logo1-293x300.png\" alt=\"EB_2015_logo1\" width=\"291\" height=\"298\" srcset=\"https:\/\/www.emergentberlinfest.de\/wp-content\/uploads\/2015\/06\/EB_2015_logo1-293x300.png 293w, https:\/\/www.emergentberlinfest.de\/wp-content\/uploads\/2015\/06\/EB_2015_logo1.png 403w\" sizes=\"auto, (max-width: 291px) 100vw, 291px\" \/><\/a><\/p>\n<p style=\"text-align: left;\">What can happen when you bring together local change makers in Berlin with curious\u00a0citizens, active organizations, and potential supporters together with\u00a0the theme of sustainability as a catalyst?<\/p>\n<p>What new ideas, initiatives, cooperations and actions for more sustainable urban lifestyles are currently emerging in our neighborhood and in Berlin?\u00a0 What can emerge, if those come together on one weekend? What practical\u00a0actionable steps can we take as individuals and together as a community to make Berlin a better place?<\/p>\n<p><strong>12th &amp; 13th of September in Gerichtstrasse, Berlin-Wedding.<\/strong><\/p>\n<p><span style=\"color: #99cc00;\">Link to Facebook &#8211; Event <a style=\"color: #99cc00;\" href=\"https:\/\/www.facebook.com\/events\/1686706358217057\/\">HERE<\/a><\/span><\/p>\n<p><a href=\"http:\/\/www.emergentberlinfest.de\/index.php\/programm-samstag-12-9\/\"><strong>Day 1 EMERGENT BERLIN (Saturday, 12th) <\/strong>will bring together local changemakers from all over Berlin and beyond.<\/a>\u00a0<em>(Entrance 3 &#8211; 8 \u20ac Donation)<\/em><\/p>\n<p><a href=\"http:\/\/www.emergentberlinfest.de\/index.php\/programm-sonntag-13-9\/\"><strong>Day 2 EMERGENT WEDDING (Sunday, 13th)\u00a0<\/strong>will focus more on our neighborhood and bring together people and projects from Wedding.<\/a>\u00a0<em>(Entrance Free)<\/em>[:tr]<\/p>\n<h5 style=\"text-align: center;\"><span style=\"color: #99cc00;\">Berlin\u2019de organize edilen, d\u00fcnyayi daha g\u00fczel bir yer haline getirmek isteyen insanlarin yaz festivali 12 Eyl\u00fcl &amp; 13 Eyl\u00fcl\u00a0<\/span><\/h5>\n<p style=\"text-align: center;\">\n<p style=\"text-align: left;\"><a href=\"http:\/\/www.emergentberlinfest.de\/wp-content\/uploads\/2015\/06\/EB_2015_logo1.png\"><img loading=\"lazy\" decoding=\"async\" class=\"  wp-image-371 alignleft\" src=\"http:\/\/www.emergentberlinfest.de\/wp-content\/uploads\/2015\/06\/EB_2015_logo1-293x300.png\" alt=\"EB_2015_logo1\" width=\"291\" height=\"298\" srcset=\"https:\/\/www.emergentberlinfest.de\/wp-content\/uploads\/2015\/06\/EB_2015_logo1-293x300.png 293w, https:\/\/www.emergentberlinfest.de\/wp-content\/uploads\/2015\/06\/EB_2015_logo1.png 403w\" sizes=\"auto, (max-width: 291px) 100vw, 291px\" \/><\/a><\/p>\n<p>Berlin\u2019de bulunan yerel de\u011fi\u015fimcileri, aktif kurumlar\u0131 ve potansiyel destek\u00e7ileri s\u00fcreklilik temas\u0131\u00a0ad\u0131 alt\u0131nda birle\u015ftirdiginizde neler ger\u00e7ekle\u015febilir?<\/p>\n<p>Hem Berlin\u2019de hem de ya\u015fad\u0131\u011f\u0131m\u0131z b\u00f6lgede daha s\u00fcrekli bir \u015fehir hayat\u0131na ula\u015fmak ad\u0131na yeni\u00a0ortaya \u00e7\u0131kan fikirler, giri\u015fimler, aksiyonlar ve ortakl\u0131klar nelerdir? B\u00fct\u00fcn bunlar bir haftasonu\u00a0boyunca biraraya gelirse ortaya neler \u00e7\u0131kabilir? Berlin\u2019i daha iyi bir yer haline getirmek ad\u0131na\u00a0hem bireysel hem de toplumsal olarak ne gibi harekete ge\u00e7irilebilir ad\u0131mlar atabiliriz?<\/p>\n<p><strong>12 &amp; 13 Eyl\u00fcl\u2019de Gerichtstrasse, Berlin-Wedding<\/strong><\/p>\n<p><strong>1. G\u00fcn Emergent Berlin (12 Eyl\u00fcl Cumartesi)<\/strong><\/p>\n<p><strong>2. G\u00fcn Emergent Wedding (13 Eyl\u00fcl Pazar)<\/strong>[:]<\/p>\n","protected":false},"excerpt":{"rendered":"<p>[:de] Ein Graswurzel Sommerfest f\u00fcr Weltverbesserer*innen in Berlin \u00a012. &amp; 13. September Welche neuen Ideen, Initiativen, Kooperationen und Aktionen f\u00fcr sozialere und \u00f6kologischere Lebensstile entstehen (\u201cemerge\u201d) zur Zeit in unserer Nachbarschaft und in Berlin? Und was kann entstehen, wenn sie an einem Wochenende\u00a0 zusammenkommen? Ein Festival von und f\u00fcr Nachbar\u2022innen, Berliner Projekte und neugierige Stadtbewohner\u2022innen&#8230; &hellip; <a href=\"https:\/\/www.emergentberlinfest.de\/index.php\/about\/\" class=\"more-link\">Continue reading <span class=\"screen-reader-text\">2015<\/span><\/a><\/p>\n","protected":false},"author":1,"featured_media":0,"parent":0,"menu_order":0,"comment_status":"closed","ping_status":"open","template":"","meta":{"footnotes":""},"class_list":["post-6","page","type-page","status-publish","hentry"],"_links":{"self":[{"href":"https:\/\/www.emergentberlinfest.de\/index.php\/wp-json\/wp\/v2\/pages\/6","targetHints":{"allow":["GET"]}}],"collection":[{"href":"https:\/\/www.emergentberlinfest.de\/index.php\/wp-json\/wp\/v2\/pages"}],"about":[{"href":"https:\/\/www.emergentberlinfest.de\/index.php\/wp-json\/wp\/v2\/types\/page"}],"author":[{"embeddable":true,"href":"https:\/\/www.emergentberlinfest.de\/index.php\/wp-json\/wp\/v2\/users\/1"}],"replies":[{"embeddable":true,"href":"https:\/\/www.emergentberlinfest.de\/index.php\/wp-json\/wp\/v2\/comments?post=6"}],"version-history":[{"count":87,"href":"https:\/\/www.emergentberlinfest.de\/index.php\/wp-json\/wp\/v2\/pages\/6\/revisions"}],"predecessor-version":[{"id":1609,"href":"https:\/\/www.emergentberlinfest.de\/index.php\/wp-json\/wp\/v2\/pages\/6\/revisions\/1609"}],"wp:attachment":[{"href":"https:\/\/www.emergentberlinfest.de\/index.php\/wp-json\/wp\/v2\/media?parent=6"}],"curies":[{"name":"wp","href":"https:\/\/api.w.org\/{rel}","templated":true}]}}