{"id":617,"date":"2015-07-29T11:31:51","date_gmt":"2015-07-29T09:31:51","guid":{"rendered":"http:\/\/www.emergentberlin.de\/?page_id=617"},"modified":"2018-10-08T23:06:04","modified_gmt":"2018-10-08T21:06:04","slug":"2016-2","status":"publish","type":"page","link":"https:\/\/www.emergentberlinfest.de\/index.php\/2016-2\/","title":{"rendered":"Emergent Berlin 2017 *Convergence*"},"content":{"rendered":"<p>[:en]<\/p>\n<h3><b><span style=\"color: #99cc00;\"><span class=\"gmail-_4n-j gmail-_3cht gmail-fsl\">What happens when a diverse group of sustainable change makers <span class=\"gmail-text_exposed_show\">come together to develop supportive and active collaborations with each other? <\/span><\/span><\/span><\/b><\/h3>\n<p><strong>2. &#8211; 17. September 2017 @ Baumhaus Project Space + satellite events<br \/>\n<\/strong><\/p>\n<p><a href=\"http:\/\/www.emergentberlinfest.de\/index.php\/call-for-participation-en\/\">Join us<\/a> for more than 2 weeks of encounters, project presentations, workshops, art,&#8230; and whatever you would like to contribute!<\/p>\n<p><em>Open speaking hours in August: Tuesdays &amp; Thursdays 6-8pm @ Baumhaus. Just drop by if you have any questions about how to participate, or if you want to help our orga-team!<\/em>[:de]<\/p>\n<h4><span style=\"color: #99cc00;\">moving forward towards sustainability<br \/>\n<\/span><\/h4>\n<h4><strong>ideen und projekte f\u00fcr sozialen und \u00f6kologischen wandel entstehen (&#8220;emerge&#8221;) in unserer stadt &#8211; was machen wir? wo brauchen wir unterst\u00fctzung? wie k\u00f6nnen wir zusammenarbeiten?<\/strong><\/h4>\n<p>** auftaktwochenende\u00a024.-25.09.<br \/>\nbringing together people &amp; projects @ art loft berlin<\/p>\n<p>** thementage 1.-16.10.<br \/>\ncontinue the conversation @ baumhaus<\/p>\n<p>ein festival f\u00fcr die transformation zur nachhaltigkeit von unten im wedding und in berlin, organisiert rund um den gerade entstehenden baumhaus projektraum im wedding &#8211; und so auch dessen kick-off.[:tr]undefinedundefinedundefinedundefinedundefinedundefinedundefinedundefinedundefinedundefinedundefinedundefinedundefinedundefinedundefinedundefinedundefinedundefinedundefinedundefinedundefinedundefinedundefinedundefinedundefinedundefinedundefinedundefinedundefinedundefinedundefinedundefinedundefinedundefinedundefinedundefinedundefinedundefinedundefinedundefinedundefinedundefinedundefinedundefinedundefinedundefinedundefinedundefinedundefinedundefinedundefinedundefinedundefinedundefinedundefinedundefinedundefinedundefinedundefinedundefinedundefinedundefinedundefinedundefinedundefinedundefinedundefinedundefinedundefinedundefinedundefinedundefinedundefinedundefinedundefinedundefinedundefinedundefinedundefinedundefined<\/p>\n<div>\n<p>Coming soon&#8230;<\/p>\n<\/div>\n<p>[:]<\/p>\n","protected":false},"excerpt":{"rendered":"<p>[:en] What happens when a diverse group of sustainable change makers come together to develop supportive and active collaborations with each other? 2. &#8211; 17. September 2017 @ Baumhaus Project Space + satellite events Join us for more than 2 weeks of encounters, project presentations, workshops, art,&#8230; and whatever you would like to contribute! Open &hellip; <a href=\"https:\/\/www.emergentberlinfest.de\/index.php\/2016-2\/\" class=\"more-link\">Continue reading <span class=\"screen-reader-text\">Emergent Berlin 2017 *Convergence*<\/span><\/a><\/p>\n","protected":false},"author":1,"featured_media":0,"parent":0,"menu_order":0,"comment_status":"closed","ping_status":"closed","template":"","meta":{"footnotes":""},"class_list":["post-617","page","type-page","status-publish","hentry"],"_links":{"self":[{"href":"https:\/\/www.emergentberlinfest.de\/index.php\/wp-json\/wp\/v2\/pages\/617","targetHints":{"allow":["GET"]}}],"collection":[{"href":"https:\/\/www.emergentberlinfest.de\/index.php\/wp-json\/wp\/v2\/pages"}],"about":[{"href":"https:\/\/www.emergentberlinfest.de\/index.php\/wp-json\/wp\/v2\/types\/page"}],"author":[{"embeddable":true,"href":"https:\/\/www.emergentberlinfest.de\/index.php\/wp-json\/wp\/v2\/users\/1"}],"replies":[{"embeddable":true,"href":"https:\/\/www.emergentberlinfest.de\/index.php\/wp-json\/wp\/v2\/comments?post=617"}],"version-history":[{"count":145,"href":"https:\/\/www.emergentberlinfest.de\/index.php\/wp-json\/wp\/v2\/pages\/617\/revisions"}],"predecessor-version":[{"id":2755,"href":"https:\/\/www.emergentberlinfest.de\/index.php\/wp-json\/wp\/v2\/pages\/617\/revisions\/2755"}],"wp:attachment":[{"href":"https:\/\/www.emergentberlinfest.de\/index.php\/wp-json\/wp\/v2\/media?parent=617"}],"curies":[{"name":"wp","href":"https:\/\/api.w.org\/{rel}","templated":true}]}}