{"id":851,"date":"2015-08-31T23:02:20","date_gmt":"2015-08-31T21:02:20","guid":{"rendered":"http:\/\/www.emergentberlin.de\/?page_id=851"},"modified":"2015-09-10T11:30:45","modified_gmt":"2015-09-10T09:30:45","slug":"programm-sonntag-13-9","status":"publish","type":"page","link":"https:\/\/www.emergentberlinfest.de\/index.php\/programm-sonntag-13-9\/","title":{"rendered":"[:de]PROGRAMM SONNTAG 13.9.[:en]PROGRAM SUNDAY 13TH[:]"},"content":{"rendered":"<p>[:de]<\/p>\n<h3><span class=\"Apple-style-span\" style=\"color: #99cc00;\">Am\u00a0zweiten Tag des Festivals,&#8221;Emergent Wedding&#8221;,\u00a0konzentrieren wir uns auf unsere Nachbarschaft und bringen Menschen und Projekte aus dem Wedding zusammen&#8230;<\/span><\/h3>\n<p>Wer sind meine Nachbarn? Welche Ideen und Initiativen gibt es in unserer Nachbarschaft? Wie k\u00f6nnen wir uns unterst\u00fctzen? Wo kann ich mich selber engagieren?<\/p>\n<p><strong><a href=\"http:\/\/www.emergentberlinfest.de\/index.php\/sunday-neighborhood-potluck-brunch\/\">11-13 Uhr Nachbarschaftsfr\u00fchst\u00fcck<\/a><\/strong><\/p>\n<p><strong><a href=\"http:\/\/www.emergentberlinfest.de\/index.php\/projektpraesentationen-workshops-musik-und-kinderprogramm\/\">13-19 Uhr Projektpr\u00e4sentationen, Workshops, Musik und Kinderprogramm<\/a><\/strong><\/p>\n<p><strong><a href=\"http:\/\/www.emergentberlinfest.de\/index.php\/filme-und-kuefa\/\">19 Uhr K\u00fcfa und Filme<\/a><\/strong><\/p>\n<p><em>(Eintritt frei)<\/em><\/p>\n<p>Wir laden alle Bewohner\u2022innen und lokale Projekte aus dem Wedding ein, den Tag mitzugestalten. Stellt eure lokalen Projekte vor! Was macht ihr im Wedding? Braucht ihr Hilfe? Sucht ihr Leute? Kommt zum Fr\u00fchst\u00fcck &#8211; und bringt eure Nachbar\u2022innen mit&#8230;.<\/p>\n<h3>Mitmachen und Mithelfen<\/h3>\n<p>Willst du mit deinem sozialen oder \u00f6kologischen Projekt teilnehmen? Melde dich beim\u00a0<a href=\"http:\/\/www.emergentberlinfest.de\/index.php\/call-for-participation\/\">AUFRUF ZUR TEILNAHME<\/a><\/p>\n<p>Kannst du auf dem\u00a0Festival ein paar Stunden mithelfen? Das w\u00e4re gro\u00dfartig! Mehr Infos bei\u00a0<a href=\"http:\/\/www.emergentberlinfest.de\/index.php\/mithelfen\/\">MITHELFEN<\/a><\/p>\n<div><\/div>\n<h3><span class=\"Apple-style-span\" style=\"color: #99cc00;\">\u00a0<\/span><\/h3>\n<p>[:en]<\/p>\n<h3><span style=\"color: #99cc00;\">Day 2 of the festival, &#8220;Emergent Wedding&#8221;\u00a0<span class=\"Apple-style-span\">will focus more on our neighborhood and bring together people and projects from Wedding&#8230;<\/span><\/span><\/h3>\n<p>Who is your neighbor? What new ideas and initiatives are in our neighborhood? How can we support each other? What can I do?<\/p>\n<p><strong><a href=\"http:\/\/www.emergentberlinfest.de\/index.php\/sunday-neighborhood-potluck-brunch\/\">11am-1pm Neighborhood-Potluck-Brunch<\/a><\/strong><\/p>\n<p><strong><a href=\"http:\/\/www.emergentberlinfest.de\/index.php\/projektpraesentationen-workshops-musik-und-kinderprogramm\/\">1pm &#8211; 7pm Project presentations, workshops, music and program for kids<\/a><\/strong><\/p>\n<p><strong><a href=\"http:\/\/www.emergentberlinfest.de\/index.php\/filme-und-kuefa\/\">7pm Dinner and Films<\/a><\/strong><\/p>\n<p><em>(Entrance free)<\/em><\/p>\n<p>We&#8217;re inviting all inhabitants of Wedding and local projects to co-create this day. Present your projects! What are you working on in Wedding? Do you need help? Are you looking for people? Come the the neighborhood-potluck-brunch &#8211; and don&#8217;t forget to bring your neighbors&#8230;<\/p>\n<h3>Participate and Volunteer<\/h3>\n<p>Do you want to\u00a0take part\u00a0with your social or ecological project? Check out our\u00a0<a href=\"http:\/\/www.emergentberlinfest.de\/index.php\/call-for-participation\/\">CALL FOR PARTICIPATION<\/a><\/p>\n<p>Could you help us with a few hours of volunteer work during the festival? That would be great! Check out our\u00a0<a href=\"http:\/\/www.emergentberlinfest.de\/index.php\/mithelfen\/\">HELP<\/a>\u00a0page[:]<\/p>\n","protected":false},"excerpt":{"rendered":"<p>[:de] Am\u00a0zweiten Tag des Festivals,&#8221;Emergent Wedding&#8221;,\u00a0konzentrieren wir uns auf unsere Nachbarschaft und bringen Menschen und Projekte aus dem Wedding zusammen&#8230; Wer sind meine Nachbarn? Welche Ideen und Initiativen gibt es in unserer Nachbarschaft? Wie k\u00f6nnen wir uns unterst\u00fctzen? Wo kann ich mich selber engagieren? 11-13 Uhr Nachbarschaftsfr\u00fchst\u00fcck 13-19 Uhr Projektpr\u00e4sentationen, Workshops, Musik und Kinderprogramm 19 &hellip; <a href=\"https:\/\/www.emergentberlinfest.de\/index.php\/programm-sonntag-13-9\/\" class=\"more-link\">Continue reading <span class=\"screen-reader-text\">[:de]PROGRAMM SONNTAG 13.9.[:en]PROGRAM SUNDAY 13TH[:]<\/span><\/a><\/p>\n","protected":false},"author":1,"featured_media":0,"parent":0,"menu_order":0,"comment_status":"open","ping_status":"open","template":"","meta":{"footnotes":""},"class_list":["post-851","page","type-page","status-publish","hentry"],"_links":{"self":[{"href":"https:\/\/www.emergentberlinfest.de\/index.php\/wp-json\/wp\/v2\/pages\/851","targetHints":{"allow":["GET"]}}],"collection":[{"href":"https:\/\/www.emergentberlinfest.de\/index.php\/wp-json\/wp\/v2\/pages"}],"about":[{"href":"https:\/\/www.emergentberlinfest.de\/index.php\/wp-json\/wp\/v2\/types\/page"}],"author":[{"embeddable":true,"href":"https:\/\/www.emergentberlinfest.de\/index.php\/wp-json\/wp\/v2\/users\/1"}],"replies":[{"embeddable":true,"href":"https:\/\/www.emergentberlinfest.de\/index.php\/wp-json\/wp\/v2\/comments?post=851"}],"version-history":[{"count":12,"href":"https:\/\/www.emergentberlinfest.de\/index.php\/wp-json\/wp\/v2\/pages\/851\/revisions"}],"predecessor-version":[{"id":1196,"href":"https:\/\/www.emergentberlinfest.de\/index.php\/wp-json\/wp\/v2\/pages\/851\/revisions\/1196"}],"wp:attachment":[{"href":"https:\/\/www.emergentberlinfest.de\/index.php\/wp-json\/wp\/v2\/media?parent=851"}],"curies":[{"name":"wp","href":"https:\/\/api.w.org\/{rel}","templated":true}]}}