{"id":879,"date":"2015-09-01T00:41:31","date_gmt":"2015-08-31T22:41:31","guid":{"rendered":"http:\/\/www.emergentberlin.de\/?page_id=879"},"modified":"2015-09-11T21:00:49","modified_gmt":"2015-09-11T19:00:49","slug":"projektpraesentationen-workshops-musik-und-kinderprogramm","status":"publish","type":"page","link":"https:\/\/www.emergentberlinfest.de\/index.php\/projektpraesentationen-workshops-musik-und-kinderprogramm\/","title":{"rendered":"[:de]. . . Projektpr\u00e4sentationen Sonntag[:en]. . . Project presentations Sunday[:]"},"content":{"rendered":"<p>[:de]Ab 13 Uhr stellen sich lokale soziale und \u00f6kologische Initiativen\u00a0vor&#8230;<\/p>\n<p><strong>\u2022 13:00 Begr\u00fc\u00dfung<\/strong><br \/>\n<strong>\u2022 13:15\u00a0Tauschring Wedding<\/strong><br \/>\n<strong>\u2022 13:30\u00a0Himmelbeet\u00a0Gemeinschaftsgarten<\/strong><br \/>\n<strong>\u2022 13:45 Brotback &amp; Aufstrich-Kollektiv<\/strong><br \/>\n<strong>\u2022 14:00 <strong>B\u00fcrgerEnergieBerlin<\/strong><\/strong><br \/>\n<strong>\u2022 14:15\u00a0WeddingWandler\u00a0(Transition Town)<\/strong><br \/>\n<strong>\u2022 14:30 Polly &amp; Bob<\/strong><br \/>\n<strong>\u2022 14:45\u00a0Biokr\u00e4uterei Oberhavel<\/strong><br \/>\n<strong>\u2022 15:00 Daniel Hires<\/strong><br \/>\n<strong>\u2022 15:15\u00a0S\u00fcdost Europa Kultur e.V.<\/strong><br \/>\n<strong>\u2022 15:30\u00a0Maia (<span class=\"Apple-style-span\">Typographer\u2019s Kitchen)<\/span><\/strong><br \/>\n<strong>\u2022 15:45\u00a0Caf\u00e9 des Schicksals<\/strong><br \/>\n<strong>\u2022 16:00\u00a0H\u00e4nde weg vom Wedding!<\/strong><br \/>\n<strong>\u2022 16:15\u00a0georg+georg<\/strong><br \/>\n<strong>\u2022 16:30 Kiezm\u00fctter<br \/>\n<\/strong><strong>\u2022 16:45 Baufachfrau Berlin e.V.<br \/>\n\u2022 17:00<\/strong>\u00a0<strong>Kulturen im Kiez e.V.<br \/>\n\u2022 17:15\u00a0Tauschring im Aufbau Soldiner Kiez<br \/>\n\u2022 17:30 <span class=\"Apple-style-span\">DRK-Kiezzentrum Humboldthain<\/span><br \/>\n\u2022 17:45\u00a0Upfull Posse<br \/>\n\u2022 18:00\u00a0Interkultureller Garten Rosenduft<br \/>\n\u2022 18:15 Dickes Bee FoodCoop<br \/>\n\u2022 18:30 18591km<br \/>\n\u2022 18:45 Baumhaus<\/strong><\/p>\n<h3><span class=\"Apple-style-span\"><strong>Special guest Presentations <\/strong><\/span><\/h3>\n<p><span class=\"Apple-style-span\"><strong>(gr\u00f6\u00dfere\u00a0Initiativen aus Berlin)<\/strong><\/span><\/p>\n<p><span class=\"Apple-style-span\"> <strong>14:00 Luise Neumann-Cosel<\/strong> <strong>von\u00a0<a href=\"http:\/\/www.buerger-energie-berlin.de\/\" target=\"_blank\">B\u00fcrgerEnergieBerlin<\/a>\u00a0<\/strong>(Stromnetz in B\u00fcrgerhand)<br \/>\n<\/span><span class=\"Apple-style-span\"><strong>14:45<\/strong>\u00a0<strong><a href=\"http:\/\/www.biokraeuterei.de\/\" target=\"_blank\">Biokr\u00e4uterei Oberhavel<\/a><\/strong>\u00a0(solidarische Landwirtschaft auch im Wedding)<br \/>\n<\/span><strong>15:00 Daniel Hires<\/strong>, Mitgr\u00fcnder der Silent Climate Parade,\u00a0<a href=\"http:\/\/berlin.makesense.org\/\" target=\"_blank\">BerlinMakeSense.org<\/a><\/p>\n<div>\n<p><span class=\"Apple-style-span\"><strong>Luise Neumann-Cosel von\u00a0B\u00fcrgerEnergieBerlin\u00a0<\/strong>(Stromnetz in B\u00fcrgerhand)\u00a0<\/span>Wir sind ein freier, partei\u00fcbergreifender Zusammenschluss von B\u00fcrgerinnen und B\u00fcrgern, die sich f\u00fcr eine zukunftsf\u00e4hige, nachhaltige und demokratische Energiepolitik in Berlin engagieren. In unserer Genossenschaft hat jedes Mitglied eine Stimme \u2013 unabh\u00e4ngig von der H\u00f6he seiner Einlage.<\/p>\n<p><strong>Daniel Hires<\/strong>, Co-Founder of Silent Climate Parade,\u00a0BerlinMakeSense.org.\u00a0Daniel\u00a0Hires kreiert Projekte und Initiativen, die den derzeitigen Status quo <a href=\"http:\/\/www.emergentberlinfest.de\/wp-content\/uploads\/2015\/09\/Hires_Daniel.jpg\"><br \/>\n<\/a>hinterfragen. <span id=\"result_box\" class=\"\" lang=\"de\"><span class=\"hps\">Er entwickelt <\/span><\/span>MakeSense Germany als Soziales Unternehmen und launched den SenseCube, ein soziales Start-up Beschleunigungsprogramm in Berlin.\u00a0Daniel hat eine Leidenschaft Gemeinschaften aufzubauen, die Leute zu gemeinschaftlichen Aktivit\u00e4ten erm\u00e4chtigen, um eine bessere Welt zu schaffen. Er initiierte MakeSense Hotspots in Berlin und Busan (S\u00fcdkorea), mit-gr\u00fcndete die Silent Climate Parade Berlin, ist Co-Autor eines Buches \u00fcber Kickstarting Projekte, reist regelm\u00e4\u00dfig um die Welt als Sprecher, Mentor und Coach.<\/p>\n<h3><\/h3>\n<\/div>\n<p>[:en]<\/p>\n<div>\n<p>At 1pm, presentations of local social and ecological projects will start&#8230;<\/p>\n<p><b><strong>\u2022 13:00 Begr\u00fc\u00dfung<\/strong><br \/>\n<strong>\u2022 13:15\u00a0Tauschring Wedding<\/strong><br \/>\n<strong>\u2022 13:30\u00a0Himmelbeet\u00a0Gemeinschaftsgarten<\/strong><br \/>\n<strong>\u2022 13:45 Brotback &amp; Aufstrich-Kollektiv<\/strong><br \/>\n<strong>\u2022 14:00\u00a0B\u00fcrgerEnergieBerlin<\/strong><br \/>\n<strong>\u2022 14:15\u00a0WeddingWandler\u00a0(Transition Town)<\/strong><br \/>\n<strong>\u2022 14:30 Polly &amp; Bob<\/strong><br \/>\n<strong>\u2022 14:45\u00a0Biokr\u00e4uterei Oberhavel<\/strong><br \/>\n<strong>\u2022 15:00 Daniel Hires<\/strong><br \/>\n<strong>\u2022 15:15\u00a0S\u00fcdost Europa Kultur e.V.<\/strong><br \/>\n<strong>\u2022 15:30\u00a0Maia (<span class=\"Apple-style-span\">Typographer\u2019s Kitchen)<\/span><\/strong><br \/>\n<strong>\u2022 15:45\u00a0Caf\u00e9 des Schicksals<\/strong><br \/>\n<strong>\u2022 16:00\u00a0H\u00e4nde weg vom Wedding!<\/strong><br \/>\n<strong>\u2022 16:15\u00a0georg+georg<\/strong><br \/>\n<strong>\u2022 16:30 Kiezm\u00fctter<br \/>\n<\/strong><strong>\u2022 16:45 Baufachfrau Berlin e.V.<br \/>\n\u2022 17:00<\/strong>\u00a0<strong>Kulturen im Kiez e.V.<br \/>\n\u2022 17:15\u00a0Tauschring im Aufbau Soldiner Kiez<br \/>\n\u2022 17:30 <span class=\"Apple-style-span\">DRK-Kiezzentrum Humboldthain<\/span><br \/>\n\u2022 17:45\u00a0Upfull Posse<br \/>\n\u2022 18:00\u00a0Interkultureller Garten Rosenduft<br \/>\n\u2022 18:15 Dickes Bee FoodCoop<br \/>\n\u2022 18:30 18.591km<br \/>\n\u2022 18:45 Baumhaus <\/strong><\/b><\/p>\n<h3><span class=\"Apple-style-span\"><strong>Special guest &#8211; presentations <\/strong><\/span><\/h3>\n<p><span class=\"Apple-style-span\"><strong>(Berlin and beyond Initiatives)<\/strong><\/span><\/p>\n<p><span class=\"Apple-style-span\"> <strong>14:00 Luise Neumann-Cosel von <a href=\"http:\/\/www.buerger-energie-berlin.de\/\" target=\"_blank\">B\u00fcrgerEnergieBerlin<\/a><\/strong>\u00a0(citizen&#8217;s initiative to buy back the Berlin energy grid\u00a0)<br \/>\n<\/span><span class=\"Apple-style-span\"><strong>14:45<\/strong>\u00a0<strong><a href=\"http:\/\/www.biokraeuterei.de\/\" target=\"_blank\">Biokr\u00e4uterei Oberhavel<\/a><\/strong>\u00a0(community supported agriculture, also in Wedding)<br \/>\n<strong>15:00 Daniel Hires<\/strong>, Co-Founder of Silent Climate Parade,\u00a0<a href=\"http:\/\/berlin.makesense.org\/\" target=\"_blank\">BerlinMakeSense.org<\/a><br \/>\n<\/span><\/p>\n<p><span class=\"Apple-style-span\"><strong>Luise Neumann-Cosel from B\u00fcrgerEnergieBerlin\u00a0(citizen-owned <span id=\"result_box\" class=\"short_text\" lang=\"en\"><span class=\"hps\">power supply system<\/span><\/span><\/strong>)\u00a0<\/span><span id=\"result_box\" class=\"\" lang=\"en\"><span class=\"hps\">We are a<\/span> <span class=\"hps\">free<\/span>, <span class=\"hps\">cross-party<\/span> <span class=\"hps\">coalition of<\/span> <span class=\"hps\">citizens<\/span> <span class=\"hps\">who<\/span> <span class=\"hps\">are committed to<\/span> <span class=\"hps\">a sustainable<\/span>, <span class=\"hps\">democratic<\/span> <span class=\"hps\">and<\/span> <span class=\"hps\">sustainable<\/span> <span class=\"hps\">energy policy<\/span> <span class=\"hps\">in<\/span> <span class=\"hps\">Berlin<\/span>. <span class=\"hps\">In<\/span> <span class=\"hps\">our cooperative<\/span> <span class=\"hps\">each<\/span> <span class=\"hps\">member has one vote<\/span> <span class=\"hps\">&#8211;<\/span> <span class=\"hps\">regardless of the amount<\/span> <span class=\"hps\">of its<\/span> <span class=\"hps\">contribution<\/span><span class=\"\">.<\/span><\/span><\/p>\n<p><strong>Daniel Hires, Co-Founder of Silent Climate Parade,\u00a0BerlinMakeSense.org\u00a0<\/strong>Daniel\u00a0Hires\u00a0creates projects and movements that challenge the status quo.<a style=\"border-bottom-width: 1px; border-bottom-style: solid; border-bottom-color: #333333; color: #333333; text-decoration: none;\" href=\"http:\/\/www.emergentberlinfest.de\/wp-content\/uploads\/2015\/09\/Hires_Daniel.jpg\"><br \/>\n<\/a>\u00a0Currently, he is developing MakeSense Germany as a social business and launching the SenseCube social startup acceleration programme in Berlin.\u00a0Daniel\u00a0is passionate about building communities that empower people to take collaborative action on their ideas for a better world. He initiated MakeSense hotspots in Berlin and Busan (South Korea), co-created the SenseCamp unconference format, co-founded the Silent Climate Parade Berlin, co-authored a book on kickstarting projects, and\u00a0frequently\u00a0travels\u00a0the world to speak, mentor and coach teams.<\/p>\n<\/div>\n<p>[:]<\/p>\n","protected":false},"excerpt":{"rendered":"<p>[:de]Ab 13 Uhr stellen sich lokale soziale und \u00f6kologische Initiativen\u00a0vor&#8230; \u2022 13:00 Begr\u00fc\u00dfung \u2022 13:15\u00a0Tauschring Wedding \u2022 13:30\u00a0Himmelbeet\u00a0Gemeinschaftsgarten \u2022 13:45 Brotback &amp; Aufstrich-Kollektiv \u2022 14:00 B\u00fcrgerEnergieBerlin \u2022 14:15\u00a0WeddingWandler\u00a0(Transition Town) \u2022 14:30 Polly &amp; Bob \u2022 14:45\u00a0Biokr\u00e4uterei Oberhavel \u2022 15:00 Daniel Hires \u2022 15:15\u00a0S\u00fcdost Europa Kultur e.V. \u2022 15:30\u00a0Maia (Typographer\u2019s Kitchen) \u2022 15:45\u00a0Caf\u00e9 des Schicksals \u2022 &hellip; <a href=\"https:\/\/www.emergentberlinfest.de\/index.php\/projektpraesentationen-workshops-musik-und-kinderprogramm\/\" class=\"more-link\">Continue reading <span class=\"screen-reader-text\">[:de]. . . Projektpr\u00e4sentationen Sonntag[:en]. . . Project presentations Sunday[:]<\/span><\/a><\/p>\n","protected":false},"author":1,"featured_media":0,"parent":0,"menu_order":0,"comment_status":"closed","ping_status":"open","template":"","meta":{"footnotes":""},"class_list":["post-879","page","type-page","status-publish","hentry"],"_links":{"self":[{"href":"https:\/\/www.emergentberlinfest.de\/index.php\/wp-json\/wp\/v2\/pages\/879","targetHints":{"allow":["GET"]}}],"collection":[{"href":"https:\/\/www.emergentberlinfest.de\/index.php\/wp-json\/wp\/v2\/pages"}],"about":[{"href":"https:\/\/www.emergentberlinfest.de\/index.php\/wp-json\/wp\/v2\/types\/page"}],"author":[{"embeddable":true,"href":"https:\/\/www.emergentberlinfest.de\/index.php\/wp-json\/wp\/v2\/users\/1"}],"replies":[{"embeddable":true,"href":"https:\/\/www.emergentberlinfest.de\/index.php\/wp-json\/wp\/v2\/comments?post=879"}],"version-history":[{"count":47,"href":"https:\/\/www.emergentberlinfest.de\/index.php\/wp-json\/wp\/v2\/pages\/879\/revisions"}],"predecessor-version":[{"id":1290,"href":"https:\/\/www.emergentberlinfest.de\/index.php\/wp-json\/wp\/v2\/pages\/879\/revisions\/1290"}],"wp:attachment":[{"href":"https:\/\/www.emergentberlinfest.de\/index.php\/wp-json\/wp\/v2\/media?parent=879"}],"curies":[{"name":"wp","href":"https:\/\/api.w.org\/{rel}","templated":true}]}}