{"id":888,"date":"2015-09-01T01:03:28","date_gmt":"2015-08-31T23:03:28","guid":{"rendered":"http:\/\/www.emergentberlin.de\/?page_id=888"},"modified":"2015-09-08T18:03:38","modified_gmt":"2015-09-08T16:03:38","slug":"filme-und-kuefa","status":"publish","type":"page","link":"https:\/\/www.emergentberlinfest.de\/index.php\/filme-und-kuefa\/","title":{"rendered":"[:de]. . . K\u00fcfa Abendessen[:en]. . . Dinner[:]"},"content":{"rendered":"<p>[:de]Ab 19 Uhr K\u00fcfa &#8211; K\u00fcche f\u00fcr Alle &#8211; Abendessen mit geretteten Lebensmitteln, gekocht von den WeddingWandlern (kommt vorher und helft beim Schnibbeln). Dazu Filme&#8230;<\/p>\n<p><span class=\"Apple-style-span\"><em>*Wenn ihr diesen Programmpunkt mit euren Ideen und Projekten mitgestalten wollt, meldet euch bei uns \u00fcber das Formular:\u00a0<a href=\"http:\/\/www.emergentberlinfest.de\/index.php\/call-for-participation\/\">AUFRUF ZUR TEILNAHME<\/a>. Bei Fragen, Kommentaren und Teilnahmebest\u00e4tigungen schreibt uns per Email:<a href=\"mailto:emergent.berlin@gmail.com\" target=\"_blank\">emergent.berlin@gmail.com<\/a><\/em><\/span>[:en]Starting at 7pm, there will be food provided by WeddingWandler, the local transition town group. The meal\u00a0will be prepared from rescued food (come some time before and help cutting the vegetables!), plus some films..<\/p>\n<p><span class=\"Apple-style-span\"><em>* If you want to\u00a0participate, please fill out the info on our \u2018<a href=\"http:\/\/www.emergentberlinfest.de\/index.php\/call-for-participation\/?lang=en\">Call for Participation<\/a>\u2018 page.\u00a0 Contact us at\u00a0<a href=\"mailto:emergent.berlin@gmail.com\">emergent.berlin@gmail.com<\/a>\u00a0with questions, comments and confirmation of your participation.<\/em><\/span>[:]<\/p>\n","protected":false},"excerpt":{"rendered":"<p>[:de]Ab 19 Uhr K\u00fcfa &#8211; K\u00fcche f\u00fcr Alle &#8211; Abendessen mit geretteten Lebensmitteln, gekocht von den WeddingWandlern (kommt vorher und helft beim Schnibbeln). Dazu Filme&#8230; *Wenn ihr diesen Programmpunkt mit euren Ideen und Projekten mitgestalten wollt, meldet euch bei uns \u00fcber das Formular:\u00a0AUFRUF ZUR TEILNAHME. Bei Fragen, Kommentaren und Teilnahmebest\u00e4tigungen schreibt uns per Email:emergent.berlin@gmail.com[:en]Starting at &hellip; <a href=\"https:\/\/www.emergentberlinfest.de\/index.php\/filme-und-kuefa\/\" class=\"more-link\">Continue reading <span class=\"screen-reader-text\">[:de]. . . K\u00fcfa Abendessen[:en]. . . Dinner[:]<\/span><\/a><\/p>\n","protected":false},"author":1,"featured_media":0,"parent":0,"menu_order":0,"comment_status":"open","ping_status":"open","template":"","meta":{"footnotes":""},"class_list":["post-888","page","type-page","status-publish","hentry"],"_links":{"self":[{"href":"https:\/\/www.emergentberlinfest.de\/index.php\/wp-json\/wp\/v2\/pages\/888","targetHints":{"allow":["GET"]}}],"collection":[{"href":"https:\/\/www.emergentberlinfest.de\/index.php\/wp-json\/wp\/v2\/pages"}],"about":[{"href":"https:\/\/www.emergentberlinfest.de\/index.php\/wp-json\/wp\/v2\/types\/page"}],"author":[{"embeddable":true,"href":"https:\/\/www.emergentberlinfest.de\/index.php\/wp-json\/wp\/v2\/users\/1"}],"replies":[{"embeddable":true,"href":"https:\/\/www.emergentberlinfest.de\/index.php\/wp-json\/wp\/v2\/comments?post=888"}],"version-history":[{"count":5,"href":"https:\/\/www.emergentberlinfest.de\/index.php\/wp-json\/wp\/v2\/pages\/888\/revisions"}],"predecessor-version":[{"id":1118,"href":"https:\/\/www.emergentberlinfest.de\/index.php\/wp-json\/wp\/v2\/pages\/888\/revisions\/1118"}],"wp:attachment":[{"href":"https:\/\/www.emergentberlinfest.de\/index.php\/wp-json\/wp\/v2\/media?parent=888"}],"curies":[{"name":"wp","href":"https:\/\/api.w.org\/{rel}","templated":true}]}}