{"id":939,"date":"2015-09-03T00:12:42","date_gmt":"2015-09-02T22:12:42","guid":{"rendered":"http:\/\/www.emergentberlin.de\/?page_id=939"},"modified":"2015-09-09T22:46:46","modified_gmt":"2015-09-09T20:46:46","slug":"party","status":"publish","type":"page","link":"https:\/\/www.emergentberlinfest.de\/index.php\/party\/","title":{"rendered":"[:de] . . . PARTY![:en] . . . PARTY![:tr] . . . Party![:]"},"content":{"rendered":"<p>[:de]<strong><span data-reactid=\".3m.1:$mid=11441140766436=262d147a4e856446553.2:0.0.0.0.0.0.$text0\/=1$text0\/=010\">&#8220;Die Welt retten&#8221; fetzt!<\/span><\/strong><br data-reactid=\".3m.1:$mid=11441140766436=262d147a4e856446553.2:0.0.0.0.0.0.$text0\/=1$text1\/=010\" \/><br data-reactid=\".3m.1:$mid=11441140766436=262d147a4e856446553.2:0.0.0.0.0.0.$text0\/=1$text3\/=010\" \/><\/p>\n<div><a href=\"http:\/\/www.emergentberlinfest.de\/wp-content\/uploads\/2015\/09\/Soul-Train-Dancers2_Soul-Tr1.jpg\"><img loading=\"lazy\" decoding=\"async\" class=\"alignleft size-medium wp-image-1030\" src=\"http:\/\/www.emergentberlinfest.de\/wp-content\/uploads\/2015\/09\/Soul-Train-Dancers2_Soul-Tr1-300x158.jpg\" alt=\"Soul-Train-Dancers2_Soul-Tr1\" width=\"300\" height=\"158\" srcset=\"https:\/\/www.emergentberlinfest.de\/wp-content\/uploads\/2015\/09\/Soul-Train-Dancers2_Soul-Tr1-300x158.jpg 300w, https:\/\/www.emergentberlinfest.de\/wp-content\/uploads\/2015\/09\/Soul-Train-Dancers2_Soul-Tr1-1024x539.jpg 1024w, https:\/\/www.emergentberlinfest.de\/wp-content\/uploads\/2015\/09\/Soul-Train-Dancers2_Soul-Tr1.jpg 1283w\" sizes=\"auto, (max-width: 300px) 100vw, 300px\" \/><\/a>Die diesj\u00e4hrige Emergent Berlin Party wird besonders werden\u2026 Wir werden nicht nur die gro\u00dfen Berliner Initiativen der Nachhaltigkeit feiern, die unsere Stadt besser machen, sondern auch die After Party der <a href=\"https:\/\/www.youtube.com\/watch?v=xrx3E2bWWTM\" target=\"_blank\">Silent Climate Parade<\/a> feiern!<\/div>\n<div><span style=\"color: #ffffff;\">.<\/span><\/div>\n<div>Diese Gelegenheit ruft gradezu nach etwas speziellem. Also haben wir ein Traum-Team aus DJ\u2019s und live Intrumentalk\u00fcnstlern der Improvisation zusammengestellt, damit eure K\u00f6pfe im Takt nicken, eure Herzen grooven und eure Hintern wackeln! Die einzelnen Sets werden kurz aber intensiv &#8211; alles was groovt, ist erlaubt\u2026<\/div>\n<div><span style=\"color: #ffffff;\">.<\/span><\/div>\n<p>Ort:<br data-reactid=\".3m.1:$mid=11441140766436=262d147a4e856446553.2:0.0.0.0.0.0.$end\/=1$text7\/=010\" \/><span data-reactid=\".3m.1:$mid=11441140766436=262d147a4e856446553.2:0.0.0.0.0.0.$end\/=1$text8\/=010\">Art Loft Berlin<\/span><br data-reactid=\".3m.1:$mid=11441140766436=262d147a4e856446553.2:0.0.0.0.0.0.$end\/=1$text9\/=010\" \/><span data-reactid=\".3m.1:$mid=11441140766436=262d147a4e856446553.2:0.0.0.0.0.0.$end\/=1$text10\/=010\">Gerichtstr. 23 &#8211; 3.HH EG<\/span><br data-reactid=\".3m.1:$mid=11441140766436=262d147a4e856446553.2:0.0.0.0.0.0.$end\/=1$text11\/=010\" \/><span data-reactid=\".3m.1:$mid=11441140766436=262d147a4e856446553.2:0.0.0.0.0.0.$end\/=1$text12\/=010\">13347 Berlin<\/span><\/p>\n<p>:: <a href=\"https:\/\/www.facebook.com\/events\/1715341722029009\/\" target=\"_blank\">facebook Einladung<\/a>\u00a0::<br data-reactid=\".3m.1:$mid=11441140766436=262d147a4e856446553.2:0.0.0.0.0.0.$text0\/=1$text11\/=010\" \/><br data-reactid=\".3m.1:$mid=11441140766436=262d147a4e856446553.2:0.0.0.0.0.0.$text0\/=1$text13\/=010\" \/><span data-reactid=\".3m.1:$mid=11441140766436=262d147a4e856446553.2:0.0.0.0.0.0.$text0\/=1$text14\/=010\">9:30 &#8211;<strong><span style=\"color: #99cc00;\">\u00a0<a style=\"color: #99cc00;\" href=\"https:\/\/soundcloud.com\/addi-rogue-wave-sound\" target=\"_blank\">Addi Upfull<\/a><\/span><\/strong> (Upfull Posse \/ Berlin &amp; Paris) &#8211; reggae &amp; dub <\/span><br data-reactid=\".3m.1:$mid=11441140766436=262d147a4e856446553.2:0.0.0.0.0.0.$text0\/=1$text15\/=010\" \/><br data-reactid=\".3m.1:$mid=11441140766436=262d147a4e856446553.2:0.0.0.0.0.0.$text1\/=1$text1\/=010\" \/><span data-reactid=\".3m.1:$mid=11441140766436=262d147a4e856446553.2:0.0.0.0.0.0.$text1\/=1$text6\/=010\">11 &#8211;\u00a0<strong><span style=\"color: #99cc00;\"><a style=\"color: #99cc00;\" href=\"http:\/\/www.last.fm\/music\/dj+skizum\" target=\"_blank\">Skizum<\/a><\/span><\/strong> (Baumhaus) &#8211; groove, soul, funk, afrobeat, breaks <\/span><br data-reactid=\".3m.1:$mid=11441140766436=262d147a4e856446553.2:0.0.0.0.0.0.$text2\/=1$text1\/=010\" \/><br data-reactid=\".3m.1:$mid=11441140766436=262d147a4e856446553.2:0.0.0.0.0.0.$text2\/=1$text3\/=010\" \/><span data-reactid=\".3m.1:$mid=11441140766436=262d147a4e856446553.2:0.0.0.0.0.0.$text2\/=1$text6\/=010\">12 &#8211; <span style=\"color: #99cc00;\">Live &#8211; Emergent Sound System I<\/span> (a lush journey on the cutting edge of the present moment&#8230;)<\/span><br data-reactid=\".3m.1:$mid=11441140766436=262d147a4e856446553.2:0.0.0.0.0.0.$text2\/=1$text7\/=010\" \/><span data-reactid=\".3m.1:$mid=11441140766436=262d147a4e856446553.2:0.0.0.0.0.0.$text2\/=1$text8\/=010\">Feat:<\/span><br data-reactid=\".3m.1:$mid=11441140766436=262d147a4e856446553.2:0.0.0.0.0.0.$text2\/=1$text9\/=010\" \/><span data-reactid=\".3m.1:$mid=11441140766436=262d147a4e856446553.2:0.0.0.0.0.0.$text2\/=1$text10\/=010\"><strong><span style=\"color: #99cc00;\"><a style=\"color: #99cc00;\" href=\"https:\/\/soundcloud.com\/damien-k-sahri\" target=\"_blank\">Damien K. Sahri<\/a><\/span><\/strong> &#8211; Minimal Funky Tech <\/span><br data-reactid=\".3m.1:$mid=11441140766436=262d147a4e856446553.2:0.0.0.0.0.0.$text2\/=1$text11\/=010\" \/><span data-reactid=\".3m.1:$mid=11441140766436=262d147a4e856446553.2:0.0.0.0.0.0.$text2\/=1$text12\/=010\"><span style=\"color: #99cc00;\">Philipp Rothkirsh<\/span> &#8211; percussion &amp; Nord Lead<\/span><br data-reactid=\".3m.1:$mid=11441140766436=262d147a4e856446553.2:0.0.0.0.0.0.$text2\/=1$text13\/=010\" \/><span data-reactid=\".3m.1:$mid=11441140766436=262d147a4e856446553.2:0.0.0.0.0.0.$text2\/=1$text14\/=010\"><span style=\"color: #99cc00;\">Maestro Senol<\/span> &#8211; Turkish Kanun &amp; Clarinet<\/span><br data-reactid=\".3m.1:$mid=11441140766436=262d147a4e856446553.2:0.0.0.0.0.0.$text2\/=1$text15\/=010\" \/><span data-reactid=\".3m.1:$mid=11441140766436=262d147a4e856446553.2:0.0.0.0.0.0.$text2\/=1$text16\/=010\"><span style=\"color: #99cc00;\">Skizum<\/span> &#8211; Dub Master<\/span><br data-reactid=\".3m.1:$mid=11441140766436=262d147a4e856446553.2:0.0.0.0.0.0.$text2\/=1$text17\/=010\" \/><br data-reactid=\".3m.1:$mid=11441140766436=262d147a4e856446553.2:0.0.0.0.0.0.$text2\/=1$text19\/=010\" \/><span data-reactid=\".3m.1:$mid=11441140766436=262d147a4e856446553.2:0.0.0.0.0.0.$text2\/=1$text22\/=010\">1:30 &#8211;\u00a0<span style=\"color: #99cc00;\"><strong><a style=\"color: #99cc00;\" href=\"https:\/\/soundcloud.com\/delicutesse-soundsysteam\" target=\"_blank\">Qnoe<\/a><\/strong>\u00a0<\/span><\/span><br data-reactid=\".3m.1:$mid=11441140766436=262d147a4e856446553.2:0.0.0.0.0.0.$text2\/=1$text23\/=010\" \/>Seit zwei Jahren schon hat Qnoe das Publikum auf der Fusion mit seinen progressiven und gewaltigen Master Mixes umgehauen. Versuche, dir die fettesten Beats mit eindringlich-quirligen elektronischen T\u00f6nen verwoben vorzustellen, wie sie sich unabl\u00e4ssig in einer funky Mixtur aus der Lieblingsmusik aufschaukeln, die du in der Vergangenheit hattest, grade haste oder bald haben wirst\u2026<br data-reactid=\".3m.1:$mid=11441140766436=262d147a4e856446553.2:0.0.0.0.0.0.$text2\/=1$text25\/=010\" \/><br data-reactid=\".3m.1:$mid=11441140766436=262d147a4e856446553.2:0.0.0.0.0.0.$text3\/=1$text1\/=010\" \/><span data-reactid=\".3m.1:$mid=11441140766436=262d147a4e856446553.2:0.0.0.0.0.0.$text3\/=1$text6\/=010\">LATE SET &#8211;\u00a0<span style=\"color: #99cc00;\"><strong><a style=\"color: #99cc00;\" href=\"https:\/\/soundcloud.com\/beat-kollektiv\/3-years-wedding-soul-anniversary-mix\" target=\"_blank\">Beat Kollektiv<\/a><\/strong>\u00a0(feat. Lucky Loop &amp; Marian Tone)<\/span><\/span><br data-reactid=\".3m.1:$mid=11441140766436=262d147a4e856446553.2:0.0.0.0.0.0.$text3\/=1$text7\/=010\" \/>Falls du Funk und Soul wegen ihrers Groovs liebst, wirst du Beat Kollektiv lieben. Die S\u00f6hne Berlins haben in den letzten drei Jahren bisher regul\u00e4r das Publikum auf Parties des Panke Culture e.V. erfreut und werden jetzt f\u00fcr euch die R\u00e4ume des Art Loft Berlin mit ihren musikalischen Leckerbissen bis unter die Decke f\u00fcllen.<br data-reactid=\".3m.1:$mid=11441140766436=262d147a4e856446553.2:0.0.0.0.0.0.$text3\/=1$text9\/=010\" \/><br data-reactid=\".3m.1:$mid=11441140766436=262d147a4e856446553.2:0.0.0.0.0.0.$end\/=1$text1\/=010\" \/><br data-reactid=\".3m.1:$mid=11441140766436=262d147a4e856446553.2:0.0.0.0.0.0.$end\/=1$text3\/=010\" \/><br data-reactid=\".3m.1:$mid=11441140766436=262d147a4e856446553.2:0.0.0.0.0.0.$end\/=1$text5\/=010\" \/>[:en]<strong><span data-reactid=\".3m.1:$mid=11441140766436=262d147a4e856446553.2:0.0.0.0.0.0.$text0\/=1$text0\/=010\">Making Saving The World Groovy &amp; Fun&#8230;<\/span><\/strong><\/p>\n<p><a href=\"http:\/\/www.emergentberlinfest.de\/wp-content\/uploads\/2015\/09\/Soul-Train-Dancers2_Soul-Tr1.jpg\"><img loading=\"lazy\" decoding=\"async\" class=\"alignleft size-medium wp-image-1030\" src=\"http:\/\/www.emergentberlinfest.de\/wp-content\/uploads\/2015\/09\/Soul-Train-Dancers2_Soul-Tr1-300x158.jpg\" alt=\"Soul-Train-Dancers2_Soul-Tr1\" width=\"300\" height=\"158\" srcset=\"https:\/\/www.emergentberlinfest.de\/wp-content\/uploads\/2015\/09\/Soul-Train-Dancers2_Soul-Tr1-300x158.jpg 300w, https:\/\/www.emergentberlinfest.de\/wp-content\/uploads\/2015\/09\/Soul-Train-Dancers2_Soul-Tr1-1024x539.jpg 1024w, https:\/\/www.emergentberlinfest.de\/wp-content\/uploads\/2015\/09\/Soul-Train-Dancers2_Soul-Tr1.jpg 1283w\" sizes=\"auto, (max-width: 300px) 100vw, 300px\" \/><\/a><span data-reactid=\".3m.1:$mid=11441140766436=262d147a4e856446553.2:0.0.0.0.0.0.$text0\/=1$text4\/=010\">This year&#8217;s Emergent Berlin party will be very special&#8230; Not only will we celebrate many of the great sustainable initiatives in Berlin making our city a better place but this will also be an after party for the <a href=\"https:\/\/www.youtube.com\/watch?v=xrx3E2bWWTM\" target=\"_blank\">Silent Climate Parade<\/a> to make the world a better place!<\/span><br data-reactid=\".3m.1:$mid=11441140766436=262d147a4e856446553.2:0.0.0.0.0.0.$text0\/=1$text5\/=010\" \/><br data-reactid=\".3m.1:$mid=11441140766436=262d147a4e856446553.2:0.0.0.0.0.0.$text0\/=1$text7\/=010\" \/><span data-reactid=\".3m.1:$mid=11441140766436=262d147a4e856446553.2:0.0.0.0.0.0.$text0\/=1$text8\/=010\">Such an occasion calls for something special so we have assembled a dream team of dj&#8217;s and live instrumental improv artists to keep your head bobbin&#8217;, heart groovin&#8217; and your ass shakin&#8217;! The sets will be short but intense; anything that grooves is fair play&#8230; <\/span><\/p>\n<p><span data-reactid=\".3m.1:$mid=11441140766436=262d147a4e856446553.2:0.0.0.0.0.0.$end\/=1$text6\/=010\">Location:<\/span><br data-reactid=\".3m.1:$mid=11441140766436=262d147a4e856446553.2:0.0.0.0.0.0.$end\/=1$text7\/=010\" \/><span data-reactid=\".3m.1:$mid=11441140766436=262d147a4e856446553.2:0.0.0.0.0.0.$end\/=1$text8\/=010\">Art Loft Berlin<\/span><br data-reactid=\".3m.1:$mid=11441140766436=262d147a4e856446553.2:0.0.0.0.0.0.$end\/=1$text9\/=010\" \/><span data-reactid=\".3m.1:$mid=11441140766436=262d147a4e856446553.2:0.0.0.0.0.0.$end\/=1$text10\/=010\">Gerichtstr. 23 &#8211; 3.HH EG<\/span><br data-reactid=\".3m.1:$mid=11441140766436=262d147a4e856446553.2:0.0.0.0.0.0.$end\/=1$text11\/=010\" \/><span data-reactid=\".3m.1:$mid=11441140766436=262d147a4e856446553.2:0.0.0.0.0.0.$end\/=1$text12\/=010\">13347 Berlin<\/span><\/p>\n<p>:: <a href=\"https:\/\/www.facebook.com\/events\/1715341722029009\/\" target=\"_blank\">facebook invite<\/a> ::<br data-reactid=\".3m.1:$mid=11441140766436=262d147a4e856446553.2:0.0.0.0.0.0.$text0\/=1$text11\/=010\" \/><br data-reactid=\".3m.1:$mid=11441140766436=262d147a4e856446553.2:0.0.0.0.0.0.$text0\/=1$text13\/=010\" \/><span data-reactid=\".3m.1:$mid=11441140766436=262d147a4e856446553.2:0.0.0.0.0.0.$text0\/=1$text14\/=010\">9:30 &#8211;\u00a0<strong><span style=\"color: #99cc00;\"><a style=\"color: #99cc00;\" href=\"https:\/\/soundcloud.com\/addi-rogue-wave-sound\" target=\"_blank\">Addi Upfull<\/a><\/span><\/strong> (Upfull Posse \/ Berlin &amp; Paris) &#8211; reggae &amp; dub <\/span><br data-reactid=\".3m.1:$mid=11441140766436=262d147a4e856446553.2:0.0.0.0.0.0.$text0\/=1$text15\/=010\" \/><br data-reactid=\".3m.1:$mid=11441140766436=262d147a4e856446553.2:0.0.0.0.0.0.$text1\/=1$text1\/=010\" \/><span data-reactid=\".3m.1:$mid=11441140766436=262d147a4e856446553.2:0.0.0.0.0.0.$text1\/=1$text6\/=010\">11 &#8211;\u00a0<strong><span style=\"color: #99cc00;\"><a style=\"color: #99cc00;\" href=\"http:\/\/www.last.fm\/music\/dj+skizum\" target=\"_blank\">Skizum<\/a><\/span><\/strong> (Baumhaus) &#8211; groove, soul, funk, afrobeat, breaks <\/span><br data-reactid=\".3m.1:$mid=11441140766436=262d147a4e856446553.2:0.0.0.0.0.0.$text2\/=1$text1\/=010\" \/><br data-reactid=\".3m.1:$mid=11441140766436=262d147a4e856446553.2:0.0.0.0.0.0.$text2\/=1$text3\/=010\" \/><span data-reactid=\".3m.1:$mid=11441140766436=262d147a4e856446553.2:0.0.0.0.0.0.$text2\/=1$text6\/=010\">12 &#8211; <span style=\"color: #99cc00;\">Live &#8211; Emergent Sound System I<\/span> (a lush journey on the cutting edge of the present moment&#8230;)<\/span><br data-reactid=\".3m.1:$mid=11441140766436=262d147a4e856446553.2:0.0.0.0.0.0.$text2\/=1$text7\/=010\" \/><span data-reactid=\".3m.1:$mid=11441140766436=262d147a4e856446553.2:0.0.0.0.0.0.$text2\/=1$text8\/=010\">Feat:<\/span><br data-reactid=\".3m.1:$mid=11441140766436=262d147a4e856446553.2:0.0.0.0.0.0.$text2\/=1$text9\/=010\" \/><span data-reactid=\".3m.1:$mid=11441140766436=262d147a4e856446553.2:0.0.0.0.0.0.$text2\/=1$text10\/=010\"><strong><span style=\"color: #99cc00;\"><a style=\"color: #99cc00;\" href=\"https:\/\/soundcloud.com\/damien-k-sahri\" target=\"_blank\">Damien K. Sahri<\/a><\/span><\/strong> &#8211; Minimal Funky Tech <\/span><br data-reactid=\".3m.1:$mid=11441140766436=262d147a4e856446553.2:0.0.0.0.0.0.$text2\/=1$text11\/=010\" \/><span data-reactid=\".3m.1:$mid=11441140766436=262d147a4e856446553.2:0.0.0.0.0.0.$text2\/=1$text12\/=010\"><span style=\"color: #99cc00;\">Philipp Rothkirsh<\/span> &#8211; percussion &amp; Nord Lead<\/span><br data-reactid=\".3m.1:$mid=11441140766436=262d147a4e856446553.2:0.0.0.0.0.0.$text2\/=1$text13\/=010\" \/><span data-reactid=\".3m.1:$mid=11441140766436=262d147a4e856446553.2:0.0.0.0.0.0.$text2\/=1$text14\/=010\"><span style=\"color: #99cc00;\">Maestro Senol<\/span> &#8211; Turkish Kanun &amp; Clarinet<\/span><br data-reactid=\".3m.1:$mid=11441140766436=262d147a4e856446553.2:0.0.0.0.0.0.$text2\/=1$text15\/=010\" \/><span data-reactid=\".3m.1:$mid=11441140766436=262d147a4e856446553.2:0.0.0.0.0.0.$text2\/=1$text16\/=010\"><span style=\"color: #99cc00;\">Skizum<\/span> &#8211; Dub Master<\/span><br data-reactid=\".3m.1:$mid=11441140766436=262d147a4e856446553.2:0.0.0.0.0.0.$text2\/=1$text17\/=010\" \/><br data-reactid=\".3m.1:$mid=11441140766436=262d147a4e856446553.2:0.0.0.0.0.0.$text2\/=1$text19\/=010\" \/><span data-reactid=\".3m.1:$mid=11441140766436=262d147a4e856446553.2:0.0.0.0.0.0.$text2\/=1$text22\/=010\">1:30 &#8211;\u00a0<strong><span style=\"color: #99cc00;\"><a style=\"color: #99cc00;\" href=\"https:\/\/soundcloud.com\/delicutesse-soundsysteam\" target=\"_blank\">Qnoe<\/a><\/span><\/strong>\u00a0<\/span><br data-reactid=\".3m.1:$mid=11441140766436=262d147a4e856446553.2:0.0.0.0.0.0.$text2\/=1$text23\/=010\" \/><span data-reactid=\".3m.1:$mid=11441140766436=262d147a4e856446553.2:0.0.0.0.0.0.$text2\/=1$text24\/=010\">For 2 years in a row Qnoe has blown away audiences at Fusion Festival with his constantly evolving and bouncing master mixes. Try to imagine the dopest beats with immersive swirling electronic tones woven together in a constantly climaxing funky mashup of all your favorite music from the present, past and very near future&#8230;<\/span><br data-reactid=\".3m.1:$mid=11441140766436=262d147a4e856446553.2:0.0.0.0.0.0.$text2\/=1$text25\/=010\" \/><br data-reactid=\".3m.1:$mid=11441140766436=262d147a4e856446553.2:0.0.0.0.0.0.$text3\/=1$text1\/=010\" \/><span data-reactid=\".3m.1:$mid=11441140766436=262d147a4e856446553.2:0.0.0.0.0.0.$text3\/=1$text6\/=010\">LATE SET &#8211;\u00a0<strong><span style=\"color: #99cc00;\"><a style=\"color: #99cc00;\" href=\"https:\/\/soundcloud.com\/beat-kollektiv\/3-years-wedding-soul-anniversary-mix\" target=\"_blank\">Beat Kollektiv<\/a>\u00a0(feat. Lucky Loop &amp; Marian Tone)<\/span><\/strong><\/span><br data-reactid=\".3m.1:$mid=11441140766436=262d147a4e856446553.2:0.0.0.0.0.0.$text3\/=1$text7\/=010\" \/><span data-reactid=\".3m.1:$mid=11441140766436=262d147a4e856446553.2:0.0.0.0.0.0.$text3\/=1$text8\/=010\">If you love funk and soul then by the transitive property of grooviness you love Beat Kollektiv&#8230; These sons of Berlin have been regular crowd pleasers at our beloved Panke Culture e.V. for over 3 years and now they will fill Art Loft Berlin with their tasty classic treats.<\/span><br data-reactid=\".3m.1:$mid=11441140766436=262d147a4e856446553.2:0.0.0.0.0.0.$text3\/=1$text9\/=010\" \/><br data-reactid=\".3m.1:$mid=11441140766436=262d147a4e856446553.2:0.0.0.0.0.0.$end\/=1$text1\/=010\" \/><br data-reactid=\".3m.1:$mid=11441140766436=262d147a4e856446553.2:0.0.0.0.0.0.$end\/=1$text3\/=010\" \/><br data-reactid=\".3m.1:$mid=11441140766436=262d147a4e856446553.2:0.0.0.0.0.0.$end\/=1$text5\/=010\" \/>[:tr]<strong><span data-reactid=\".3m.1:$mid=11441140766436=262d147a4e856446553.2:0.0.0.0.0.0.$text0\/=1$text0\/=010\">&#8220;Die Welt retten&#8221; fetzt!<\/span><\/strong><br data-reactid=\".3m.1:$mid=11441140766436=262d147a4e856446553.2:0.0.0.0.0.0.$text0\/=1$text1\/=010\" \/><br data-reactid=\".3m.1:$mid=11441140766436=262d147a4e856446553.2:0.0.0.0.0.0.$text0\/=1$text3\/=010\" \/><\/p>\n<div><a href=\"http:\/\/www.emergentberlinfest.de\/wp-content\/uploads\/2015\/09\/Soul-Train-Dancers2_Soul-Tr1.jpg\"><img loading=\"lazy\" decoding=\"async\" class=\"alignleft size-medium wp-image-1030\" src=\"http:\/\/www.emergentberlinfest.de\/wp-content\/uploads\/2015\/09\/Soul-Train-Dancers2_Soul-Tr1-300x158.jpg\" alt=\"Soul-Train-Dancers2_Soul-Tr1\" width=\"300\" height=\"158\" srcset=\"https:\/\/www.emergentberlinfest.de\/wp-content\/uploads\/2015\/09\/Soul-Train-Dancers2_Soul-Tr1-300x158.jpg 300w, https:\/\/www.emergentberlinfest.de\/wp-content\/uploads\/2015\/09\/Soul-Train-Dancers2_Soul-Tr1-1024x539.jpg 1024w, https:\/\/www.emergentberlinfest.de\/wp-content\/uploads\/2015\/09\/Soul-Train-Dancers2_Soul-Tr1.jpg 1283w\" sizes=\"auto, (max-width: 300px) 100vw, 300px\" \/><\/a>Die diesj\u00e4hrige Emergent Berlin Party wird besonders werden\u2026 Wir werden nicht nur die gro\u00dfen Berliner Initiativen der Nachhaltigkeit feiern, die unsere Stadt besser machen, sondern auch die After Party der <a href=\"https:\/\/www.youtube.com\/watch?v=xrx3E2bWWTM\" target=\"_blank\">Silent Climate Parade<\/a> feiern!<\/div>\n<div><span style=\"color: #ffffff;\">.<\/span><\/div>\n<div>Diese Gelegenheit ruft gradezu nach etwas speziellem. Also haben wir ein Traum-Team aus DJ\u2019s und live Intrumentalk\u00fcnstlern der Improvisation zusammengestellt, damit eure K\u00f6pfe im Takt nicken, eure Herzen grooven und eure Hintern wackeln! Die einzelnen Sets werden kurz aber intensiv &#8211; alles was groovt, ist erlaubt\u2026<\/div>\n<div><span style=\"color: #ffffff;\">.<\/span><\/div>\n<p>Ort:<br data-reactid=\".3m.1:$mid=11441140766436=262d147a4e856446553.2:0.0.0.0.0.0.$end\/=1$text7\/=010\" \/><span data-reactid=\".3m.1:$mid=11441140766436=262d147a4e856446553.2:0.0.0.0.0.0.$end\/=1$text8\/=010\">Art Loft Berlin<\/span><br data-reactid=\".3m.1:$mid=11441140766436=262d147a4e856446553.2:0.0.0.0.0.0.$end\/=1$text9\/=010\" \/><span data-reactid=\".3m.1:$mid=11441140766436=262d147a4e856446553.2:0.0.0.0.0.0.$end\/=1$text10\/=010\">Gerichtstr. 23 &#8211; 3.HH EG<\/span><br data-reactid=\".3m.1:$mid=11441140766436=262d147a4e856446553.2:0.0.0.0.0.0.$end\/=1$text11\/=010\" \/><span data-reactid=\".3m.1:$mid=11441140766436=262d147a4e856446553.2:0.0.0.0.0.0.$end\/=1$text12\/=010\">13347 Berlin<\/span><\/p>\n<p>:: <a href=\"https:\/\/www.facebook.com\/events\/1715341722029009\/\" target=\"_blank\">facebook Einladung<\/a>\u00a0::<br data-reactid=\".3m.1:$mid=11441140766436=262d147a4e856446553.2:0.0.0.0.0.0.$text0\/=1$text11\/=010\" \/><br data-reactid=\".3m.1:$mid=11441140766436=262d147a4e856446553.2:0.0.0.0.0.0.$text0\/=1$text13\/=010\" \/><span data-reactid=\".3m.1:$mid=11441140766436=262d147a4e856446553.2:0.0.0.0.0.0.$text0\/=1$text14\/=010\">9:30 &#8211;<strong>\u00a0<span style=\"color: #99cc00;\"><a style=\"color: #99cc00;\" href=\"https:\/\/soundcloud.com\/addi-rogue-wave-sound\" target=\"_blank\">Addi Upfull<\/a><\/span><\/strong> (Upfull Posse \/ Berlin &amp; Paris) &#8211; reggae &amp; dub <\/span><br data-reactid=\".3m.1:$mid=11441140766436=262d147a4e856446553.2:0.0.0.0.0.0.$text0\/=1$text15\/=010\" \/><br data-reactid=\".3m.1:$mid=11441140766436=262d147a4e856446553.2:0.0.0.0.0.0.$text1\/=1$text1\/=010\" \/><span data-reactid=\".3m.1:$mid=11441140766436=262d147a4e856446553.2:0.0.0.0.0.0.$text1\/=1$text6\/=010\">11 &#8211;\u00a0<span style=\"color: #99cc00;\"><strong><a style=\"color: #99cc00;\" href=\"http:\/\/www.last.fm\/music\/dj+skizum\" target=\"_blank\">Skizum<\/a><\/strong><\/span> (Baumhaus) &#8211; groove, soul, funk, afrobeat, breaks <\/span><br data-reactid=\".3m.1:$mid=11441140766436=262d147a4e856446553.2:0.0.0.0.0.0.$text2\/=1$text1\/=010\" \/><br data-reactid=\".3m.1:$mid=11441140766436=262d147a4e856446553.2:0.0.0.0.0.0.$text2\/=1$text3\/=010\" \/><span data-reactid=\".3m.1:$mid=11441140766436=262d147a4e856446553.2:0.0.0.0.0.0.$text2\/=1$text6\/=010\">12 &#8211; <span style=\"color: #99cc00;\">Live &#8211; Emergent Sound System I<\/span> (a lush journey on the cutting edge of the present moment&#8230;)<\/span><br data-reactid=\".3m.1:$mid=11441140766436=262d147a4e856446553.2:0.0.0.0.0.0.$text2\/=1$text7\/=010\" \/><span data-reactid=\".3m.1:$mid=11441140766436=262d147a4e856446553.2:0.0.0.0.0.0.$text2\/=1$text8\/=010\">Feat:<\/span><br data-reactid=\".3m.1:$mid=11441140766436=262d147a4e856446553.2:0.0.0.0.0.0.$text2\/=1$text9\/=010\" \/><span data-reactid=\".3m.1:$mid=11441140766436=262d147a4e856446553.2:0.0.0.0.0.0.$text2\/=1$text10\/=010\"><span style=\"color: #99cc00;\"><strong><a style=\"color: #99cc00;\" href=\"https:\/\/soundcloud.com\/damien-k-sahri\" target=\"_blank\">Damien K. Sarhri<\/a><\/strong><\/span> &#8211; Minimal Funky Tech <\/span><br data-reactid=\".3m.1:$mid=11441140766436=262d147a4e856446553.2:0.0.0.0.0.0.$text2\/=1$text11\/=010\" \/><span data-reactid=\".3m.1:$mid=11441140766436=262d147a4e856446553.2:0.0.0.0.0.0.$text2\/=1$text12\/=010\">Philipp Rothkirsh &#8211; percussion &amp; Nord Lead<\/span><br data-reactid=\".3m.1:$mid=11441140766436=262d147a4e856446553.2:0.0.0.0.0.0.$text2\/=1$text13\/=010\" \/><span data-reactid=\".3m.1:$mid=11441140766436=262d147a4e856446553.2:0.0.0.0.0.0.$text2\/=1$text14\/=010\">Maestro Senol &#8211; Turkish Kanun &amp; Clarinet<\/span><br data-reactid=\".3m.1:$mid=11441140766436=262d147a4e856446553.2:0.0.0.0.0.0.$text2\/=1$text15\/=010\" \/><span data-reactid=\".3m.1:$mid=11441140766436=262d147a4e856446553.2:0.0.0.0.0.0.$text2\/=1$text16\/=010\">Skizum &#8211; Dub Master<\/span><br data-reactid=\".3m.1:$mid=11441140766436=262d147a4e856446553.2:0.0.0.0.0.0.$text2\/=1$text17\/=010\" \/><br data-reactid=\".3m.1:$mid=11441140766436=262d147a4e856446553.2:0.0.0.0.0.0.$text2\/=1$text19\/=010\" \/><span data-reactid=\".3m.1:$mid=11441140766436=262d147a4e856446553.2:0.0.0.0.0.0.$text2\/=1$text22\/=010\">1:30 &#8211;\u00a0<span style=\"color: #99cc00;\"><strong><a style=\"color: #99cc00;\" href=\"https:\/\/soundcloud.com\/delicutesse-soundsysteam\" target=\"_blank\">Qnoe<\/a><\/strong><\/span>\u00a0<\/span><br data-reactid=\".3m.1:$mid=11441140766436=262d147a4e856446553.2:0.0.0.0.0.0.$text2\/=1$text23\/=010\" \/>Seit zwei Jahren schon hat Qnoe das Publikum auf der Fusion mit seinen progressiven und gewaltigen Master Mixes umgehauen. Versuche, dir die fettesten Beats mit eindringlich-quirligen elektronischen T\u00f6nen verwoben vorzustellen, wie sie sich unabl\u00e4ssig in einer funky Mixtur aus der Lieblingsmusik aufschaukeln, die du in der Vergangenheit hattest, grade haste oder bald haben wirst\u2026<br data-reactid=\".3m.1:$mid=11441140766436=262d147a4e856446553.2:0.0.0.0.0.0.$text2\/=1$text25\/=010\" \/><br data-reactid=\".3m.1:$mid=11441140766436=262d147a4e856446553.2:0.0.0.0.0.0.$text3\/=1$text1\/=010\" \/><span data-reactid=\".3m.1:$mid=11441140766436=262d147a4e856446553.2:0.0.0.0.0.0.$text3\/=1$text6\/=010\">LATE SET &#8211;\u00a0<span style=\"color: #99cc00;\"><strong><a style=\"color: #99cc00;\" href=\"https:\/\/soundcloud.com\/beat-kollektiv\/3-years-wedding-soul-anniversary-mix\" target=\"_blank\">Beat Kollektiv<\/a><\/strong>\u00a0(feat. Lucky Loop &amp; Marian Tone)<\/span><\/span><br data-reactid=\".3m.1:$mid=11441140766436=262d147a4e856446553.2:0.0.0.0.0.0.$text3\/=1$text7\/=010\" \/>Falls du Funk und Soul wegen ihrers Groovs liebst, wirst du Beat Kollektiv lieben. Die S\u00f6hne Berlins haben in den letzten drei Jahren bisher regul\u00e4r das Publikum auf Parties des Panke Culture e.V. erfreut und werden jetzt f\u00fcr euch die R\u00e4ume des Art Loft Berlin mit ihren musikalischen Leckerbissen bis unter die Decke f\u00fcllen.[:]<\/p>\n","protected":false},"excerpt":{"rendered":"<p>[:de]&#8220;Die Welt retten&#8221; fetzt! Die diesj\u00e4hrige Emergent Berlin Party wird besonders werden\u2026 Wir werden nicht nur die gro\u00dfen Berliner Initiativen der Nachhaltigkeit feiern, die unsere Stadt besser machen, sondern auch die After Party der Silent Climate Parade feiern! . Diese Gelegenheit ruft gradezu nach etwas speziellem. Also haben wir ein Traum-Team aus DJ\u2019s und live &hellip; <a href=\"https:\/\/www.emergentberlinfest.de\/index.php\/party\/\" class=\"more-link\">Continue reading <span class=\"screen-reader-text\">[:de] . . . PARTY![:en] . . . PARTY![:tr] . . . Party![:]<\/span><\/a><\/p>\n","protected":false},"author":1,"featured_media":0,"parent":0,"menu_order":0,"comment_status":"open","ping_status":"open","template":"","meta":{"footnotes":""},"class_list":["post-939","page","type-page","status-publish","hentry"],"_links":{"self":[{"href":"https:\/\/www.emergentberlinfest.de\/index.php\/wp-json\/wp\/v2\/pages\/939","targetHints":{"allow":["GET"]}}],"collection":[{"href":"https:\/\/www.emergentberlinfest.de\/index.php\/wp-json\/wp\/v2\/pages"}],"about":[{"href":"https:\/\/www.emergentberlinfest.de\/index.php\/wp-json\/wp\/v2\/types\/page"}],"author":[{"embeddable":true,"href":"https:\/\/www.emergentberlinfest.de\/index.php\/wp-json\/wp\/v2\/users\/1"}],"replies":[{"embeddable":true,"href":"https:\/\/www.emergentberlinfest.de\/index.php\/wp-json\/wp\/v2\/comments?post=939"}],"version-history":[{"count":13,"href":"https:\/\/www.emergentberlinfest.de\/index.php\/wp-json\/wp\/v2\/pages\/939\/revisions"}],"predecessor-version":[{"id":1190,"href":"https:\/\/www.emergentberlinfest.de\/index.php\/wp-json\/wp\/v2\/pages\/939\/revisions\/1190"}],"wp:attachment":[{"href":"https:\/\/www.emergentberlinfest.de\/index.php\/wp-json\/wp\/v2\/media?parent=939"}],"curies":[{"name":"wp","href":"https:\/\/api.w.org\/{rel}","templated":true}]}}