{"id":96,"date":"2015-06-11T13:41:57","date_gmt":"2015-06-11T11:41:57","guid":{"rendered":"http:\/\/www.emergentberlin.de\/?page_id=96"},"modified":"2015-07-12T17:37:28","modified_gmt":"2015-07-12T15:37:28","slug":"sonstiges","status":"publish","type":"page","link":"https:\/\/www.emergentberlinfest.de\/index.php\/program\/sonstiges\/","title":{"rendered":"[:de]SONSTIGES[:en]- Other Stuff[:]"},"content":{"rendered":"<p>[:de]Filmvorf\u00fchrungen, Kunst und Performances, Live-Musik, Essen, Angebote f\u00fct Kinder, Offene Gr\u00fc\u00dfzonen..[:en]Film Screenings, Art and Performances, Live Music, Essen, Stuff for kids, Open Greeting Zones&#8230;[:]<\/p>\n","protected":false},"excerpt":{"rendered":"<p>[:de]Filmvorf\u00fchrungen, Kunst und Performances, Live-Musik, Essen, Angebote f\u00fct Kinder, Offene Gr\u00fc\u00dfzonen..[:en]Film Screenings, Art and Performances, Live Music, Essen, Stuff for kids, Open Greeting Zones&#8230;[:]<\/p>\n","protected":false},"author":1,"featured_media":0,"parent":4,"menu_order":0,"comment_status":"closed","ping_status":"open","template":"","meta":{"footnotes":""},"class_list":["post-96","page","type-page","status-publish","hentry"],"_links":{"self":[{"href":"https:\/\/www.emergentberlinfest.de\/index.php\/wp-json\/wp\/v2\/pages\/96","targetHints":{"allow":["GET"]}}],"collection":[{"href":"https:\/\/www.emergentberlinfest.de\/index.php\/wp-json\/wp\/v2\/pages"}],"about":[{"href":"https:\/\/www.emergentberlinfest.de\/index.php\/wp-json\/wp\/v2\/types\/page"}],"author":[{"embeddable":true,"href":"https:\/\/www.emergentberlinfest.de\/index.php\/wp-json\/wp\/v2\/users\/1"}],"replies":[{"embeddable":true,"href":"https:\/\/www.emergentberlinfest.de\/index.php\/wp-json\/wp\/v2\/comments?post=96"}],"version-history":[{"count":7,"href":"https:\/\/www.emergentberlinfest.de\/index.php\/wp-json\/wp\/v2\/pages\/96\/revisions"}],"predecessor-version":[{"id":273,"href":"https:\/\/www.emergentberlinfest.de\/index.php\/wp-json\/wp\/v2\/pages\/96\/revisions\/273"}],"up":[{"embeddable":true,"href":"https:\/\/www.emergentberlinfest.de\/index.php\/wp-json\/wp\/v2\/pages\/4"}],"wp:attachment":[{"href":"https:\/\/www.emergentberlinfest.de\/index.php\/wp-json\/wp\/v2\/media?parent=96"}],"curies":[{"name":"wp","href":"https:\/\/api.w.org\/{rel}","templated":true}]}}